{"id":1796,"date":"2021-01-28T08:47:17","date_gmt":"2021-01-28T08:47:17","guid":{"rendered":"https:\/\/icoi-staging.avnnsolutions.com\/?page_id=1796"},"modified":"2025-05-30T14:53:25","modified_gmt":"2025-05-30T14:53:25","slug":"project-director-and-manager","status":"publish","type":"page","link":"https:\/\/icoi.ca\/fr\/project-director-and-manager\/","title":{"rendered":"Directrice de projet et gestionnaire de projet"},"content":{"rendered":"<div class=\"icoi-team white-block profile text-align wp-block-group alignfull\"><div class=\"wp-block-group__inner-container is-layout-flow wp-block-group-is-layout-flow\">\n<div class=\"wp-block-columns alignfull is-layout-flex wp-container-core-columns-is-layout-9d6595d7 wp-block-columns-is-layout-flex\">\n<div class=\"wp-block-column is-layout-flow wp-block-column-is-layout-flow\"><div class=\"wp-block-image\">\n<figure class=\"alignleft size-large is-resized\"><img decoding=\"async\" width=\"265\" height=\"318\" loading=\"lazy\" src=\"https:\/\/icoi-staging.avnnsolutions.com\/wp-content\/uploads\/2021\/01\/1.png\" alt=\"\" class=\"wp-image-1954\" style=\"width:133px;height:159px\" srcset=\"https:\/\/icoi.ca\/wp-content\/uploads\/2021\/01\/1.png 265w, https:\/\/icoi.ca\/wp-content\/uploads\/2021\/01\/1-250x300.png 250w\" sizes=\"auto, (max-width: 265px) 100vw, 265px\" \/><\/figure>\n<\/div>\n\n\n<p class=\"p-b\"><strong><strong>Sepali Guruge,&nbsp;Toronto Metropolitan University<\/strong><\/strong><\/p>\n\n\n\n<p class=\"\"><\/p>\n\n\n\n<p class=\"\"><strong><em><strong>Directrice de projet<\/strong><\/em><\/strong><\/p>\n\n\n\n<p class=\"p-b\">Sepali Guruge est professeure titulaire \u00e0 l\u2019\u00c9cole des sciences infirmi\u00e8res Daphne Cockwell. Au cours des 25 derni\u00e8res ann\u00e9es, Sepali a fait preuve d\u2019un engagement ind\u00e9fectible \u00e0 accro\u00eetre la visibilit\u00e9 et \u00e0 mettre en valeur la r\u00e9silience des populations marginalis\u00e9es. Son programme de recherche porte sur la sant\u00e9 des immigrants, avec une attention particuli\u00e8re aux intersections complexes entre la sant\u00e9, l\u2019immigration, le genre, la violence et le vieillissement. Elle a dirig\u00e9 des projets connexes dans plusieurs pays.<\/p>\n<\/div>\n<\/div>\n\n\n\n<div class=\"wp-block-group is-nowrap is-layout-flex wp-container-core-group-is-layout-ad2f72ca wp-block-group-is-layout-flex\"><\/div>\n\n\n\n<div class=\"wp-block-columns alignfull is-layout-flex wp-container-core-columns-is-layout-9d6595d7 wp-block-columns-is-layout-flex\">\n<div class=\"wp-block-column is-layout-flow wp-block-column-is-layout-flow\">\n<p class=\"\"><\/p>\n\n\n\n<figure class=\"wp-block-image alignleft size-large is-resized\">\n  <img decoding=\"async\" width=\"753\" height=\"1024\" loading=\"lazy\" \n    src=\"https:\/\/icoi.ca\/wp-content\/uploads\/2024\/11\/Screen-Shot-2024-11-11-at-10.43.46-AM-753x1024.png\" \n    alt=\"\" \n    class=\"wp-image-3909\" \n    style=\"width:217px;height:auto;margin-bottom:90px;\"\n srcset=\"https:\/\/icoi.ca\/wp-content\/uploads\/2024\/11\/Screen-Shot-2024-11-11-at-10.43.46-AM-753x1024.png 753w, https:\/\/icoi.ca\/wp-content\/uploads\/2024\/11\/Screen-Shot-2024-11-11-at-10.43.46-AM-221x300.png 221w, https:\/\/icoi.ca\/wp-content\/uploads\/2024\/11\/Screen-Shot-2024-11-11-at-10.43.46-AM-768x1045.png 768w, https:\/\/icoi.ca\/wp-content\/uploads\/2024\/11\/Screen-Shot-2024-11-11-at-10.43.46-AM-1129x1536.png 1129w, https:\/\/icoi.ca\/wp-content\/uploads\/2024\/11\/Screen-Shot-2024-11-11-at-10.43.46-AM-9x12.png 9w, https:\/\/icoi.ca\/wp-content\/uploads\/2024\/11\/Screen-Shot-2024-11-11-at-10.43.46-AM-1200x1632.png 1200w, https:\/\/icoi.ca\/wp-content\/uploads\/2024\/11\/Screen-Shot-2024-11-11-at-10.43.46-AM.png 1338w\" sizes=\"auto, (max-width: 753px) 100vw, 753px\" \/>\n<\/figure>\n\n\n\n<p class=\"\"><strong><strong>Kaveenaa Chandrasekaran,\u00a0Toronto Metropolitan University<\/strong><\/strong><\/p>\n\n\n\n<p class=\"\"><strong><em><strong>Gestionnaire de projet<\/strong><\/em><\/strong><\/p>\n\n\n\n<p class=\"\">Kaveenaa Chandrasekaran est infirmi\u00e8re autoris\u00e9e avec diverses exp\u00e9riences dans diff\u00e9rents milieux de soins, y compris les soins aigus, la m\u00e9decine d'urgence, la g\u00e9riatrie, la r\u00e9adaptation et la sant\u00e9 communautaire. Au-del\u00e0 de ses responsabilit\u00e9s cliniques, Kaveenaa s'engage \u00e0 soutenir les \u00e9tudiants en soins infirmiers, les nouveaux dipl\u00f4m\u00e9s et les infirmiers form\u00e9s \u00e0 l'international dans le milieu de soins. En 2024, Kaveenaa a obtenu sa ma\u00eetrise en sciences infirmi\u00e8res de l'Universit\u00e9 m\u00e9tropolitaine de Toronto. Sa th\u00e8se a examin\u00e9 les r\u00e9percussions de l'isolement social et de la solitude sur la sant\u00e9 des personnes \u00e2g\u00e9es pendant la pand\u00e9mie de COVID-19, mettant en lumi\u00e8re des enjeux critiques qui ont \u00e9merg\u00e9 dans les soins de sant\u00e9 contemporains. \n\nKaveenaa a particip\u00e9 activement \u00e0 divers projets et initiatives de recherche ax\u00e9s sur l'int\u00e9gration de l'\u00e9ducation autochtone dans le programme de baccalaur\u00e9at en sciences infirmi\u00e8res. \n\nDe plus, elle a contribu\u00e9 aux efforts de pr\u00e9vention du suicide au sein de la communaut\u00e9 tamoule sri-lankaise, abordant des enjeux critiques de sant\u00e9 mentale et promouvant la sensibilisation et et le soutien.<\/p>\n\n\n\n<p class=\"\"><\/p>\n\n\n\n<p class=\"\"><\/p>\n<\/div>\n<\/div>\n<\/div><\/div>\n\n\n\n<p class=\"\"><\/p>\n\n\n\n<p class=\"\"><\/p>","protected":false},"excerpt":{"rendered":"<p>Sepali Guruge,&nbsp;Toronto Metropolitan University Project Director Sepali Guruge is a Full Professor in the Daphne Cockwell School of Nursing. For the past 25 years, Sepali has demonstrated a solid commitment to increasing the visibility and highlighting the resiliency of marginalized populations. Her program of research focuses on immigrant health, with particular attention to the complex [&hellip;]<\/p>","protected":false},"author":1,"featured_media":0,"parent":0,"menu_order":0,"comment_status":"closed","ping_status":"closed","template":"","meta":{"nf_dc_page":"","sfsi_plus_gutenberg_text_before_share":"","sfsi_plus_gutenberg_show_text_before_share":"","sfsi_plus_gutenberg_icon_type":"","sfsi_plus_gutenberg_icon_alignemt":"","sfsi_plus_gutenburg_max_per_row":"","footnotes":"","_links_to":"","_links_to_target":""},"class_list":["post-1796","page","type-page","status-publish","hentry"],"_links":{"self":[{"href":"https:\/\/icoi.ca\/fr\/wp-json\/wp\/v2\/pages\/1796","targetHints":{"allow":["GET"]}}],"collection":[{"href":"https:\/\/icoi.ca\/fr\/wp-json\/wp\/v2\/pages"}],"about":[{"href":"https:\/\/icoi.ca\/fr\/wp-json\/wp\/v2\/types\/page"}],"author":[{"embeddable":true,"href":"https:\/\/icoi.ca\/fr\/wp-json\/wp\/v2\/users\/1"}],"replies":[{"embeddable":true,"href":"https:\/\/icoi.ca\/fr\/wp-json\/wp\/v2\/comments?post=1796"}],"version-history":[{"count":17,"href":"https:\/\/icoi.ca\/fr\/wp-json\/wp\/v2\/pages\/1796\/revisions"}],"predecessor-version":[{"id":4230,"href":"https:\/\/icoi.ca\/fr\/wp-json\/wp\/v2\/pages\/1796\/revisions\/4230"}],"wp:attachment":[{"href":"https:\/\/icoi.ca\/fr\/wp-json\/wp\/v2\/media?parent=1796"}],"curies":[{"name":"wp","href":"https:\/\/api.w.org\/{rel}","templated":true}]}}