{"id":1805,"date":"2021-01-28T08:59:45","date_gmt":"2021-01-28T08:59:45","guid":{"rendered":"https:\/\/icoi-staging.avnnsolutions.com\/?page_id=1805"},"modified":"2026-03-24T21:58:46","modified_gmt":"2026-03-24T21:58:46","slug":"research-streams","status":"publish","type":"page","link":"https:\/\/icoi.ca\/fr\/research-streams\/","title":{"rendered":"Volets de recherche"},"content":{"rendered":"<div class=\"icoi-team white-block profile wp-block-group alignfull\"><div class=\"wp-block-group__inner-container is-layout-flow wp-block-group-is-layout-flow\">\n<div class=\"wp-block-columns alignfull is-layout-flex wp-container-core-columns-is-layout-9d6595d7 wp-block-columns-is-layout-flex\">\n<div class=\"mb-0 wp-block-column is-layout-flow wp-block-column-is-layout-flow\">\n<h2 class=\"mb-0 wp-block-heading has-text-align-center\">Responsables des volets de recherche<\/h2>\n\n\n\n<p class=\"\"><\/p>\n<\/div>\n<\/div>\n\n\n\n<div class=\"wp-block-columns alignfull is-layout-flex wp-container-core-columns-is-layout-9d6595d7 wp-block-columns-is-layout-flex\">\n<div class=\"m-r2 wp-block-column is-layout-flow wp-block-column-is-layout-flow\" style=\"flex-basis:25%\">\n<h5 class=\"wp-block-heading\"><strong>Inclusion sociale<\/strong><\/h5>\n\n\n<div class=\"wp-block-image mt-0 m-2 is-resized\">\n<figure class=\"alignleft size-large\"><img decoding=\"async\" width=\"265\" height=\"318\" loading=\"lazy\" src=\"https:\/\/icoi-staging.avnnsolutions.com\/wp-content\/uploads\/2021\/02\/Jill-Hanley-1.jpg\" alt=\"\" class=\"wp-image-2815\" srcset=\"https:\/\/icoi.ca\/wp-content\/uploads\/2021\/02\/Jill-Hanley-1.jpg 265w, https:\/\/icoi.ca\/wp-content\/uploads\/2021\/02\/Jill-Hanley-1-250x300.jpg 250w\" sizes=\"auto, (max-width: 265px) 100vw, 265px\" \/><\/figure>\n<\/div>\n\n\n<p class=\"\"><strong>Jill Hanley, Universit\u00e9 McGill<\/strong><\/p>\n\n\n\n<p class=\"text-align p-b\">Jill Hanley est professeure agr\u00e9g\u00e9e \u00e0 l'\u00c9cole de travail social et directrice scientifique de l'Institut de recherche Sherpa sur la migration, la sant\u00e9 et les services sociaux. Les travaux de Jill se concentrent sur la r\u00e9duction des \u00e9carts entre les politiques et les pratiques concernant les droits sociaux des populations migrantes. Jill dirigera le volet de recherche sur l'inclusion sociale de l'ICOI.<\/p>\n\n\n\n<p class=\"text-align\"><a href=\"https:\/\/www.mcgill.ca\/socialwork\/about\/people\/faculty\/hanley\" target=\"_blank\" rel=\"noreferrer noopener\">Lire la biographie compl\u00e8te<\/a><\/p>\n<\/div>\n\n\n\n<div class=\"m-r2 wp-block-column is-layout-flow wp-block-column-is-layout-flow\" style=\"flex-basis:25%\">\n<h5 class=\"wp-block-heading\"><strong>Inclusion g\u00e9ospatiale<\/strong><\/h5>\n\n\n<div class=\"wp-block-image mt-0 m-2 is-resized\">\n<figure class=\"alignleft size-full\"><img decoding=\"async\" width=\"574\" height=\"774\" loading=\"lazy\" src=\"https:\/\/icoi.ca\/wp-content\/uploads\/2026\/03\/Screen-Shot-2026-03-23-at-1.29.51-PM.png\" alt=\"\" class=\"wp-image-4388\" srcset=\"https:\/\/icoi.ca\/wp-content\/uploads\/2026\/03\/Screen-Shot-2026-03-23-at-1.29.51-PM.png 574w, https:\/\/icoi.ca\/wp-content\/uploads\/2026\/03\/Screen-Shot-2026-03-23-at-1.29.51-PM-222x300.png 222w, https:\/\/icoi.ca\/wp-content\/uploads\/2026\/03\/Screen-Shot-2026-03-23-at-1.29.51-PM-9x12.png 9w\" sizes=\"auto, (max-width: 574px) 100vw, 574px\" \/><\/figure>\n<\/div>\n\n\n<p class=\"\"><strong>Zhixi C. Zhuang, Universit\u00e9 m\u00e9tropolitaine de Toronto<\/strong><\/p>\n\n\n\n<p class=\"text-align p-b\">La Dre Zhixi Zhuang (MCIP, RPP) est professeure associ\u00e9e \u00e0 l'\u00c9cole d'urbanisme et d'am\u00e9nagement r\u00e9gional de l'Universit\u00e9 m\u00e9tropolitaine de Toronto. En tant que directrice acad\u00e9mique du Centre pour l'immigration et l'\u00e9tablissement de Toronto M\u00e9tropolitain et fondatrice et directrice de DiverCityLab (www.divercitylab.com), ses recherches explorent l'intersection de l'\u00e9tablissement des immigrants, des paysages urbains et des politiques municipales sur des sujets li\u00e9s \u00e0 la cr\u00e9ation de communaut\u00e9s accueillantes, \u00e0 l'entrepreneuriat des immigrants et \u00e0 l'am\u00e9nagement du territoire, ainsi qu'\u00e0 la migration et \u00e0 la transformation des banlieues. Lire la biographie compl\u00e8te<a href=\"http:\/\/www.divercitylab.com\/\">www.divercitylab.com<\/a>), her research explores the intersection of immigrant settlement, urban landscapes, and municipal policies in topics related to building welcoming communities, immigrant entrepreneurship and place-making, and migration and suburban transformation.<\/p>\n\n\n\n<p class=\"text-align\"><a href=\"https:\/\/www.torontomu.ca\/school-of-urban-and-regional-planning\/about\/people\/faculty\/zhixi-zhuang\/\" target=\"_blank\" rel=\"noreferrer noopener\">Lire la biographie compl\u00e8te<\/a><\/p>\n<\/div>\n\n\n\n<div class=\"m-r2 wp-block-column is-layout-flow wp-block-column-is-layout-flow\" style=\"flex-basis:25%\">\n<h5 class=\"wp-block-heading\"><strong>Inclusion politique<\/strong><\/h5>\n\n\n<div class=\"wp-block-image mt-0 m-2 is-resized\">\n<figure class=\"alignleft size-large\"><img decoding=\"async\" width=\"265\" height=\"318\" loading=\"lazy\" src=\"https:\/\/icoi-staging.avnnsolutions.com\/wp-content\/uploads\/2021\/01\/10.png\" alt=\"\" class=\"wp-image-1978\" srcset=\"https:\/\/icoi.ca\/wp-content\/uploads\/2021\/01\/10.png 265w, https:\/\/icoi.ca\/wp-content\/uploads\/2021\/01\/10-250x300.png 250w\" sizes=\"auto, (max-width: 265px) 100vw, 265px\" \/><\/figure>\n<\/div>\n\n\n<p class=\"\"><strong>Sandeep Agrawal, Universit\u00e9 de l\u2019Alberta<\/strong><\/p>\n\n\n\n<p class=\"text-align p-b\">Sandeep Agrawal est professeur titulaire et directeur de la School of Urban and Regional Planning et pr\u00e9sident associ\u00e9 de la Facult\u00e9 des sciences, des sciences de la Terre et de l\u2019atmosph\u00e8re. Sandeep est un urbaniste dont les int\u00e9r\u00eats de recherche portent sur l\u2019am\u00e9nagement du territoire et la conception, la planification internationale, le multiculturalisme et les droits de la personne, et la politique de planification. Il dirigera le volet de recherche sur l\u2019inclusion politique de CIIA.<\/p>\n\n\n\n<p class=\"text-align\"><a href=\"https:\/\/apps.ualberta.ca\/directory\/person\/sagrawal\" target=\"_blank\" rel=\"noreferrer noopener\">Lire la biographie compl\u00e8te<\/a><\/p>\n<\/div>\n\n\n\n<div class=\"wp-block-column is-layout-flow wp-block-column-is-layout-flow\" style=\"flex-basis:25%\">\n<h5 class=\"wp-block-heading\"><strong>Inclusion \u00e9conomique<\/strong><\/h5>\n\n\n<div class=\"wp-block-image mt-0 m-2 is-resized\">\n<figure class=\"alignleft size-large\"><img decoding=\"async\" width=\"265\" height=\"318\" loading=\"lazy\" src=\"https:\/\/icoi-staging.avnnsolutions.com\/wp-content\/uploads\/2021\/01\/9.png\" alt=\"\" class=\"wp-image-1977\" srcset=\"https:\/\/icoi.ca\/wp-content\/uploads\/2021\/01\/9.png 265w, https:\/\/icoi.ca\/wp-content\/uploads\/2021\/01\/9-250x300.png 250w\" sizes=\"auto, (max-width: 265px) 100vw, 265px\" \/><\/figure>\n<\/div>\n\n\n<p class=\"\"><strong>John Shields, Universit\u00e9 m\u00e9tropolitaine de Toronto<\/strong><\/p>\n\n\n\n<p class=\"text-align p-b\">John Shields est professeur titulaire depuis plusieurs ann\u00e9es, avec plus de vingt-cinq ans d'exp\u00e9rience en enseignement et en recherche universitaire dans les domaines de l'administration publique et des politiques publiques, de la politique canadienne, de l'\u00e9conomie politique du march\u00e9 du travail et de l'\u00c9tat-providence. John est \u00e9galement membre de l'\u00c9cole des \u00e9tudes sup\u00e9rieures Yeates \u00e0 l'UMT. John dirigera l'axe de recherche sur l'inclusion \u00e9conomique de l'ICOI.\nLire la biographie compl\u00e8te<\/p>\n\n\n\n<p class=\"text-align\"><a href=\"https:\/\/www.torontomu.ca\/politics\/people\/professors-emeriti\/shields-john\/\" target=\"_blank\" rel=\"noreferrer noopener\">Lire la biographie compl\u00e8te<\/a><\/p>\n<\/div>\n<\/div>\n\n\n\n<h2 class=\"wp-block-heading has-text-align-center\"><\/h2>\n<\/div><\/div>\n\n\n\n<p class=\"\"><\/p>","protected":false},"excerpt":{"rendered":"<p>Research Stream Leads Social Inclusion Jill Hanley, McGill University Jill Hanley is an Associate Professor in the School of Social Work and Scientific Director of the Sherpa Research Institute on Migration, Health and Social Services. Jill&#8217;s work focuses on closing the gaps between policies and practice concerning the social rights of migrant populations. Jill will [&hellip;]<\/p>","protected":false},"author":1,"featured_media":0,"parent":0,"menu_order":0,"comment_status":"closed","ping_status":"closed","template":"","meta":{"nf_dc_page":"","sfsi_plus_gutenberg_text_before_share":"","sfsi_plus_gutenberg_show_text_before_share":"","sfsi_plus_gutenberg_icon_type":"","sfsi_plus_gutenberg_icon_alignemt":"","sfsi_plus_gutenburg_max_per_row":"","footnotes":"","_links_to":"","_links_to_target":""},"class_list":["post-1805","page","type-page","status-publish","hentry"],"_links":{"self":[{"href":"https:\/\/icoi.ca\/fr\/wp-json\/wp\/v2\/pages\/1805","targetHints":{"allow":["GET"]}}],"collection":[{"href":"https:\/\/icoi.ca\/fr\/wp-json\/wp\/v2\/pages"}],"about":[{"href":"https:\/\/icoi.ca\/fr\/wp-json\/wp\/v2\/types\/page"}],"author":[{"embeddable":true,"href":"https:\/\/icoi.ca\/fr\/wp-json\/wp\/v2\/users\/1"}],"replies":[{"embeddable":true,"href":"https:\/\/icoi.ca\/fr\/wp-json\/wp\/v2\/comments?post=1805"}],"version-history":[{"count":8,"href":"https:\/\/icoi.ca\/fr\/wp-json\/wp\/v2\/pages\/1805\/revisions"}],"predecessor-version":[{"id":4422,"href":"https:\/\/icoi.ca\/fr\/wp-json\/wp\/v2\/pages\/1805\/revisions\/4422"}],"wp:attachment":[{"href":"https:\/\/icoi.ca\/fr\/wp-json\/wp\/v2\/media?parent=1805"}],"curies":[{"name":"wp","href":"https:\/\/api.w.org\/{rel}","templated":true}]}}