{"id":1814,"date":"2021-01-28T09:16:03","date_gmt":"2021-01-28T09:16:03","guid":{"rendered":"https:\/\/icoi-staging.avnnsolutions.com\/?page_id=1814"},"modified":"2025-05-29T16:33:46","modified_gmt":"2025-05-29T16:33:46","slug":"support-committees","status":"publish","type":"page","link":"https:\/\/icoi.ca\/fr\/support-committees\/","title":{"rendered":"Comit\u00e9s de soutien"},"content":{"rendered":"<div class=\"icoi-team white-block profile wp-block-group alignfull\"><div class=\"wp-block-group__inner-container is-layout-flow wp-block-group-is-layout-flow\">\n<div class=\"wp-block-columns alignfull is-layout-flex wp-container-core-columns-is-layout-9d6595d7 wp-block-columns-is-layout-flex\">\n<div class=\"wp-block-column is-layout-flow wp-block-column-is-layout-flow\">\n<h2 class=\"wp-block-heading has-text-align-center\">Responsables des comit\u00e9s de soutien<\/h2>\n<\/div>\n<\/div>\n\n\n\n<div class=\"wp-block-columns alignfull is-layout-flex wp-container-core-columns-is-layout-9d6595d7 wp-block-columns-is-layout-flex\">\n<div class=\"m-r2 wp-block-column is-layout-flow wp-block-column-is-layout-flow\" style=\"flex-basis:33.3%\">\n<h5 class=\"wp-block-heading\">Donn\u00e9es, conception et \u00e9valuation<\/h5>\n\n\n<div class=\"wp-block-image mt-0 m-2 is-resized\">\n<figure class=\"alignleft size-large\"><img decoding=\"async\" width=\"265\" height=\"318\" loading=\"lazy\" src=\"https:\/\/icoi-staging.avnnsolutions.com\/wp-content\/uploads\/2021\/01\/6.png\" alt=\"\" class=\"wp-image-1971\" srcset=\"https:\/\/icoi.ca\/wp-content\/uploads\/2021\/01\/6.png 265w, https:\/\/icoi.ca\/wp-content\/uploads\/2021\/01\/6-250x300.png 250w\" sizes=\"auto, (max-width: 265px) 100vw, 265px\" \/><\/figure>\n<\/div>\n\n\n<p class=\"\"><strong>Souraya Sidani , Ryerson University<\/strong><\/p>\n\n\n\n<p class=\"text-align p-b\">Souraya Sidani est professeure titulaire \u00e0 l\u2019\u00c9cole des sciences infirmi\u00e8res Daphne Cockwell et chaire de recherche du Canada en conception et \u00e9valuation des interventions en sant\u00e9. Ses domaines d\u2019expertise sont les m\u00e9thodes de recherche quantitative, la conception et l\u2019\u00e9valuation d\u2019interventions et la mesure. Les int\u00e9r\u00eats de recherche de Souraya portent sur l\u2019\u00e9valuation des interventions et des r\u00f4les de pratique avanc\u00e9e, sur l\u2019examen des traitements pr\u00e9f\u00e9r\u00e9s par les patients et sur le perfectionnement des m\u00e9thodes de recherche et des mesures permettant de d\u00e9terminer l\u2019efficacit\u00e9 clinique des interventions.&nbsp;<\/p>\n\n\n\n<p class=\"text-align\"><a href=\"https:\/\/torontomuresearch.kosmos.expertisefinder.com\/souraya-sidani\" target=\"_blank\" rel=\"noreferrer noopener\">Lire la biographie compl\u00e8te<\/a><\/p>\n\n\n\n<p class=\"\"><\/p>\n<\/div>\n\n\n\n<div class=\"m-r2 wp-block-column is-layout-flow wp-block-column-is-layout-flow\">\n<h5 class=\"wp-block-heading\">\u00c9ducation et formation<strong> <\/strong><\/h5>\n\n\n<div class=\"wp-block-image mt-0 m-2 is-resized\">\n<figure class=\"alignleft size-large\"><img decoding=\"async\" width=\"265\" height=\"318\" loading=\"lazy\" src=\"https:\/\/icoi-staging.avnnsolutions.com\/wp-content\/uploads\/2021\/01\/10.png\" alt=\"\" class=\"wp-image-1978\" srcset=\"https:\/\/icoi.ca\/wp-content\/uploads\/2021\/01\/10.png 265w, https:\/\/icoi.ca\/wp-content\/uploads\/2021\/01\/10-250x300.png 250w\" sizes=\"auto, (max-width: 265px) 100vw, 265px\" \/><\/figure>\n<\/div>\n\n\n<p class=\"\"><strong>Sandeep Agrawal, Universit\u00e9 de l\u2019Alberta<\/strong><\/p>\n\n\n\n<p class=\"text-align p-b\">Sandeep Agrawal est professeur titulaire et directeur de la School of Urban and Regional Planning et pr\u00e9sident associ\u00e9 de la Facult\u00e9 des sciences, des sciences de la Terre et de l\u2019atmosph\u00e8re. Sandeep est un urbaniste dont les int\u00e9r\u00eats de recherche portent sur l\u2019am\u00e9nagement du territoire et la conception, la planification internationale, le multiculturalisme et les droits de la personne, et la politique de planification. Il dirigera le volet de recherche sur l\u2019inclusion politique de CIIA. <\/p>\n\n\n\n<p class=\"text-align\"><a href=\"https:\/\/apps.ualberta.ca\/directory\/person\/sagrawal\" target=\"_blank\" rel=\"noreferrer noopener\">Lire la biographie compl\u00e8te<\/a><\/p>\n<\/div>\n\n\n\n<div class=\"wp-block-column is-layout-flow wp-block-column-is-layout-flow\">\n<h5 class=\"wp-block-heading\">Mobilisation des connaissances et politique<\/h5>\n\n\n<div class=\"wp-block-image mt-0 m-2 is-resized\">\n<figure class=\"alignleft size-large\"><img decoding=\"async\" width=\"265\" height=\"318\" loading=\"lazy\" src=\"https:\/\/icoi-staging.avnnsolutions.com\/wp-content\/uploads\/2021\/01\/1.png\" alt=\"\" class=\"wp-image-1954\" srcset=\"https:\/\/icoi.ca\/wp-content\/uploads\/2021\/01\/1.png 265w, https:\/\/icoi.ca\/wp-content\/uploads\/2021\/01\/1-250x300.png 250w\" sizes=\"auto, (max-width: 265px) 100vw, 265px\" \/><\/figure>\n<\/div>\n\n\n<p class=\"\"><strong>Sepali Guruge, Toronto Metropolitan University<\/strong><\/p>\n\n\n\n<p class=\"text-align p-b\">Sepali Guruge est professeure titulaire \u00e0 l\u2019\u00c9cole des sciences infirmi\u00e8res Daphne Cockwell. Au cours des 25 derni\u00e8res ann\u00e9es, Sepali a fait preuve d\u2019un engagement ind\u00e9fectible \u00e0 accro\u00eetre la visibilit\u00e9 et \u00e0 mettre en valeur la r\u00e9silience des populations marginalis\u00e9es. Son programme de recherche porte sur la sant\u00e9 des immigrants, avec une attention particuli\u00e8re aux intersections complexes entre la sant\u00e9, l\u2019immigration, le genre, la violence et le vieillissement. Elle a dirig\u00e9 des projets connexes dans plusieurs pays. <\/p>\n\n\n\n<p class=\"text-align\"><a href=\"https:\/\/www.immigranthealthresearch.com\/\" data-type=\"URL\" data-id=\"https:\/\/www.immigranthealthresearch.com\/\" target=\"_blank\" rel=\"noreferrer noopener\">Lire la biographie compl\u00e8te<\/a><\/p>\n\n\n\n<p class=\"\"><\/p>\n<\/div>\n<\/div>\n\n\n\n<h2 class=\"wp-block-heading has-text-align-center\"><\/h2>\n<\/div><\/div>","protected":false},"excerpt":{"rendered":"<p>Support Committee Leads Data, Design &amp; Evaluation Souraya Sidani, Ryerson University Souraya Sidani is a Full Professor at the Daphne Cockwell School of Nursing and Canada Research Chair in Design and Evaluation of Health Interventions. Her areas of expertise are in quantitative research methods, intervention design and evaluation, and measurement. Souraya\u2019s research interests focus on [&hellip;]<\/p>","protected":false},"author":1,"featured_media":0,"parent":0,"menu_order":0,"comment_status":"closed","ping_status":"closed","template":"","meta":{"nf_dc_page":"","sfsi_plus_gutenberg_text_before_share":"","sfsi_plus_gutenberg_show_text_before_share":"","sfsi_plus_gutenberg_icon_type":"","sfsi_plus_gutenberg_icon_alignemt":"","sfsi_plus_gutenburg_max_per_row":"","footnotes":"","_links_to":"","_links_to_target":""},"class_list":["post-1814","page","type-page","status-publish","hentry"],"_links":{"self":[{"href":"https:\/\/icoi.ca\/fr\/wp-json\/wp\/v2\/pages\/1814","targetHints":{"allow":["GET"]}}],"collection":[{"href":"https:\/\/icoi.ca\/fr\/wp-json\/wp\/v2\/pages"}],"about":[{"href":"https:\/\/icoi.ca\/fr\/wp-json\/wp\/v2\/types\/page"}],"author":[{"embeddable":true,"href":"https:\/\/icoi.ca\/fr\/wp-json\/wp\/v2\/users\/1"}],"replies":[{"embeddable":true,"href":"https:\/\/icoi.ca\/fr\/wp-json\/wp\/v2\/comments?post=1814"}],"version-history":[{"count":6,"href":"https:\/\/icoi.ca\/fr\/wp-json\/wp\/v2\/pages\/1814\/revisions"}],"predecessor-version":[{"id":4194,"href":"https:\/\/icoi.ca\/fr\/wp-json\/wp\/v2\/pages\/1814\/revisions\/4194"}],"wp:attachment":[{"href":"https:\/\/icoi.ca\/fr\/wp-json\/wp\/v2\/media?parent=1814"}],"curies":[{"name":"wp","href":"https:\/\/api.w.org\/{rel}","templated":true}]}}