{"id":1830,"date":"2021-01-28T09:30:28","date_gmt":"2021-01-28T09:30:28","guid":{"rendered":"https:\/\/icoi-staging.avnnsolutions.com\/?page_id=1830"},"modified":"2025-05-29T16:36:07","modified_gmt":"2025-05-29T16:36:07","slug":"collaborators","status":"publish","type":"page","link":"https:\/\/icoi.ca\/fr\/collaborators\/","title":{"rendered":"Collaborateurs"},"content":{"rendered":"<div class=\"icoi-team white-block profile wp-block-group alignfull\"><div class=\"wp-block-group__inner-container is-layout-flow wp-block-group-is-layout-flow\">\n<div class=\"wp-block-group\"><div class=\"wp-block-group__inner-container is-layout-flow wp-block-group-is-layout-flow\"><\/div><\/div>\n\n\n\n<div class=\"wp-block-columns alignfull is-layout-flex wp-container-core-columns-is-layout-9d6595d7 wp-block-columns-is-layout-flex\">\n<div class=\"wp-block-column is-layout-flow wp-block-column-is-layout-flow\"><div class=\"wp-block-image wp-block-image alignleft size-large is-resized\">\n<figure ><img decoding=\"async\" width=\"265\" height=\"318\" loading=\"lazy\" src=\"https:\/\/icoi-staging.avnnsolutions.com\/wp-content\/uploads\/2021\/02\/Helene-Berman.jpeg\" alt=\"\" class=\"wp-image-2813\" srcset=\"https:\/\/icoi.ca\/wp-content\/uploads\/2021\/02\/Helene-Berman.jpeg 265w, https:\/\/icoi.ca\/wp-content\/uploads\/2021\/02\/Helene-Berman-250x300.jpeg 250w\" sizes=\"auto, (max-width: 265px) 100vw, 265px\" \/><\/figure>\n<\/div>\n\n\n<p class=\"\"><strong>Helene Berman, Universit\u00e9 Western<\/strong><\/p>\n\n\n\n<p class=\"p-b text-align\">Helene Berman est infirmi\u00e8re autoris\u00e9e et professeure \u00e9m\u00e9rite \u00e0 l\u2019Universit\u00e9 Western. Elle est membre de l\u2019Acad\u00e9mie canadienne des sciences de la sant\u00e9. Sa recherche, subventionn\u00e9e par les IRSC, le CRSH et Condition f\u00e9minine Canada, porte sur les formes subtiles et explicites de la violence dans la vie des filles et des jeunes femmes. Elle a r\u00e9cemment \u00e9tendu la port\u00e9e de cette recherche aux gar\u00e7ons et aux jeunes hommes. Elle a jou\u00e9 un r\u00f4le d\u00e9terminant dans la cr\u00e9ation du Centre for Research on Health Equity and Social Inclusion. Elle en est aussi la directrice acad\u00e9mique et fondatrice, promouvant l\u2019\u00e9quit\u00e9 en mati\u00e8re de sant\u00e9 au Canada et au Rwanda.&nbsp;<\/p>\n\n\n\n<p class=\"\"><a href=\"https:\/\/gtvincubator.uwo.ca\/our-people\/\" target=\"_blank\" rel=\"noreferrer noopener\">Lire la biographie compl\u00e8te<\/a><\/p>\n<\/div>\n\n\n\n<div class=\"wp-block-column is-layout-flow wp-block-column-is-layout-flow\"><div class=\"wp-block-image wp-block-image alignleft size-large is-resized\">\n<figure ><img decoding=\"async\" width=\"265\" height=\"318\" loading=\"lazy\" src=\"https:\/\/icoi-staging.avnnsolutions.com\/wp-content\/uploads\/2021\/01\/16.png\" alt=\"\" class=\"wp-image-2015\" srcset=\"https:\/\/icoi.ca\/wp-content\/uploads\/2021\/01\/16.png 265w, https:\/\/icoi.ca\/wp-content\/uploads\/2021\/01\/16-250x300.png 250w\" sizes=\"auto, (max-width: 265px) 100vw, 265px\" \/><\/figure>\n<\/div>\n\n\n<p class=\"\"><strong>Raktim Mitra, Universit\u00e9 m\u00e9tropolitaine de Toronto<\/strong><\/p>\n\n\n\n<p class=\"p-b text-align\">Raktim Mitra est professeur associ\u00e9 \u00e0 l'\u00c9cole d'urbanisme et d'am\u00e9nagement r\u00e9gional de l'Universit\u00e9 m\u00e9tropolitaine de Toronto et codirecteur de TransForm, le laboratoire de recherche sur la planification des transports et de l'utilisation des sols \u00e0 l'UMT. Ses int\u00e9r\u00eats de recherche se concentrent sur le mode de vie actif et les communaut\u00e9s en sant\u00e9. Raktim a publi\u00e9 largement sur les sujets de la marchabilit\u00e9 en banlieue, de l'accessibilit\u00e9 aux transports et du bien-\u00eatre des personnes \u00e2g\u00e9es.&nbsp;<\/p>\n\n\n\n<p class=\"\"><a href=\"https:\/\/www.ryerson.ca\/school-of-urban-and-regional-planning\/about\/people\/faculty\/raktim-mitra\/\" target=\"_blank\" rel=\"noreferrer noopener\">Lire la biographie compl\u00e8te<\/a><\/p>\n<\/div>\n<\/div>\n\n\n\n<div class=\"wp-block-group\"><div class=\"wp-block-group__inner-container is-layout-flow wp-block-group-is-layout-flow\"><\/div><\/div>\n\n\n\n<div class=\"wp-block-columns alignfull is-layout-flex wp-container-core-columns-is-layout-9d6595d7 wp-block-columns-is-layout-flex\">\n<div class=\"m-r2 wp-block-column is-layout-flow wp-block-column-is-layout-flow\" style=\"flex-basis:50%\"><div class=\"wp-block-image\">\n<figure class=\"alignleft\"><img decoding=\"async\" width=\"265\" height=\"318\" loading=\"lazy\" src=\"https:\/\/icoi-staging.avnnsolutions.com\/wp-content\/uploads\/2021\/01\/17.png\" alt=\"\" class=\"wp-image-2017\" srcset=\"https:\/\/icoi.ca\/wp-content\/uploads\/2021\/01\/17.png 265w, https:\/\/icoi.ca\/wp-content\/uploads\/2021\/01\/17-250x300.png 250w\" sizes=\"auto, (max-width: 265px) 100vw, 265px\" \/><\/figure>\n<\/div>\n\n\n<p class=\"\"><strong>Margaret Walton-Roberts, Universit\u00e9 Wilfred Laurier<\/strong><\/p>\n\n\n\n<p class=\"p-b text-align\">Margaret Walton-Roberts est professeure de g\u00e9ographie et directrice associ\u00e9e de l\u2019International Migration Research Centre de l\u2019Universit\u00e9 Wilfred Laurier. Ses recherches portent sur le genre, l\u2019\u00e9tablissement des nouveaux arrivants dans les villes canadiennes de taille moyenne et l\u2019incidence des r\u00e9seaux transnationaux dans les lieux d\u2019origine et de destination. Elle a publi\u00e9 de nombreux articles sur le r\u00f4le de l\u2019immigration et des envois de fonds \u00e0 l\u2019\u00e9tranger dans la formation et le maintien de communaut\u00e9s transnationales, notamment le travail sur la philanthropie de la sant\u00e9 au Pendjab, l\u2019examen du r\u00f4le de l\u2019\u00c9tat et de la communaut\u00e9 dans la nature des relations transnationales entre les Indiens non-r\u00e9sidents et les communaut\u00e9s d\u2019origine.<\/p>\n\n\n\n<p class=\"\"><a href=\"https:\/\/www.wlu.ca\/academics\/faculties\/faculty-of-arts\/faculty-profiles\/margaret-walton-roberts\/index.html\" target=\"_blank\" rel=\"noreferrer noopener\">Lire la biographie compl\u00e8te<\/a><\/p>\n<\/div>\n\n\n\n<div class=\"wp-block-column is-layout-flow wp-block-column-is-layout-flow\"><div class=\"wp-block-image\">\n<figure class=\"alignleft size-large\"><img decoding=\"async\" width=\"683\" height=\"1024\" loading=\"lazy\" src=\"https:\/\/icoi.ca\/wp-content\/uploads\/2023\/12\/Lu-Wang-683x1024.jpg\" alt=\"\" class=\"wp-image-3862\" srcset=\"https:\/\/icoi.ca\/wp-content\/uploads\/2023\/12\/Lu-Wang-683x1024.jpg 683w, https:\/\/icoi.ca\/wp-content\/uploads\/2023\/12\/Lu-Wang-200x300.jpg 200w, https:\/\/icoi.ca\/wp-content\/uploads\/2023\/12\/Lu-Wang-768x1152.jpg 768w, https:\/\/icoi.ca\/wp-content\/uploads\/2023\/12\/Lu-Wang-1024x1536.jpg 1024w, https:\/\/icoi.ca\/wp-content\/uploads\/2023\/12\/Lu-Wang-1366x2048.jpg 1366w, https:\/\/icoi.ca\/wp-content\/uploads\/2023\/12\/Lu-Wang-8x12.jpg 8w, https:\/\/icoi.ca\/wp-content\/uploads\/2023\/12\/Lu-Wang-1200x1800.jpg 1200w, https:\/\/icoi.ca\/wp-content\/uploads\/2023\/12\/Lu-Wang.jpg 1667w\" sizes=\"auto, (max-width: 683px) 100vw, 683px\" \/><\/figure>\n<\/div>\n\n\n<p class=\"\"><strong>Lu Wang, Universit\u00e9 m\u00e9tropolitaine de Toronto<\/strong><\/p>\n\n\n\n<p class=\"p-b text-align\">Lu Wang est professeure de g\u00e9ographie \u00e0 l'Universit\u00e9 m\u00e9tropolitaine de Toronto. Ses recherches portent sur les dimensions sociales et \u00e9conomiques de l'exp\u00e9rience urbaine, notamment la g\u00e9ographie de la sant\u00e9, la sant\u00e9 et les SIG, la sant\u00e9 des immigrants, le transnationalisme, la g\u00e9ographie du commerce de d\u00e9tail et urbaine. Ses int\u00e9r\u00eats m\u00e9thodologiques incluent les SIG et l'analyse spatiale, la mod\u00e9lisation statistique et l'approche mixte combinant des m\u00e9thodes quantitatives et qualitatives. Certains des projets en cours de la Dre Wang, financ\u00e9s par le CRSH, CERIS et le Ontario Metropolis Centre, examinent les exp\u00e9riences de sant\u00e9 des populations immigrantes en Ontario, ainsi que les variations spatiales et ethniques de l'\u00e9tat de sant\u00e9 et les d\u00e9calages spatiaux et linguistiques entre l'offre et la demande de soins de sant\u00e9.<\/p>\n\n\n\n<p class=\"\"><a href=\"http:\/\/www.geography.ryerson.ca\/luwang\/\" target=\"_blank\" rel=\"noreferrer noopener\">Lire la biographie compl\u00e8te<\/a><\/p>\n<\/div>\n<\/div>\n<\/div><\/div>","protected":false},"excerpt":{"rendered":"<p>Helene Berman, Western University Helene Berman is an RN and Distinguished Professor Emerita at Western University. She is a Fellow in the Canadian Academy of Health Sciences. Her research, funded by grants from CIHR, SSHRC, and Status of Women Canada, focuses on the subtle and explicit forms of violence in the lives of girls and [&hellip;]<\/p>","protected":false},"author":1,"featured_media":0,"parent":0,"menu_order":0,"comment_status":"closed","ping_status":"closed","template":"","meta":{"nf_dc_page":"","sfsi_plus_gutenberg_text_before_share":"","sfsi_plus_gutenberg_show_text_before_share":"","sfsi_plus_gutenberg_icon_type":"","sfsi_plus_gutenberg_icon_alignemt":"","sfsi_plus_gutenburg_max_per_row":"","footnotes":"","_links_to":"","_links_to_target":""},"class_list":["post-1830","page","type-page","status-publish","hentry"],"_links":{"self":[{"href":"https:\/\/icoi.ca\/fr\/wp-json\/wp\/v2\/pages\/1830","targetHints":{"allow":["GET"]}}],"collection":[{"href":"https:\/\/icoi.ca\/fr\/wp-json\/wp\/v2\/pages"}],"about":[{"href":"https:\/\/icoi.ca\/fr\/wp-json\/wp\/v2\/types\/page"}],"author":[{"embeddable":true,"href":"https:\/\/icoi.ca\/fr\/wp-json\/wp\/v2\/users\/1"}],"replies":[{"embeddable":true,"href":"https:\/\/icoi.ca\/fr\/wp-json\/wp\/v2\/comments?post=1830"}],"version-history":[{"count":7,"href":"https:\/\/icoi.ca\/fr\/wp-json\/wp\/v2\/pages\/1830\/revisions"}],"predecessor-version":[{"id":4195,"href":"https:\/\/icoi.ca\/fr\/wp-json\/wp\/v2\/pages\/1830\/revisions\/4195"}],"wp:attachment":[{"href":"https:\/\/icoi.ca\/fr\/wp-json\/wp\/v2\/media?parent=1830"}],"curies":[{"name":"wp","href":"https:\/\/api.w.org\/{rel}","templated":true}]}}