{"id":1846,"date":"2021-01-28T09:59:38","date_gmt":"2021-01-28T09:59:38","guid":{"rendered":"https:\/\/icoi-staging.avnnsolutions.com\/?page_id=1846"},"modified":"2025-05-29T16:58:08","modified_gmt":"2025-05-29T16:58:08","slug":"advisory-council","status":"publish","type":"page","link":"https:\/\/icoi.ca\/fr\/advisory-council\/","title":{"rendered":"Conseil consultatif"},"content":{"rendered":"<div class=\"white-block profile wp-block-group alignfull\"><div class=\"wp-block-group__inner-container is-layout-flow wp-block-group-is-layout-flow\">\n<div class=\"wp-block-columns alignfull is-layout-flex wp-container-core-columns-is-layout-9d6595d7 wp-block-columns-is-layout-flex\">\n<div class=\"m-r2 wp-block-column is-layout-flow wp-block-column-is-layout-flow\" style=\"flex-basis:50%\"><div class=\"wp-block-image\">\n<figure class=\"alignleft\"><img decoding=\"async\" width=\"265\" height=\"318\" loading=\"lazy\" src=\"https:\/\/icoi-staging.avnnsolutions.com\/wp-content\/uploads\/2021\/01\/1.png\" alt=\"\" class=\"wp-image-1954\" srcset=\"https:\/\/icoi.ca\/wp-content\/uploads\/2021\/01\/1.png 265w, https:\/\/icoi.ca\/wp-content\/uploads\/2021\/01\/1-250x300.png 250w\" sizes=\"auto, (max-width: 265px) 100vw, 265px\" \/><\/figure>\n<\/div>\n\n\n<p class=\"\"><strong>Sepali Guruge, Toronto Metropolitan University, Canada <\/strong><\/p>\n\n\n\n<p class=\"\"><strong>Directrice de projet<\/strong><\/p>\n\n\n\n<p class=\"p-b text-align\">Sepali Guruge est professeure titulaire \u00e0 l\u2019\u00c9cole des sciences infirmi\u00e8res Daphne Cockwell. Au cours des 25 derni\u00e8res ann\u00e9es, Sepali a fait preuve d\u2019un engagement ind\u00e9fectible \u00e0 accro\u00eetre la visibilit\u00e9 et \u00e0 mettre en valeur la r\u00e9silience des populations marginalis\u00e9es. Son programme de recherche porte sur la sant\u00e9 des immigrants, avec une attention particuli\u00e8re aux intersections complexes entre la sant\u00e9, l\u2019immigration, le genre, la violence et le vieillissement. Elle a dirig\u00e9 des projets connexes dans plusieurs pays.\nLire la biographie compl\u00e8te<\/p>\n\n\n\n<p class=\"\"><a href=\"https:\/\/www.immigranthealthresearch.com\/\" target=\"_blank\" rel=\"noreferrer noopener\">Lire la biographie compl\u00e8te<\/a><\/p>\n<\/div>\n<\/div>\n\n\n\n<div style=\"height:6px\" aria-hidden=\"true\" class=\"wp-block-spacer\"><\/div>\n\n\n\n<div class=\"wp-block-columns alignfull is-layout-flex wp-container-core-columns-is-layout-9d6595d7 wp-block-columns-is-layout-flex\">\n<div class=\"m-r2 wp-block-column is-layout-flow wp-block-column-is-layout-flow\" style=\"flex-basis:50%\"><div class=\"wp-block-image is-resized\">\n<figure class=\"alignleft size-large\"><img decoding=\"async\" width=\"265\" height=\"318\" loading=\"lazy\" src=\"https:\/\/icoi.ca\/wp-content\/uploads\/2021\/02\/Eva-Soom-Ammann.jpg\" alt=\"\" class=\"wp-image-3351\" srcset=\"https:\/\/icoi.ca\/wp-content\/uploads\/2021\/02\/Eva-Soom-Ammann.jpg 265w, https:\/\/icoi.ca\/wp-content\/uploads\/2021\/02\/Eva-Soom-Ammann-250x300.jpg 250w\" sizes=\"auto, (max-width: 265px) 100vw, 265px\" \/><\/figure>\n<\/div>\n\n\n<p class=\"\"><strong>Eva Soom Ammann, Haute \u00e9cole sp\u00e9cialis\u00e9e de Berne, Suisse<\/strong><\/p>\n\n\n\n<p class=\"p-b text-align\">Eva Soom Ammann est professeure titulaire au D\u00e9partement des professions de la sant\u00e9 de la Berner Fachhochschule (BFH). Elle est \u00e9galement responsable de la recherche et de l\u2019innovation en sant\u00e9 psychosociale \u00e0 la BFH et chercheuse affili\u00e9e \u00e0 l\u2019Institut d\u2019anthropologie sociale de l\u2019Universit\u00e9 de Berne (Suisse). Ses principaux domaines de recherche sont les diversit\u00e9s et les in\u00e9galit\u00e9s en mati\u00e8re de sant\u00e9, mettant un accent particulier mis sur le vieillissement, la migration et les soins en fin de vie.<\/p>\n\n\n\n<p class=\"\"><a rel=\"noreferrer noopener\" href=\"https:\/\/www.bfh.ch\/en\/about-bfh\/people\/yby3lsdustba\/\" target=\"_blank\">Lire la biographie compl\u00e8te<\/a><\/p>\n<\/div>\n\n\n\n<div class=\"wp-block-column is-layout-flow wp-block-column-is-layout-flow\"><div class=\"wp-block-image is-resized\">\n<figure class=\"alignleft size-large\"><img decoding=\"async\" width=\"265\" height=\"318\" loading=\"lazy\" src=\"https:\/\/icoi-staging.avnnsolutions.com\/wp-content\/uploads\/2021\/02\/Mohammed-Baobaid.png\" alt=\"\" class=\"wp-image-2908\" srcset=\"https:\/\/icoi.ca\/wp-content\/uploads\/2021\/02\/Mohammed-Baobaid.png 265w, https:\/\/icoi.ca\/wp-content\/uploads\/2021\/02\/Mohammed-Baobaid-250x300.png 250w\" sizes=\"auto, (max-width: 265px) 100vw, 265px\" \/><\/figure>\n<\/div>\n\n\n<p class=\"\"><strong><strong>Mohammed Baoboid, Universit\u00e9 Western, London, Canada<\/strong><\/strong><\/p>\n\n\n\n<p class=\"p-b text-align\">Mohammed Baobaid est titulaire d\u2019un doctorat en psychologie de l\u2019Universit\u00e9 d\u2019Erlangen Nuremberg (Allemagne). Il est le fondateur et directeur g\u00e9n\u00e9ral du Muslim Resource Centre for Social Support and Integration in Canada (MRCSSI) et professeur auxiliaire \u00e0 l\u2019Universit\u00e9 Western. Pendant 30 ans, il a men\u00e9 des recherches sur les familles et les jeunes \u00e0 risque de violence au Y\u00e9men et au Canada. En s\u2019appuyant sur les r\u00e9sultats de ses recherches, un mod\u00e8le d\u2019int\u00e9gration culturelle des r\u00e9ponses \u00e0 la violence familiale a \u00e9t\u00e9 \u00e9labor\u00e9 et mis en \u0153uvre.<\/p>\n\n\n\n<p class=\"\"><a href=\"https:\/\/cdhpi.ca\/mohammed-baobaid\" target=\"_blank\" rel=\"noreferrer noopener\">Lire la biographie compl\u00e8te<\/a><\/p>\n<\/div>\n<\/div>\n\n\n\n<div style=\"height:6px\" aria-hidden=\"true\" class=\"wp-block-spacer\"><\/div>\n\n\n\n<div class=\"wp-block-columns alignfull is-layout-flex wp-container-core-columns-is-layout-9d6595d7 wp-block-columns-is-layout-flex\">\n<div class=\"wp-block-column is-layout-flow wp-block-column-is-layout-flow\"><div class=\"wp-block-image is-resized\">\n<figure class=\"alignleft size-large\"><img decoding=\"async\" width=\"265\" height=\"318\" loading=\"lazy\" src=\"https:\/\/icoi.ca\/wp-content\/uploads\/2021\/02\/Dr.-Henry-Parada_headshot-.png\" alt=\"\" class=\"wp-image-3349\" srcset=\"https:\/\/icoi.ca\/wp-content\/uploads\/2021\/02\/Dr.-Henry-Parada_headshot-.png 265w, https:\/\/icoi.ca\/wp-content\/uploads\/2021\/02\/Dr.-Henry-Parada_headshot--250x300.png 250w\" sizes=\"auto, (max-width: 265px) 100vw, 265px\" \/><\/figure>\n<\/div>\n\n\n<p class=\"\"><strong><strong><strong><strong>Henry Parada, Toronto Metropolitan University, Toronto, Canada<\/strong><\/strong><\/strong><\/strong><\/p>\n\n\n\n<p class=\"\">Avant sa nomination acad\u00e9mique, Henry Parada a travaill\u00e9 pendant neuf ans comme intervenant en protection de l\u2019enfance, en offrant des services de counseling familial et en tant que sp\u00e9cialiste des abus sexuels dans le secteur des services sociaux de Toronto. Son exp\u00e9rience acad\u00e9mique inclut un travail dans les Cara\u00efbes, en Am\u00e9rique centrale et dans d\u2019autres r\u00e9gions de l\u2019Am\u00e9rique latine sur des questions de protection de l\u2019enfance, de droits humains et de participation des jeunes. Il enseigne \u00e0 la fois aux niveaux de premier cycle et de cycles sup\u00e9rieurs \u00e0 l\u2019Universit\u00e9 m\u00e9tropolitaine de Toronto et a donn\u00e9 des conf\u00e9rences invit\u00e9es dans des universit\u00e9s en R\u00e9publique dominicaine, au Salvador et au Honduras.&nbsp;<\/p>\n\n\n\n<p class=\"\"><a href=\"https:\/\/www.torontomu.ca\/social-work\/about\/people\/faculty\/henry-parada\/#!accordion-1607370752901-biography\" target=\"_blank\" rel=\"noreferrer noopener\">Lire la <\/a><a href=\"https:\/\/www.ryerson.ca\/social-work\/about\/people\/faculty\/henry-parada\/\" target=\"_blank\" rel=\"noreferrer noopener\">compl\u00e8te <\/a><a href=\"https:\/\/www.torontomu.ca\/social-work\/about\/people\/faculty\/henry-parada\/#!accordion-1607370752901-biography\" target=\"_blank\" rel=\"noreferrer noopener\">biographie<\/a><\/p>\n<\/div>\n\n\n\n<div class=\"m-r2 wp-block-column is-layout-flow wp-block-column-is-layout-flow\"><div class=\"wp-block-image is-resized\">\n<figure class=\"alignleft size-large\"><img decoding=\"async\" width=\"265\" height=\"318\" loading=\"lazy\" src=\"https:\/\/icoi-staging.avnnsolutions.com\/wp-content\/uploads\/2021\/02\/Oana-Ciobanu.jpeg\" alt=\"\" class=\"wp-image-2909\" srcset=\"https:\/\/icoi.ca\/wp-content\/uploads\/2021\/02\/Oana-Ciobanu.jpeg 265w, https:\/\/icoi.ca\/wp-content\/uploads\/2021\/02\/Oana-Ciobanu-250x300.jpeg 250w\" sizes=\"auto, (max-width: 265px) 100vw, 265px\" \/><\/figure>\n<\/div>\n\n\n<p class=\"\"><strong>Ruxandra Oana Ciobanu, Universit\u00e9 de Gen\u00e8ve, Suisse<\/strong><\/p>\n\n\n\n<p class=\"p-b text-align\">Oana Ciobanu est professeure adjointe \u00e0 la Facult\u00e9 des sciences sociales de l\u2019Universit\u00e9 de Gen\u00e8ve o\u00f9 elle dirige le groupe de recherche \u00ab Diversit\u00e9 dans les soci\u00e9t\u00e9s vieillissantes \u00bb au Centre interfacultaire de g\u00e9rontologie et d\u2019\u00e9tudes des vuln\u00e9rabilit\u00e9s. Ses recherches portent sur les migrants plus \u00e2g\u00e9s, la migration internationale, la mixit\u00e9 des ressources sociales, les processus transnationaux et les m\u00e9thodes qualitatives et mixtes. Elle a re\u00e7u la bourse intraeurop\u00e9enne des actions Marie Sk\u0142odowska-Curie, d\u00e9cern\u00e9e par la Commission europ\u00e9enne et, \u00e0 deux reprises, un financement de recherche du Fonds national suisse de la recherche scientifique.<\/p>\n\n\n\n<p class=\"\"><a rel=\"noreferrer noopener\" href=\"https:\/\/migrationresearch.com\/experts\/1048\" target=\"_blank\">Lire la biographie compl\u00e8te<\/a><\/p>\n<\/div>\n<\/div>\n\n\n\n<div style=\"height:6px\" aria-hidden=\"true\" class=\"wp-block-spacer\"><\/div>\n\n\n\n<div class=\"wp-block-columns alignfull is-layout-flex wp-container-core-columns-is-layout-9d6595d7 wp-block-columns-is-layout-flex\">\n<div class=\"wp-block-column is-layout-flow wp-block-column-is-layout-flow\"><div class=\"wp-block-image is-resized\">\n<figure class=\"alignleft size-large\"><img decoding=\"async\" width=\"265\" height=\"318\" loading=\"lazy\" src=\"https:\/\/icoi-staging.avnnsolutions.com\/wp-content\/uploads\/2021\/02\/Tineke-Fokkema.jpg\" alt=\"\" class=\"wp-image-2910\" srcset=\"https:\/\/icoi.ca\/wp-content\/uploads\/2021\/02\/Tineke-Fokkema.jpg 265w, https:\/\/icoi.ca\/wp-content\/uploads\/2021\/02\/Tineke-Fokkema-250x300.jpg 250w\" sizes=\"auto, (max-width: 265px) 100vw, 265px\" \/><\/figure>\n<\/div>\n\n\n<p class=\"\"><strong>Tineke Fokkema, Institut interdisciplinaire de d\u00e9mographie des Pays Bas, Pays-Bas<\/strong><\/p>\n\n\n\n<p class=\"p-b text-align\">Tineke Fokkema est chercheuse principale dans le groupe \u00ab Familles et g\u00e9n\u00e9rations \u00bb \u00e0 l\u2019Institut interdisciplinaire des Pays-Bas et titulaire d\u2019une chaire en vieillissement, familles et migration \u00e0 l\u2019Universit\u00e9 Erasmus de Rotterdam. Elle est coordinatrice du Comit\u00e9 permanent \u00ab Migrants \u00e2g\u00e9s \u00bb au sein de l\u2019IMISCOE, le plus grand r\u00e9seau universitaire d\u2019Europe dans le domaine de la migration et de l\u2019int\u00e9gration. Elle est sp\u00e9cialiste de renomm\u00e9e internationale sur le vieillissement, la solidarit\u00e9 interg\u00e9n\u00e9rationnelle, la solitude, la migration et leurs intersections. Elle est aussi l\u2019auteure de nombreux articles publi\u00e9s dans des revues universitaires de premier ordre en sociologie\/g\u00e9rontologie, migration et d\u00e9mographie\/g\u00e9ographie.<\/p>\n\n\n\n<p class=\"\"><a rel=\"noreferrer noopener\" href=\"https:\/\/nidi.nl\/en\/employees\/tineke-fokkema\/\" target=\"_blank\">Lire la biographie compl\u00e8te<\/a><\/p>\n<\/div>\n\n\n\n<div class=\"wp-block-column is-layout-flow wp-block-column-is-layout-flow\"><div class=\"wp-block-image is-resized\">\n<figure class=\"alignleft size-large\"><img decoding=\"async\" width=\"265\" height=\"318\" loading=\"lazy\" src=\"https:\/\/icoi-staging.avnnsolutions.com\/wp-content\/uploads\/2021\/02\/Maribel-Javier.jpg\" alt=\"\" class=\"wp-image-2907\" srcset=\"https:\/\/icoi.ca\/wp-content\/uploads\/2021\/02\/Maribel-Javier.jpg 265w, https:\/\/icoi.ca\/wp-content\/uploads\/2021\/02\/Maribel-Javier-250x300.jpg 250w\" sizes=\"auto, (max-width: 265px) 100vw, 265px\" \/><\/figure>\n<\/div>\n\n\n<p class=\"\"><strong>Maribel Javier, Ethno-Cultural Council of Calgary, Canada<\/strong><\/p>\n\n\n\n<p class=\"p-b text-align\">Maribel Javier a plus de 20 ans d\u2019exp\u00e9rience professionnelle \u00e0 divers titres au Canada, aux Pays-Bas et aux Philippines. Elle a coordonn\u00e9 diff\u00e9rents programmes avec ActionDignity<br>(anciennement Ethno-Cultural Council of Calgary) pendant huit ans et a travaill\u00e9 pendant sept ans comme coordonnatrice du perfectionnement des b\u00e9n\u00e9voles du Centre for Newcomers. Elle a \u00e9galement \u00e9t\u00e9 secr\u00e9taire principale de la Bethany Care Society. En 2019,<br>elle s\u2019est jointe au groupe noyautant les Philippins progressistes et a fond\u00e9 Filipino Rising for Inclusion and Equity to nurture Democracy (FRIENDS).<\/p>\n<\/div>\n<\/div>\n\n\n\n<div style=\"height:6px\" aria-hidden=\"true\" class=\"wp-block-spacer\"><\/div>\n\n\n\n<div class=\"wp-block-columns alignfull is-layout-flex wp-container-core-columns-is-layout-9d6595d7 wp-block-columns-is-layout-flex\">\n<div class=\"m-r2 wp-block-column is-layout-flow wp-block-column-is-layout-flow\"><div class=\"wp-block-image is-resized\">\n<figure class=\"alignleft size-large\"><img decoding=\"async\" width=\"265\" height=\"318\" loading=\"lazy\" src=\"https:\/\/icoi.ca\/wp-content\/uploads\/2021\/02\/Parvathy-Kanthasamy.jpg\" alt=\"\" class=\"wp-image-3305\" srcset=\"https:\/\/icoi.ca\/wp-content\/uploads\/2021\/02\/Parvathy-Kanthasamy.jpg 265w, https:\/\/icoi.ca\/wp-content\/uploads\/2021\/02\/Parvathy-Kanthasamy-250x300.jpg 250w\" sizes=\"auto, (max-width: 265px) 100vw, 265px\" \/><\/figure>\n<\/div>\n\n\n<p class=\"\"><strong>Parvathy Kanthasamy, Vasanatham, Toronto, Canada<\/strong><\/p>\n\n\n\n<p class=\"p-b text-align\">Parvathy Kanthasamy est une militante tamoule sri lankaise vivant au Canada. Elle est titulaire d\u2019un doctorat de l\u2019Universit\u00e9 Monash (Australie) et a \u00e9t\u00e9 boursi\u00e8re principale Fulbright de l\u2019Universit\u00e9 de Stanford. Elle est la fondatrice du Vasantham Tamil Wellness Centre \u00e0 Toronto. Tout au long de sa carri\u00e8re, elle a combin\u00e9 sa formation en linguistique \u00e0 son amour pour le th\u00e9\u00e2tre et la d\u00e9fense de la sant\u00e9 mentale. Elle a re\u00e7u le prix du maire pour la s\u00e9curit\u00e9 communautaire et le prix de l\u2019\u00e9quit\u00e9 et des droits de la personne Constance E. Hamilton, d\u00e9cern\u00e9s par la ville de Toronto. Elle est une d\u00e9fenseure infatigable des femmes et des personnes \u00e2g\u00e9es marginalis\u00e9es et traumatis\u00e9es de toutes les cultures.<\/p>\n\n\n\n<p class=\"\"><a href=\"https:\/\/www.vasantham.ca\/team\/parvathy\/\" target=\"_blank\" rel=\"noreferrer noopener\">Lire la biographie compl\u00e8te<\/a><\/p>\n<\/div>\n\n\n\n<div class=\"wp-block-column is-layout-flow wp-block-column-is-layout-flow\"><div class=\"wp-block-image is-resized\">\n<figure class=\"alignleft size-large\"><img decoding=\"async\" width=\"265\" height=\"318\" loading=\"lazy\" src=\"https:\/\/icoi-staging.avnnsolutions.com\/wp-content\/uploads\/2021\/02\/Daniel-Lai.jpg\" alt=\"\" class=\"wp-image-2904\" srcset=\"https:\/\/icoi.ca\/wp-content\/uploads\/2021\/02\/Daniel-Lai.jpg 265w, https:\/\/icoi.ca\/wp-content\/uploads\/2021\/02\/Daniel-Lai-250x300.jpg 250w\" sizes=\"auto, (max-width: 265px) 100vw, 265px\" \/><\/figure>\n<\/div>\n\n\n<p class=\"\"><strong>Daniel Lai, Hong Kong Baptist University, Hong Kong<\/strong><\/p>\n\n\n\n<p class=\"p-b text-align\">Daniel W.L. Lai est professeur titulaire de travail social et doyen de la Facult\u00e9 des sciences sociales de L\u2019Universit\u00e9 baptiste de Hong Kong. Il est sp\u00e9cialis\u00e9 dans la sant\u00e9 et le vieillissement, la culture et l\u2019immigration, et l\u2019\u00e9valuation des r\u00e9sultats. L\u2019un de ses projets de recherche subventionn\u00e9s porte sur le capital social et l\u2019int\u00e9gration des a\u00een\u00e9s sud-asiatiques et chinois \u00e0 Hong Kong. Il est membre du conseil d\u2019administration de l\u2019American Society on Aging, est vice-pr\u00e9sident de la Hong Kong Association of Gerontology et fait partie du comit\u00e9 de r\u00e9daction du Research on Aging et du Journal of Cross-Cultural Gerontology.<\/p>\n\n\n\n<p class=\"\"><a href=\"https:\/\/scholars.hkbu.edu.hk\/en\/persons\/DANIELLAI\" target=\"_blank\" rel=\"noreferrer noopener\">Lire la biographie compl\u00e8te<\/a><\/p>\n<\/div>\n<\/div>\n\n\n\n<div style=\"height:6px\" aria-hidden=\"true\" class=\"wp-block-spacer\"><\/div>\n\n\n\n<div class=\"wp-block-columns alignfull is-layout-flex wp-container-core-columns-is-layout-9d6595d7 wp-block-columns-is-layout-flex\">\n<div class=\"m-r2 wp-block-column is-layout-flow wp-block-column-is-layout-flow\"><div class=\"wp-block-image is-resized\">\n<figure class=\"alignleft size-large\"><img decoding=\"async\" width=\"265\" height=\"318\" loading=\"lazy\" src=\"https:\/\/icoi.ca\/wp-content\/uploads\/2021\/02\/Kim-Turcotte.jpg\" alt=\"\" class=\"wp-image-3312\" srcset=\"https:\/\/icoi.ca\/wp-content\/uploads\/2021\/02\/Kim-Turcotte.jpg 265w, https:\/\/icoi.ca\/wp-content\/uploads\/2021\/02\/Kim-Turcotte-250x300.jpg 250w\" sizes=\"auto, (max-width: 265px) 100vw, 265px\" \/><\/figure>\n<\/div>\n\n\n<p class=\"\"><strong><strong>Kim Turcotte, agente de liaison, Services \u00e0 la famille et des services sociaux communautaires, Edmonton, Canada<\/strong><\/strong><\/p>\n\n\n\n<p class=\"p-b text-align\">Kim Turcotte d\u00e9tient une ma\u00eetrise en promotion de la sant\u00e9 de l'Universit\u00e9 de l'Alberta. Elle travaille \u00e0 la Ville d'Edmonton depuis plus de 12 ans et a pass\u00e9 les 7 derni\u00e8res ann\u00e9es \u00e0 soutenir des organismes \u00e0 but non lucratif offrant des programmes aux r\u00e9sidents d'Edmonton en tant qu'agente de liaison pour FCSS Edmonton. Avant de rejoindre la Ville d'Edmonton, Kim a occup\u00e9 divers postes allant de la prestation de services de premi\u00e8re ligne jusqu'\u00e0 directrice g\u00e9n\u00e9rale au sein du secteur \u00e0 but non lucratif. Kim est passionn\u00e9e par le travail communautaire et poss\u00e8de de l'exp\u00e9rience en leadership dans le secteur \u00e0 but non lucratif.<\/p>\n\n\n\n<p class=\"\"><\/p>\n<\/div>\n\n\n\n<div class=\"wp-block-column is-layout-flow wp-block-column-is-layout-flow\"><div class=\"wp-block-image is-resized\">\n<figure class=\"alignleft size-large\"><img decoding=\"async\" width=\"265\" height=\"318\" loading=\"lazy\" src=\"https:\/\/icoi.ca\/wp-content\/uploads\/2021\/02\/Guida-Man-1.jpg\" alt=\"\" class=\"wp-image-3361\" srcset=\"https:\/\/icoi.ca\/wp-content\/uploads\/2021\/02\/Guida-Man-1.jpg 265w, https:\/\/icoi.ca\/wp-content\/uploads\/2021\/02\/Guida-Man-1-250x300.jpg 250w\" sizes=\"auto, (max-width: 265px) 100vw, 265px\" \/><\/figure>\n<\/div>\n\n\n<p class=\"\"><strong><strong>Guida Man, Universit\u00e9 York, Toronto, Canada<\/strong><\/strong><\/p>\n\n\n\n<p class=\"p-b text-align\">Guida C. Man est professeure agr\u00e9g\u00e9e au D\u00e9partement de sociologie de l\u2019Universit\u00e9 York. \u00c0 titre de professeure associ\u00e9e au York Centre for Feminist Research et au Centre for Asian Research, ses recherches se penchent sur les familles et les communaut\u00e9s d\u2019immigrants chinois, le genre et le travail, ainsi que l\u2019immigration, la migration et le transnationalisme dans le cadre de la restructuration \u00e9conomique mondiale. Actuellement, elle est la chercheure principale dans le cadre de deux projets du CRSH : 1) COVID-19 : \u00e9tudier les exp\u00e9riences du racisme antichinois\/asiatique dans la RGT), et 2) Migration transnationale et reproduction sociale : travail de soins aux a\u00een\u00e9s des professionnelles chinoises immigrantes au Canada.<\/p>\n\n\n\n<p class=\"p-b text-align\"><a href=\"https:\/\/www.yorku.ca\/research\/ycar\/associate\/guida-man\/\" target=\"_blank\" rel=\"noreferrer noopener\">Lire la biographie compl\u00e8te<\/a><\/p>\n<\/div>\n<\/div>\n\n\n\n<div style=\"height:6px\" aria-hidden=\"true\" class=\"wp-block-spacer\"><\/div>\n\n\n\n<div class=\"wp-block-columns alignfull is-layout-flex wp-container-core-columns-is-layout-9d6595d7 wp-block-columns-is-layout-flex\">\n<div class=\"m-r2 wp-block-column is-layout-flow wp-block-column-is-layout-flow\"><div class=\"wp-block-image is-resized\">\n<figure class=\"alignleft size-large\"><img decoding=\"async\" width=\"265\" height=\"318\" loading=\"lazy\" src=\"https:\/\/icoi.ca\/wp-content\/uploads\/2021\/02\/Annie-Pontbriand-1.jpg\" alt=\"\" class=\"wp-image-3310\" srcset=\"https:\/\/icoi.ca\/wp-content\/uploads\/2021\/02\/Annie-Pontbriand-1.jpg 265w, https:\/\/icoi.ca\/wp-content\/uploads\/2021\/02\/Annie-Pontbriand-1-250x300.jpg 250w\" sizes=\"auto, (max-width: 265px) 100vw, 265px\" \/><\/figure>\n<\/div>\n\n\n<p class=\"\"><strong>Annie Pontbriand, Centre int\u00e9gr\u00e9 universitaire de sant\u00e9 et de services sociaux de Montr\u00e9al, Canada<\/strong><\/p>\n\n\n\n<p class=\"p-b text-align\">Annie Pontbriand coordonne depuis 2015 les activit\u00e9s de recherche de l\u2019Institut universitaire Sherpa pour l\u2019immigration, la sant\u00e9 et les services sociaux. Elle poss\u00e8de plus de 18 ans d\u2019exp\u00e9rience dans la coordination de divers projets de recherche, notamment en lien avec l\u2019organisation de services de sant\u00e9 mentale pour les jeunes Autochtones et l\u2019intervention dans le passage \u00e0 l\u2019\u00e2ge adulte.<\/p>\n\n\n\n<p class=\"\"><a href=\"https:\/\/sherpa-recherche.com\/fr\/auteur\/annie-pontbriand\/\" target=\"_blank\" rel=\"noreferrer noopener\">Lire la biographie compl\u00e8te<\/a><\/p>\n<\/div>\n<\/div>\n<\/div><\/div>","protected":false},"excerpt":{"rendered":"<p>Sepali Guruge, Toronto Metropolitan University, Canada Project Director Sepali Guruge is a Full Professor in the Daphne Cockwell School of Nursing. For the past 25 years, Sepali has demonstrated a solid commitment to increasing the visibility and highlighting the resiliency of marginalized populations. Her program of research focuses on immigrant health, with particular attention to [&hellip;]<\/p>","protected":false},"author":1,"featured_media":0,"parent":0,"menu_order":0,"comment_status":"closed","ping_status":"closed","template":"","meta":{"nf_dc_page":"","sfsi_plus_gutenberg_text_before_share":"","sfsi_plus_gutenberg_show_text_before_share":"","sfsi_plus_gutenberg_icon_type":"","sfsi_plus_gutenberg_icon_alignemt":"","sfsi_plus_gutenburg_max_per_row":"","footnotes":"","_links_to":"","_links_to_target":""},"class_list":["post-1846","page","type-page","status-publish","hentry"],"_links":{"self":[{"href":"https:\/\/icoi.ca\/fr\/wp-json\/wp\/v2\/pages\/1846","targetHints":{"allow":["GET"]}}],"collection":[{"href":"https:\/\/icoi.ca\/fr\/wp-json\/wp\/v2\/pages"}],"about":[{"href":"https:\/\/icoi.ca\/fr\/wp-json\/wp\/v2\/types\/page"}],"author":[{"embeddable":true,"href":"https:\/\/icoi.ca\/fr\/wp-json\/wp\/v2\/users\/1"}],"replies":[{"embeddable":true,"href":"https:\/\/icoi.ca\/fr\/wp-json\/wp\/v2\/comments?post=1846"}],"version-history":[{"count":6,"href":"https:\/\/icoi.ca\/fr\/wp-json\/wp\/v2\/pages\/1846\/revisions"}],"predecessor-version":[{"id":4206,"href":"https:\/\/icoi.ca\/fr\/wp-json\/wp\/v2\/pages\/1846\/revisions\/4206"}],"wp:attachment":[{"href":"https:\/\/icoi.ca\/fr\/wp-json\/wp\/v2\/media?parent=1846"}],"curies":[{"name":"wp","href":"https:\/\/api.w.org\/{rel}","templated":true}]}}