{"id":1887,"date":"2021-01-28T11:12:47","date_gmt":"2021-01-28T11:12:47","guid":{"rendered":"https:\/\/icoi-staging.avnnsolutions.com\/?page_id=1887"},"modified":"2025-05-30T15:32:00","modified_gmt":"2025-05-30T15:32:00","slug":"british-columbia-provincial","status":"publish","type":"page","link":"https:\/\/icoi.ca\/fr\/british-columbia-provincial\/","title":{"rendered":"Colombie-Britannique"},"content":{"rendered":"<div class=\"white-block profile wp-block-group alignfull\"><div class=\"wp-block-group__inner-container is-layout-flow wp-block-group-is-layout-flow\">\n<div class=\"wp-block-columns alignfull is-layout-flex wp-container-core-columns-is-layout-9d6595d7 wp-block-columns-is-layout-flex\">\n<div class=\"wp-block-column is-layout-flow wp-block-column-is-layout-flow\">\n<h2 class=\"wp-block-heading has-text-align-center\">Provincial Team Leads<\/h2>\n<\/div>\n<\/div>\n\n\n\n<div class=\"wp-block-columns alignwide is-layout-flex wp-container-core-columns-is-layout-9d6595d7 wp-block-columns-is-layout-flex\">\n<div class=\"m-r2 wp-block-column is-vertically-aligned-top is-layout-flow wp-block-column-is-layout-flow\"><div class=\"wp-block-image wp-block-image alignleft size-large is-resized\">\n<figure class=\"size-full\"><img decoding=\"async\" width=\"265\" height=\"318\" loading=\"lazy\" src=\"https:\/\/icoi.ca\/wp-content\/uploads\/2021\/01\/24.png\" alt=\"\" class=\"wp-image-2053\" style=\"object-fit:cover;width:133px;height:159px\" srcset=\"https:\/\/icoi.ca\/wp-content\/uploads\/2021\/01\/24.png 265w, https:\/\/icoi.ca\/wp-content\/uploads\/2021\/01\/24-250x300.png 250w\" sizes=\"auto, (max-width: 265px) 100vw, 265px\" \/><\/figure>\n<\/div>\n\n\n<p class=\"\"><strong><strong><strong>Denise Cloutier, University of Victoria<\/strong><\/strong><\/strong><\/p>\n\n\n\n<p class=\"p-b text-align\">Denise Cloutier est professeure dans le D\u00e9partement de g\u00e9ographie et chercheuse associ\u00e9e \u00e0 l\u2019Institute on Aging and Lifelong Health de l\u2019Universit\u00e9 de Victoria. En tant que g\u00e9ographe de la sant\u00e9 et chercheuse en services de sant\u00e9 \u00e0 l\u2019\u00e9coute de la population, elle axe son travail sur la vuln\u00e9rabilit\u00e9 et la r\u00e9silience dans les domaines du vieillissement sain, des milieux de soutien aux populations vuln\u00e9rables composant avec la d\u00e9mence, victimes d\u2019un AVC, isol\u00e9es sur le plan social, en fin de vie ou vivant dans des localit\u00e9s rurales. Elle est chercheuse en m\u00e9thodes mixtes dont les travaux transdisciplinaires sont financ\u00e9s par les IRSC, le CRSH et la MSFHR, et publi\u00e9s dans des revues de g\u00e9rontologie et de g\u00e9ographie de renomm\u00e9e.<\/p>\n\n\n\n<p class=\"\"><a href=\"https:\/\/www.uvic.ca\/socialsciences\/geography\/faculty-staff\/faculty-profiles\/cloutier-denise.php\">Lire la biographie compl\u00e8te<\/a><\/p>\n<\/div>\n\n\n\n<div class=\"m-r2 wp-block-column is-vertically-aligned-center is-layout-flow wp-block-column-is-layout-flow\"><div class=\"wp-block-image wp-block-image alignleft size-large is-resized\">\n<figure class=\"size-full\"><img decoding=\"async\" width=\"250\" height=\"300\" loading=\"lazy\" src=\"https:\/\/icoi.ca\/wp-content\/uploads\/2024\/11\/satwinder.png\" alt=\"\" class=\"wp-image-3930\" style=\"object-fit:cover;width:133px;height:159px\" srcset=\"https:\/\/icoi.ca\/wp-content\/uploads\/2024\/11\/satwinder.png 250w, https:\/\/icoi.ca\/wp-content\/uploads\/2024\/11\/satwinder-10x12.png 10w\" sizes=\"auto, (max-width: 250px) 100vw, 250px\" \/><\/figure>\n<\/div>\n\n\n<p class=\"\"><strong><strong><strong>Satwinder Bains, Universit\u00e9 de la Fraser Valley<\/strong><\/strong><\/strong><\/p>\n\n\n\n<p class=\"p-b text-align\">Satwinder Bains est la directrice de l'Institut d\u2019\u00e9tudes sud-asiatiques \u00e0 l'Universit\u00e9 de la Fraser Valley et professeure agr\u00e9g\u00e9e en \u00e9tudes des m\u00e9dias culturels au Coll\u00e8ge des arts. Son analyse critique de la politique et de la planification multilingues de l\u2019Inde a nourri son int\u00e9r\u00eat pour l\u2019impact de la langue, de la culture et de l\u2019identit\u00e9 sur la migration, l\u2019\u00e9tablissement des nouveaux arrivants et l\u2019int\u00e9gration des Canadiens sud-asiatiques. Ses recherches se situent \u00e0 l\u2019intersection de l\u2019\u00e9ducation interculturelle, avec un accent sur la mise en \u0153uvre de programmes contre le racisme; la race, le racisme et l\u2019ethnicit\u00e9; la politique identitaire; l\u2019id\u00e9ologie f\u00e9ministe sikh; la migration et la diaspora sud-asiatiques au Canada; et l\u2019historiographie culturelle des Canadiens pendjabis. Elle poss\u00e8de \u00e9galement une vaste exp\u00e9rience professionnelle en d\u00e9veloppement communautaire.<\/p>\n\n\n\n<p class=\"\"><a href=\"https:\/\/www.ufv.ca\/scms\/faculty-staff\/bains-satwinder.htm\" target=\"_blank\" rel=\"noreferrer noopener\">Lire la biographie compl\u00e8te<\/a><\/p>\n<\/div>\n<\/div>\n\n\n\n<div class=\"wp-block-columns alignfull is-layout-flex wp-container-core-columns-is-layout-9d6595d7 wp-block-columns-is-layout-flex\">\n<div class=\"wp-block-column is-layout-flow wp-block-column-is-layout-flow\">\n<h2 class=\"wp-block-heading has-text-align-center\"><strong>Partenaires communautaires<\/strong><\/h2>\n<\/div>\n<\/div>\n\n\n\n<div class=\"wp-block-columns alignwide is-layout-flex wp-container-core-columns-is-layout-9d6595d7 wp-block-columns-is-layout-flex\">\n<div class=\"m-r2 wp-block-column is-layout-flow wp-block-column-is-layout-flow\"><div class=\"wp-block-image\">\n<figure class=\"alignleft size-large is-resized\"><img decoding=\"async\" width=\"823\" height=\"1024\" loading=\"lazy\" src=\"https:\/\/icoi.ca\/wp-content\/uploads\/2023\/12\/Daisy-Au-823x1024.jpg\" alt=\"\" class=\"wp-image-3851\" style=\"object-fit:cover;width:133px;height:159px\" srcset=\"https:\/\/icoi.ca\/wp-content\/uploads\/2023\/12\/Daisy-Au-823x1024.jpg 823w, https:\/\/icoi.ca\/wp-content\/uploads\/2023\/12\/Daisy-Au-241x300.jpg 241w, https:\/\/icoi.ca\/wp-content\/uploads\/2023\/12\/Daisy-Au-768x956.jpg 768w, https:\/\/icoi.ca\/wp-content\/uploads\/2023\/12\/Daisy-Au-10x12.jpg 10w, https:\/\/icoi.ca\/wp-content\/uploads\/2023\/12\/Daisy-Au.jpg 1132w\" sizes=\"auto, (max-width: 823px) 100vw, 823px\" \/><\/figure>\n<\/div>\n\n\n<p class=\"\"><strong><strong><strong>Daisy Au<\/strong><\/strong>, MOSAIC<\/strong><\/p>\n\n\n\n<p class=\"\">Daisy has been working in the immigrant settlement sector for over 2 decades. She is the coordinator of the Seniors Club at MOSAIC. Daisy is committed to empowering immigrant seniors to be leaders and mentors in the community. She advocates for immigrant seniors, helps them break social isolation, and supports them in integrating into the Canadian society and becoming contributing citizens. Daisy is a board member of the Metro Vancouver Cross Cultural Seniors Network and a member of the Community-Based Seniors Services Leadership Council.<\/p>\n<\/div>\n\n\n\n<div class=\"m-r2 wp-block-column is-layout-flow wp-block-column-is-layout-flow\"><div class=\"wp-block-image\">\n<figure class=\"alignleft size-full is-resized\"><img decoding=\"async\" width=\"640\" height=\"639\" loading=\"lazy\" src=\"https:\/\/icoi.ca\/wp-content\/uploads\/2023\/12\/Daljit-Kaur.jpg\" alt=\"\" class=\"wp-image-3848\" style=\"object-fit:cover;width:133px;height:159px\" srcset=\"https:\/\/icoi.ca\/wp-content\/uploads\/2023\/12\/Daljit-Kaur.jpg 640w, https:\/\/icoi.ca\/wp-content\/uploads\/2023\/12\/Daljit-Kaur-300x300.jpg 300w, https:\/\/icoi.ca\/wp-content\/uploads\/2023\/12\/Daljit-Kaur-150x150.jpg 150w, https:\/\/icoi.ca\/wp-content\/uploads\/2023\/12\/Daljit-Kaur-12x12.jpg 12w\" sizes=\"auto, (max-width: 640px) 100vw, 640px\" \/><\/figure>\n<\/div>\n\n\n<p class=\"\"><strong>Daljit Kaur, Diversecity<\/strong><\/p>\n\n\n\n<p class=\"p-b text-align\">Daljit is the Better at Home program coordinator at Diversecity Community Resources Society. Daljit has been serving the senior community with Diversecity for 10+ years. Daljit loves to see the direct impact her team makes on the lives of seniors every day. Helping seniors is a passion, and easing the livelihoods of those in need is a priority for Daljit and her team. Daljit has received many accolades for the positive effect she has had on the community<\/p>\n<\/div>\n<\/div>\n\n\n\n<div style=\"height:3px\" aria-hidden=\"true\" class=\"wp-block-spacer\"><\/div>\n\n\n\n<div class=\"wp-block-columns alignwide is-layout-flex wp-container-core-columns-is-layout-9d6595d7 wp-block-columns-is-layout-flex\">\n<div class=\"m-r2 wp-block-column is-layout-flow wp-block-column-is-layout-flow\"><div class=\"wp-block-image is-resized\">\n<figure class=\"alignleft size-large\"><img decoding=\"async\" width=\"265\" height=\"318\" loading=\"lazy\" src=\"https:\/\/icoi-staging.avnnsolutions.com\/wp-content\/uploads\/2021\/02\/Queenie-Choo.jpg\" alt=\"\" class=\"wp-image-2825\" style=\"object-fit:cover;width:133px;height:159px\" srcset=\"https:\/\/icoi.ca\/wp-content\/uploads\/2021\/02\/Queenie-Choo.jpg 265w, https:\/\/icoi.ca\/wp-content\/uploads\/2021\/02\/Queenie-Choo-250x300.jpg 250w\" sizes=\"auto, (max-width: 265px) 100vw, 265px\" \/><\/figure>\n<\/div>\n\n\n<p class=\"\"><strong>Queenie Choo, S.U.C.C.E.S.S., Vancouver<\/strong><\/p>\n\n\n\n<p class=\"p-b text-align\">Pr\u00e9sidente et chef de la direction de S.U.C.C.E.S.S. depuis 2012, Queenie Choo allie une approche rigoureuse et ax\u00e9e sur les r\u00e9sultats \u00e0 un v\u00e9ritable souci du bien-\u00eatre des gens. Elle dirige des programmes de services sociaux innovants dans les domaines de l\u2019\u00e9tablissement des nouveaux arrivants, de l\u2019apprentissage de l\u2019anglais, de l\u2019emploi et de l\u2019entrepreneuriat, de la famille, ainsi que des programmes \u00e0 l\u2019intention des jeunes et des a\u00een\u00e9s, de d\u00e9veloppement communautaire, de logement abordable et de soins aux a\u00een\u00e9s. Elle a re\u00e7u la M\u00e9daille du jubil\u00e9 de diamant de la reine Elizabeth II et le Prix d\u2019excellence en soins infirmiers, sans oublier qu\u2019elle a \u00e9t\u00e9 nomm\u00e9e Capitaine de vaisseau honoraire de la Marine royale canadienne par le ministre de la D\u00e9fense nationale \u2013 elle est la premi\u00e8re femme chinoise canadienne \u00e0 recevoir ce titre.<\/p>\n\n\n\n<p class=\"\"><a href=\"https:\/\/successbc.ca\/learn-about-us\/organizational-support-team\/\" target=\"_blank\" rel=\"noreferrer noopener\">Lire la biographie compl\u00e8te<\/a><\/p>\n<\/div>\n<\/div>\n\n\n\n<div class=\"wp-block-columns alignfull is-layout-flex wp-container-core-columns-is-layout-9d6595d7 wp-block-columns-is-layout-flex\">\n<div class=\"wp-block-column is-layout-flow wp-block-column-is-layout-flow\" style=\"flex-basis:100%\"><div class=\"wp-block-image\">\n<figure class=\"alignleft size-large is-resized\"><img decoding=\"async\" width=\"683\" height=\"1024\" loading=\"lazy\" src=\"https:\/\/icoi.ca\/wp-content\/uploads\/2023\/12\/Rebecca-Ferguson-683x1024.jpeg\" alt=\"\" class=\"wp-image-3855\" style=\"object-fit:cover;width:133px;height:159px\" srcset=\"https:\/\/icoi.ca\/wp-content\/uploads\/2023\/12\/Rebecca-Ferguson-683x1024.jpeg 683w, https:\/\/icoi.ca\/wp-content\/uploads\/2023\/12\/Rebecca-Ferguson-200x300.jpeg 200w, https:\/\/icoi.ca\/wp-content\/uploads\/2023\/12\/Rebecca-Ferguson-768x1152.jpeg 768w, https:\/\/icoi.ca\/wp-content\/uploads\/2023\/12\/Rebecca-Ferguson-1024x1536.jpeg 1024w, https:\/\/icoi.ca\/wp-content\/uploads\/2023\/12\/Rebecca-Ferguson-8x12.jpeg 8w, https:\/\/icoi.ca\/wp-content\/uploads\/2023\/12\/Rebecca-Ferguson-1200x1800.jpeg 1200w, https:\/\/icoi.ca\/wp-content\/uploads\/2023\/12\/Rebecca-Ferguson.jpeg 1365w\" sizes=\"auto, (max-width: 683px) 100vw, 683px\" \/><\/figure>\n<\/div>\n\n\n<p class=\"\"><strong>Rebecca Ferguson-Salamin, AMSSA<\/strong><\/p>\n\n\n\n<p class=\"text-align p-b\">Rebecca Ferguson-Salamin is the Provincial Integration Program Manager at AMSSA. Based in British Columbia, AMSSA is a province-wide association that strengthens member agencies and community stakeholder agencies that serve immigrants and newcomers and build culturally inclusive communities, with the knowledge, resources and support they need to fulfill their mandates. In her role, Rebecca leads the Provincial Integration team, which is responsible for providing support to B.C. Settlement and Integration Services (BCSIS) service provider organizations. Funded by the Provincial Ministry of Municipal Affairs, BCSIS supports newcomer clients who are ineligible for federally funded settlement supports, such as Naturalized Canadian Citizens, Temporary Workers, International Students, and Refugee Claimants.<\/p>\n\n\n\n<p class=\"\"><a href=\"https:\/\/www.amssa.org\/fr\/a-propos\/personnel-et-benevoles\/\">Lire la biographie compl\u00e8te<\/a><\/p>\n\n\n\n<p class=\"\"> <\/p>\n<\/div>\n<\/div>\n\n\n\n<div class=\"wp-block-columns alignfull is-layout-flex wp-container-core-columns-is-layout-9d6595d7 wp-block-columns-is-layout-flex\">\n<div class=\"wp-block-column is-layout-flow wp-block-column-is-layout-flow\">\n<h2 class=\"wp-block-heading alignfull has-text-align-center\"><strong>Academic Partners<\/strong><\/h2>\n<\/div>\n<\/div>\n\n\n\n<p class=\"\"> <\/p>\n\n\n\n<div class=\"wp-block-columns alignfull is-layout-flex wp-container-core-columns-is-layout-9d6595d7 wp-block-columns-is-layout-flex\">\n<div class=\"m-r2 wp-block-column is-layout-flow wp-block-column-is-layout-flow\"><div class=\"wp-block-image is-resized\">\n<figure class=\"alignleft size-large\"><img decoding=\"async\" width=\"265\" height=\"318\" loading=\"lazy\" src=\"https:\/\/icoi-staging.avnnsolutions.com\/wp-content\/uploads\/2021\/01\/23.png\" alt=\"\" class=\"wp-image-2051\" srcset=\"https:\/\/icoi.ca\/wp-content\/uploads\/2021\/01\/23.png 265w, https:\/\/icoi.ca\/wp-content\/uploads\/2021\/01\/23-250x300.png 250w\" sizes=\"auto, (max-width: 265px) 100vw, 265px\" \/><\/figure>\n<\/div>\n\n\n<p class=\"\"><strong>Shirley Chau, University of British Columbia<\/strong><\/p>\n\n\n\n<p class=\"p-b text-align\">La Dre Shirley Chau est professeure agr\u00e9g\u00e9e \u00e0 la Facult\u00e9 de la sant\u00e9 et du d\u00e9veloppement social de l\u2019\u00c9cole de travail social du campus de l\u2019UBC Okanagan. Elle est titulaire d\u2019un baccalaur\u00e9at en psychologie (avec distinction) (superviseur : Dr J. Ogloff, Universit\u00e9 Simon Fraser), un baccalaur\u00e9at en travail social de l\u2019Universit\u00e9 de la Colombie-Britannique de Vancouver, une ma\u00eetrise en travail et un doctorat de la Facult\u00e9 de travail social Factor-Inwentash de l\u2019Universit\u00e9 de Toronto. Avant sa nomination universitaire \u00e0 l\u2019UBC Okanagan, elle \u00e9tait travailleuse sociale clinique sp\u00e9cialis\u00e9e dans les interventions en cas de crise pour le compte d\u2019un fournisseur national de services aux grandes entreprises.<\/p>\n\n\n\n<p class=\"\"><a rel=\"noreferrer noopener\" href=\"https:\/\/socialwork.ok.ubc.ca\/about\/contact\/shirley-chau\/\" target=\"_blank\">Lire la biographie compl\u00e8te<\/a><\/p>\n<\/div>\n\n\n\n<div class=\"wp-block-column is-layout-flow wp-block-column-is-layout-flow\"><div class=\"wp-block-image\">\n<figure class=\"alignleft size-large is-resized\"><img decoding=\"async\" width=\"1024\" height=\"781\" loading=\"lazy\" src=\"https:\/\/icoi.ca\/wp-content\/uploads\/2023\/12\/Fred-Chou-1-1024x781.jpg\" alt=\"\" class=\"wp-image-3854\" style=\"object-fit:cover;width:133px;height:159px\" srcset=\"https:\/\/icoi.ca\/wp-content\/uploads\/2023\/12\/Fred-Chou-1-1024x781.jpg 1024w, https:\/\/icoi.ca\/wp-content\/uploads\/2023\/12\/Fred-Chou-1-300x229.jpg 300w, https:\/\/icoi.ca\/wp-content\/uploads\/2023\/12\/Fred-Chou-1-768x586.jpg 768w, https:\/\/icoi.ca\/wp-content\/uploads\/2023\/12\/Fred-Chou-1-1536x1171.jpg 1536w, https:\/\/icoi.ca\/wp-content\/uploads\/2023\/12\/Fred-Chou-1-2048x1562.jpg 2048w, https:\/\/icoi.ca\/wp-content\/uploads\/2023\/12\/Fred-Chou-1-16x12.jpg 16w, https:\/\/icoi.ca\/wp-content\/uploads\/2023\/12\/Fred-Chou-1-1200x915.jpg 1200w, https:\/\/icoi.ca\/wp-content\/uploads\/2023\/12\/Fred-Chou-1-1980x1510.jpg 1980w\" sizes=\"auto, (max-width: 1024px) 100vw, 1024px\" \/><\/figure>\n<\/div>\n\n\n<p class=\"\"><strong><strong>Fred Cho<\/strong>u, University of Victoria<\/strong><\/p>\n\n\n\n<p class=\"p-b text-align\">Dr. Fred Chou (\u5468\u654f\u6d69) is an assistant professor in counselling psychology in the department of Educational Psychology and Leadership Studies at the University of Victoria and a registered psychologist in British Columbia. His research focuses on the socioecological and cultural dimensions of psychological trauma, anti-racism and mental health promotion in Asian Canadian communities, and centring youth voice in mental health research. As a researcher, Dr. Chou specializes in qualitative research and in participatory and narrative research methodologies. His academic and clinical interests also include exploring the integration of community and cultural psychology within counselling as a discipline.<\/p>\n\n\n\n<p class=\"\"><a href=\"https:\/\/www.uvic.ca\/education\/psychology\/people\/faculty\/chou-fred.php\">Lire la biographie compl\u00e8te<\/a><\/p>\n<\/div>\n<\/div>\n\n\n\n<div style=\"height:3px\" aria-hidden=\"true\" class=\"wp-block-spacer\"><\/div>\n\n\n\n<div class=\"wp-block-columns alignfull is-layout-flex wp-container-core-columns-is-layout-9d6595d7 wp-block-columns-is-layout-flex\">\n<div class=\"m-r2 wp-block-column is-layout-flow wp-block-column-is-layout-flow\"><div class=\"wp-block-image\">\n<figure class=\"alignleft size-large is-resized\"><img decoding=\"async\" width=\"850\" height=\"1024\" loading=\"lazy\" src=\"https:\/\/icoi.ca\/wp-content\/uploads\/2023\/12\/Jie-Zhang-850x1024.jpg\" alt=\"\" class=\"wp-image-3849\" style=\"object-fit:cover;width:133px;height:159px\" srcset=\"https:\/\/icoi.ca\/wp-content\/uploads\/2023\/12\/Jie-Zhang-850x1024.jpg 850w, https:\/\/icoi.ca\/wp-content\/uploads\/2023\/12\/Jie-Zhang-249x300.jpg 249w, https:\/\/icoi.ca\/wp-content\/uploads\/2023\/12\/Jie-Zhang-768x925.jpg 768w, https:\/\/icoi.ca\/wp-content\/uploads\/2023\/12\/Jie-Zhang-1275x1536.jpg 1275w, https:\/\/icoi.ca\/wp-content\/uploads\/2023\/12\/Jie-Zhang-10x12.jpg 10w, https:\/\/icoi.ca\/wp-content\/uploads\/2023\/12\/Jie-Zhang-1200x1446.jpg 1200w, https:\/\/icoi.ca\/wp-content\/uploads\/2023\/12\/Jie-Zhang.jpg 1465w\" sizes=\"auto, (max-width: 850px) 100vw, 850px\" \/><\/figure>\n<\/div>\n\n\n<p class=\"\"><strong><strong>Jie Zhang<\/strong>, University of Victoria<\/strong><\/p>\n\n\n\n<p class=\"p-b text-align\">Jie Zhang is an associate professor at the Gustavson School of Business, University of Victoria (UVic).&nbsp; Jie is a Research Affiliate with the UVic Institute on Aging and Lifelong Health, and a Research Fellow at the UVic Center for Social and Sustainable Innovation. As a service management scholar, Jie draws on theories from value co-creation, service operations, and professional work to investigate ways to improve the performance of complex service systems in hospitality and healthcare contexts.&nbsp; Jie\u2019s current research projects address how to design and deliver effective and efficient services to older adults living in the community.&nbsp; Jie brings the business perspective to researching the economic and social inclusion of older immigrants.<\/p>\n\n\n\n<p class=\"\"><a href=\"https:\/\/www.uvic.ca\/gustavson\/faculty-and-research\/faculty\/profiles\/zhang-jie.php\" target=\"_blank\" rel=\"noreferrer noopener\">Lire la biographie compl\u00e8te<\/a><\/p>\n<\/div>\n\n\n\n<div class=\"wp-block-column is-layout-flow wp-block-column-is-layout-flow\"><div class=\"wp-block-image\">\n<figure class=\"alignleft size-large is-resized\"><img decoding=\"async\" width=\"731\" height=\"1024\" loading=\"lazy\" src=\"https:\/\/icoi.ca\/wp-content\/uploads\/2023\/12\/Nigel-Mantou-Lou-731x1024.jpg\" alt=\"\" class=\"wp-image-3850\" style=\"object-fit:cover;width:133px;height:159px\" srcset=\"https:\/\/icoi.ca\/wp-content\/uploads\/2023\/12\/Nigel-Mantou-Lou-731x1024.jpg 731w, https:\/\/icoi.ca\/wp-content\/uploads\/2023\/12\/Nigel-Mantou-Lou-214x300.jpg 214w, https:\/\/icoi.ca\/wp-content\/uploads\/2023\/12\/Nigel-Mantou-Lou-768x1075.jpg 768w, https:\/\/icoi.ca\/wp-content\/uploads\/2023\/12\/Nigel-Mantou-Lou-9x12.jpg 9w, https:\/\/icoi.ca\/wp-content\/uploads\/2023\/12\/Nigel-Mantou-Lou.jpg 1079w\" sizes=\"auto, (max-width: 731px) 100vw, 731px\" \/><\/figure>\n<\/div>\n\n\n<p class=\"\"><strong><strong>Nigel Mantou Lou<\/strong>, University of Victoria<\/strong><\/p>\n\n\n\n<p class=\"p-b text-align\">Nigel Mantou Lou (Ph.D.) is an Assistant Professor in the Department of Psychology and the director of the Motivation and Intercultural Relations (MIR) lab at the University of Victoria. Nigel\u2019s research focuses on migrants\u2019 acculturation, coping with race-related stress, and mental health. Nigel teaches a community-engaged learning course, the Psychology of Immigration, at UVic.<\/p>\n\n\n\n<p class=\"\"><a href=\"https:\/\/www.uvic.ca\/socialsciences\/psychology\/faculty-staff\/faculty-profiles\/lou-nigel-mantou.php\" target=\"_blank\" rel=\"noreferrer noopener\">Lire la biographie compl\u00e8te<\/a><\/p>\n<\/div>\n<\/div>\n\n\n\n<div style=\"height:3px\" aria-hidden=\"true\" class=\"wp-block-spacer\"><\/div>\n\n\n\n<div class=\"wp-block-columns alignfull is-layout-flex wp-container-core-columns-is-layout-9d6595d7 wp-block-columns-is-layout-flex\">\n<div class=\"m-r2 wp-block-column is-layout-flow wp-block-column-is-layout-flow\"><div class=\"wp-block-image is-resized\">\n<figure class=\"alignleft size-large\"><img decoding=\"async\" width=\"265\" height=\"318\" loading=\"lazy\" src=\"https:\/\/icoi-staging.avnnsolutions.com\/wp-content\/uploads\/2021\/01\/22.png\" alt=\"\" class=\"wp-image-2049\" srcset=\"https:\/\/icoi.ca\/wp-content\/uploads\/2021\/01\/22.png 265w, https:\/\/icoi.ca\/wp-content\/uploads\/2021\/01\/22-250x300.png 250w\" sizes=\"auto, (max-width: 265px) 100vw, 265px\" \/><\/figure>\n<\/div>\n\n\n<p class=\"\"><strong>Balbir Gurm, Kwantlen Polytechnic University<\/strong><\/p>\n\n\n\n<p class=\"p-b text-align\">Balbir Gurm est une meneuse et professeure de sciences infirmi\u00e8res \u00e0 l\u2019Universit\u00e9 polytechnique Kwantlen. Forte de plus de 30 ans d\u2019exp\u00e9rience dans le secteur de l\u2019\u00e9ducation, de la promotion de la sant\u00e9, du leadership, de la justice sociale et de la s\u00e9curit\u00e9 culturelle, elle exerce son influence sur les politiques en si\u00e9geant \u00e0 des conseils d\u2019administration, \u00e0 des organisations, \u00e0 des comit\u00e9s consultatifs et \u00e0 d\u2019autres comit\u00e9s vou\u00e9s \u00e0 l\u2019am\u00e9lioration de la vie de la soci\u00e9t\u00e9. En tant que membre fondatrice et animatrice du Network to Eliminate Violence (NEVR) et auteure principale de Making Sense of a Global Pandemic: Relationship Violence &amp; Working Together Towards a Violence Free Society, elle collabore avec une \u00e9quipe intersectorielle\/multidisciplinaire de plus de 200 membres dans le but fusionner les connaissances universitaires et pratiques pour pr\u00f4ner le changement.<\/p>\n\n\n\n<p class=\"\"><a href=\"https:\/\/www.kpu.ca\/health\/bsn\/faculty\/balbir-gurm\" target=\"_blank\" rel=\"noreferrer noopener\">Lire la biographie compl\u00e8te<\/a><\/p>\n<\/div>\n\n\n\n<div class=\"wp-block-column is-layout-flow wp-block-column-is-layout-flow\"><\/div>\n<\/div>\n<\/div><\/div>","protected":false},"excerpt":{"rendered":"<p>Provincial Team Leads Denise Cloutier, University of Victoria Denise Cloutier is a Professor in the Department of Geography, and a Research Fellow with the Institute on Aging and Lifelong Health at the University of Victoria. As a community-engaged health geographer and health services researcher, her work focusses on both vulnerability and resilience in the areas [&hellip;]<\/p>","protected":false},"author":1,"featured_media":0,"parent":0,"menu_order":0,"comment_status":"closed","ping_status":"closed","template":"","meta":{"nf_dc_page":"","sfsi_plus_gutenberg_text_before_share":"","sfsi_plus_gutenberg_show_text_before_share":"","sfsi_plus_gutenberg_icon_type":"","sfsi_plus_gutenberg_icon_alignemt":"","sfsi_plus_gutenburg_max_per_row":"","footnotes":"","_links_to":"","_links_to_target":""},"class_list":["post-1887","page","type-page","status-publish","hentry"],"_links":{"self":[{"href":"https:\/\/icoi.ca\/fr\/wp-json\/wp\/v2\/pages\/1887","targetHints":{"allow":["GET"]}}],"collection":[{"href":"https:\/\/icoi.ca\/fr\/wp-json\/wp\/v2\/pages"}],"about":[{"href":"https:\/\/icoi.ca\/fr\/wp-json\/wp\/v2\/types\/page"}],"author":[{"embeddable":true,"href":"https:\/\/icoi.ca\/fr\/wp-json\/wp\/v2\/users\/1"}],"replies":[{"embeddable":true,"href":"https:\/\/icoi.ca\/fr\/wp-json\/wp\/v2\/comments?post=1887"}],"version-history":[{"count":19,"href":"https:\/\/icoi.ca\/fr\/wp-json\/wp\/v2\/pages\/1887\/revisions"}],"predecessor-version":[{"id":4237,"href":"https:\/\/icoi.ca\/fr\/wp-json\/wp\/v2\/pages\/1887\/revisions\/4237"}],"wp:attachment":[{"href":"https:\/\/icoi.ca\/fr\/wp-json\/wp\/v2\/media?parent=1887"}],"curies":[{"name":"wp","href":"https:\/\/api.w.org\/{rel}","templated":true}]}}