{"id":1924,"date":"2021-01-28T12:08:32","date_gmt":"2021-01-28T12:08:32","guid":{"rendered":"https:\/\/icoi-staging.avnnsolutions.com\/?page_id=1924"},"modified":"2025-05-30T15:46:12","modified_gmt":"2025-05-30T15:46:12","slug":"quebec-provincial","status":"publish","type":"page","link":"https:\/\/icoi.ca\/fr\/quebec-provincial\/","title":{"rendered":"Qu\u00e9bec"},"content":{"rendered":"<div class=\"white-block profile wp-block-group alignfull\"><div class=\"wp-block-group__inner-container is-layout-flow wp-block-group-is-layout-flow\">\n<div class=\"wp-block-columns alignfull is-layout-flex wp-container-core-columns-is-layout-9d6595d7 wp-block-columns-is-layout-flex\">\n<div class=\"wp-block-column is-layout-flow wp-block-column-is-layout-flow\">\n<h2 class=\"wp-block-heading has-text-align-center\"><strong>Provincial Team<\/strong> Lead<\/h2>\n<\/div>\n<\/div>\n\n\n\n<p class=\"\">   <\/p>\n\n\n\n<div class=\"wp-block-columns alignfull is-layout-flex wp-container-core-columns-is-layout-9d6595d7 wp-block-columns-is-layout-flex\">\n<div class=\"m-r2 wp-block-column is-layout-flow wp-block-column-is-layout-flow\"><div class=\"wp-block-image is-resized\">\n<figure class=\"alignleft size-large\"><img decoding=\"async\" width=\"265\" height=\"318\" loading=\"lazy\" src=\"https:\/\/icoi-staging.avnnsolutions.com\/wp-content\/uploads\/2021\/02\/Jill-Hanley-1.jpg\" alt=\"\" class=\"wp-image-2815\" srcset=\"https:\/\/icoi.ca\/wp-content\/uploads\/2021\/02\/Jill-Hanley-1.jpg 265w, https:\/\/icoi.ca\/wp-content\/uploads\/2021\/02\/Jill-Hanley-1-250x300.jpg 250w\" sizes=\"auto, (max-width: 265px) 100vw, 265px\" \/><\/figure>\n<\/div>\n\n\n<p class=\"\"><strong>Jill Hanley, Universit\u00e9 McGill<\/strong><\/p>\n\n\n\n<p class=\"p-b text-align\">Jill Hanley est professeure agr\u00e9g\u00e9e \u00e0 l\u2019\u00c9cole de travail social et directrice scientifique de l\u2019Institut de recherche SHERPA pour la migration et l\u2019ethnicit\u00e9 dans les interventions en sant\u00e9 et en services sociaux. Le travail de Jill vise \u00e0 combler les \u00e9carts entre les politiques et les pratiques concernant les droits sociaux des populations d\u2019immigrants. Elle dirigera le volet de recherche sur l\u2019inclusion sociale de CIIA.<\/p>\n\n\n\n<p class=\"\"><a href=\"https:\/\/www.mcgill.ca\/socialwork\/about\/people\/faculty\/hanley\" target=\"_blank\" rel=\"noreferrer noopener\">Lire la biographie compl\u00e8te<\/a><\/p>\n<\/div>\n<\/div>\n\n\n\n<p class=\"\"> <\/p>\n\n\n\n<div class=\"wp-block-columns alignfull is-layout-flex wp-container-core-columns-is-layout-9d6595d7 wp-block-columns-is-layout-flex\">\n<div class=\"wp-block-column is-layout-flow wp-block-column-is-layout-flow\">\n<h2 class=\"wp-block-heading has-text-align-center\"><strong>Partenaires communautaires<\/strong><\/h2>\n<\/div>\n<\/div>\n\n\n\n<p class=\"\">   <\/p>\n\n\n\n<div class=\"wp-block-columns alignfull is-layout-flex wp-container-core-columns-is-layout-9d6595d7 wp-block-columns-is-layout-flex\">\n<div class=\"m-r2 wp-block-column is-layout-flow wp-block-column-is-layout-flow\"><div class=\"wp-block-image is-resized\">\n<figure class=\"alignleft size-large\"><img decoding=\"async\" width=\"265\" height=\"318\" loading=\"lazy\" src=\"https:\/\/icoi-staging.avnnsolutions.com\/wp-content\/uploads\/2021\/02\/Annie-Pontbriand.jpg\" alt=\"\" class=\"wp-image-2800\" srcset=\"https:\/\/icoi.ca\/wp-content\/uploads\/2021\/02\/Annie-Pontbriand.jpg 265w, https:\/\/icoi.ca\/wp-content\/uploads\/2021\/02\/Annie-Pontbriand-250x300.jpg 250w\" sizes=\"auto, (max-width: 265px) 100vw, 265px\" \/><\/figure>\n<\/div>\n\n\n<p class=\"\"><strong>Annie Pontbriand, Sherpa<\/strong><\/p>\n\n\n\n<p class=\"\">Annie Pontbriand coordonne depuis 2015 les activit\u00e9s de recherche de l\u2019Institut universitaire Sherpa pour l\u2019immigration, la sant\u00e9 et les services sociaux. Elle poss\u00e8de plus de 18 ans d\u2019exp\u00e9rience dans la coordination de divers projets de recherche, notamment en lien avec l\u2019organisation de services de sant\u00e9 mentale pour les jeunes Autochtones et l\u2019intervention dans le passage \u00e0 l\u2019\u00e2ge adulte.<\/p>\n\n\n\n<p class=\"\"><a href=\"https:\/\/sherpa-recherche.com\/fr\/auteur\/annie-pontbriand\/\" target=\"_blank\" rel=\"noreferrer noopener\">Lire la biographie compl\u00e8te<\/a><\/p>\n<\/div>\n\n\n\n<div class=\"wp-block-column is-layout-flow wp-block-column-is-layout-flow\"><div class=\"wp-block-image is-resized\">\n<figure class=\"alignleft size-large\"><img decoding=\"async\" width=\"265\" height=\"318\" loading=\"lazy\" src=\"https:\/\/icoi.ca\/wp-content\/uploads\/2021\/02\/Nadia-Hebert.png\" alt=\"\" class=\"wp-image-3347\" srcset=\"https:\/\/icoi.ca\/wp-content\/uploads\/2021\/02\/Nadia-Hebert.png 265w, https:\/\/icoi.ca\/wp-content\/uploads\/2021\/02\/Nadia-Hebert-250x300.png 250w\" sizes=\"auto, (max-width: 265px) 100vw, 265px\" \/><\/figure>\n<\/div>\n\n\n<p class=\"\"><strong>Nadia H\u00e9bert, Action Centre-Ville (ACV)<\/strong><\/p>\n\n\n\n<p class=\"text-align\">Nadia H\u00e9bert est dipl\u00f4m\u00e9e du C\u00e9gep du Vieux Montr\u00e9al en techniques de travail social. Elle est \u00e0 Action Centre-Ville depuis la fin de ses \u00e9tudes, soit depuis 2008. Elle a commenc\u00e9 comme intervenante de milieu et a \u00e9t\u00e9 responsable d\u2019un<\/p>\n\n\n\n<p class=\"text-align p-b\"><br>projet d\u2019int\u00e9gration de la communaut\u00e9 chinoise r\u00e9sidant aux Habitations Jeanne-Mance. Action Centre-Ville compte bon nombre de membres ayant diff\u00e9rentes origines culturelles ; 49% des b\u00e9n\u00e9ficiaires proviennent d\u2019un pays autre que le Canada. L\u2019organisme fait un travail d\u2019int\u00e9gration des diff\u00e9rentes cultures avec l\u2019aide d\u2019activit\u00e9s sp\u00e9cifiques durant l\u2019ann\u00e9e.<\/p>\n\n\n\n<p class=\"\"><a href=\"https:\/\/www.acv-montreal.com\/lorganisme\/equipe\/liste-equipe\" target=\"_blank\" rel=\"noreferrer noopener\">Lire la biographie compl\u00e8te<\/a><\/p>\n<\/div>\n<\/div>\n\n\n\n<p class=\"\"> <\/p>\n\n\n\n<div class=\"wp-block-columns alignfull is-layout-flex wp-container-core-columns-is-layout-9d6595d7 wp-block-columns-is-layout-flex\">\n<div class=\"wp-block-column is-layout-flow wp-block-column-is-layout-flow\"><div class=\"wp-block-image is-resized\">\n<figure class=\"alignleft size-large\"><img decoding=\"async\" width=\"265\" height=\"318\" loading=\"lazy\" src=\"https:\/\/icoi.ca\/wp-content\/uploads\/2021\/02\/Sheri-McLeod.jpg\" alt=\"\" class=\"wp-image-3341\" srcset=\"https:\/\/icoi.ca\/wp-content\/uploads\/2021\/02\/Sheri-McLeod.jpg 265w, https:\/\/icoi.ca\/wp-content\/uploads\/2021\/02\/Sheri-McLeod-250x300.jpg 250w\" sizes=\"auto, (max-width: 265px) 100vw, 265px\" \/><\/figure>\n<\/div>\n\n\n<p class=\"\"><strong>Sheri McLeod, NDG Senior Citizens\u2019 Council (NDGSCC)<\/strong><\/p>\n\n\n\n<p class=\"text-align p-b\">Sheri McLeod est directrice g\u00e9n\u00e9rale du Conseil des a\u00een\u00e9s et des a\u00een\u00e9es de N.D.G., situ\u00e9 \u00e0 l\u2019ouest de Montr\u00e9al. Ayant occup\u00e9 divers postes dans le secteur des organismes communautaires \u00e0 titre de professionnelle et de b\u00e9n\u00e9vole, elle poss\u00e8de une vaste exp\u00e9rience en analyse de politiques, en \u00e9laboration de programmes et en gestion du changement ainsi qu\u2019en planification strat\u00e9gique dans le secteur sans but lucratif. Dipl\u00f4m\u00e9e en travail social de l\u2019Universit\u00e9 McGill, elle vise \u00e0 exercer son influence sur les politiques aux paliers municipal, provincial et f\u00e9d\u00e9ral, ainsi qu\u2019au sein de la soci\u00e9t\u00e9 locale.<\/p>\n<\/div>\n<\/div>\n\n\n\n<div style=\"height:3px\" aria-hidden=\"true\" class=\"wp-block-spacer\"><\/div>\n\n\n\n<div class=\"wp-block-columns alignfull is-layout-flex wp-container-core-columns-is-layout-9d6595d7 wp-block-columns-is-layout-flex\">\n<div class=\"wp-block-column is-layout-flow wp-block-column-is-layout-flow\">\n<h2 class=\"wp-block-heading has-text-align-center\"><strong>Academic Partners<\/strong><\/h2>\n<\/div>\n<\/div>\n\n\n\n<p class=\"\">   <\/p>\n\n\n\n<div class=\"wp-block-columns alignfull is-layout-flex wp-container-core-columns-is-layout-9d6595d7 wp-block-columns-is-layout-flex\">\n<div class=\"wp-block-column is-layout-flow wp-block-column-is-layout-flow\"><div class=\"wp-block-image mt-0 m-2 is-resized\">\n<figure class=\"alignleft size-large\"><img decoding=\"async\" width=\"265\" height=\"318\" loading=\"lazy\" src=\"https:\/\/icoi-staging.avnnsolutions.com\/wp-content\/uploads\/2021\/01\/4.png\" alt=\"\" class=\"wp-image-1962\" srcset=\"https:\/\/icoi.ca\/wp-content\/uploads\/2021\/01\/4.png 265w, https:\/\/icoi.ca\/wp-content\/uploads\/2021\/01\/4-250x300.png 250w\" sizes=\"auto, (max-width: 265px) 100vw, 265px\" \/><\/figure>\n<\/div>\n\n\n<p class=\"\"><strong>Ilyan Ferrer, University of Carleton<\/strong><\/p>\n\n\n\n<p class=\"text-align p-b\">Ilyan Ferrer est professeur adjoint \u00e0 la Facult\u00e9 de travail social. Ses recherches portent sur les intersections du vieillissement, de l\u2019immigration, du travail et des exp\u00e9riences de soins des communaut\u00e9s racialis\u00e9es au Canada. Le travail d\u2019Ilyan int\u00e8gre l\u2019intersectionnalit\u00e9, l\u2019histoire orale et la th\u00e9orie et la pratique du travail social anti-oppressif.&nbsp;<\/p>\n\n\n\n<p class=\"text-align\"><a href=\"https:\/\/carleton.ca\/socialwork\/people\/ilyan-ferrer\/\" target=\"_blank\" rel=\"noreferrer noopener\">Lire la biographie compl\u00e8te<\/a><\/p>\n<\/div>\n\n\n\n<div class=\"wp-block-column is-layout-flow wp-block-column-is-layout-flow\"><div class=\"wp-block-image is-resized\">\n<figure class=\"alignleft size-large\"><img decoding=\"async\" width=\"265\" height=\"318\" loading=\"lazy\" src=\"https:\/\/icoi.ca\/wp-content\/uploads\/2021\/02\/Marie-Emmanuelle-Laquerre.jpg\" alt=\"\" class=\"wp-image-2853\" srcset=\"https:\/\/icoi.ca\/wp-content\/uploads\/2021\/02\/Marie-Emmanuelle-Laquerre.jpg 265w, https:\/\/icoi.ca\/wp-content\/uploads\/2021\/02\/Marie-Emmanuelle-Laquerre-250x300.jpg 250w\" sizes=\"auto, (max-width: 265px) 100vw, 265px\" \/><\/figure>\n<\/div>\n\n\n<p class=\"\"><strong>Marie-Emmanuelle Laquerre, Universit\u00e9 du Qu\u00e9bec \u00e0 Montr\u00e9al<\/strong><\/p>\n\n\n\n<p class=\"text-align p-b\">Marie-Emmanuelle Laquerre est professeure au D\u00e9partement de communication sociale et publique de l\u2019Universit\u00e9 du Qu\u00e9bec \u00e0 Montr\u00e9al. Elle enseigne la communication interpersonnelle et l\u2019intervention entre particuliers et petits groupes. Ses recherches en g\u00e9rontologie sociale portent sur l\u2019humanisation des soins et des services de sant\u00e9 pour les immigrants \u00e2g\u00e9s, ainsi que sur les relations professionnelles dans des situations de diversit\u00e9 ethnoculturelle.<\/p>\n\n\n\n<p class=\"\"><a href=\"https:\/\/professeurs.uqam.ca\/professeur\/laquerre.marie-emmanuelle\/\" target=\"_blank\" rel=\"noreferrer noopener\">Lire la biographie compl\u00e8te<\/a><\/p>\n<\/div>\n<\/div>\n\n\n\n<div style=\"height:3px\" aria-hidden=\"true\" class=\"wp-block-spacer\"><\/div>\n\n\n\n<div class=\"wp-block-columns alignfull is-layout-flex wp-container-core-columns-is-layout-9d6595d7 wp-block-columns-is-layout-flex\">\n<div class=\"wp-block-column is-layout-flow wp-block-column-is-layout-flow\"><div class=\"wp-block-image is-resized\">\n<figure class=\"alignleft size-large\"><img decoding=\"async\" width=\"265\" height=\"318\" loading=\"lazy\" src=\"https:\/\/icoi.ca\/wp-content\/uploads\/2021\/01\/33.png\" alt=\"\" class=\"wp-image-2095\" srcset=\"https:\/\/icoi.ca\/wp-content\/uploads\/2021\/01\/33.png 265w, https:\/\/icoi.ca\/wp-content\/uploads\/2021\/01\/33-250x300.png 250w\" sizes=\"auto, (max-width: 265px) 100vw, 265px\" \/><\/figure>\n<\/div>\n\n\n<p class=\"\"><strong>Maryse Souli\u00e8res, Universit\u00e9 du Qu\u00e9bec \u00e0 Montr\u00e9al<\/strong><\/p>\n\n\n\n<p class=\"text-align\">Maryse Souli\u00e8res est professeure adjointe \u00e0 l\u2019\u00c9cole de travail social de l\u2019Universit\u00e9 de Montr\u00e9al. Ses int\u00e9r\u00eats de recherche concernent les personnes \u00e2g\u00e9es en situation de vuln\u00e9rabilit\u00e9, notamment en lien avec les troubles<\/p>\n\n\n\n<p class=\"text-align p-b\">neurocognitifs majeurs, la fin de vie et les milieux d\u2019h\u00e9bergement et de soins de longue dur\u00e9e. Elle a fait partie de l\u2019\u00e9quipe qui a mis sur pieds la Ligne Aide Abus A\u00een\u00e9s, ligne d\u2019intervention t\u00e9l\u00e9phonique provinciale contre la maltraitance envers les a\u00een\u00e9s. Elle a auparavant travaill\u00e9 dans divers milieux d\u2019h\u00e9bergement pour a\u00een\u00e9s, \u00e0 titre<br>de pr\u00e9pos\u00e9e aux b\u00e9n\u00e9ficiaires, travailleuse sociale, conseill\u00e8re en milieu de vie et commissaire aux plaintes et \u00e0 la qualit\u00e9 des services.<\/p>\n\n\n\n<p class=\"\"><a href=\"https:\/\/travail-social.umontreal.ca\/repertoire-departement\/professeures\/professeur\/in\/in32717\/sg\/Maryse%20Souli%C3%A8res\/\" target=\"_blank\" rel=\"noreferrer noopener\">Lire la biographie compl\u00e8te<\/a><\/p>\n<\/div>\n\n\n\n<div class=\"m-r2 wp-block-column is-layout-flow wp-block-column-is-layout-flow\"><div class=\"wp-block-image is-resized\">\n<figure class=\"alignleft size-large\"><img decoding=\"async\" width=\"265\" height=\"318\" loading=\"lazy\" src=\"https:\/\/icoi.ca\/wp-content\/uploads\/2021\/01\/32.png\" alt=\"\" class=\"wp-image-2093\" srcset=\"https:\/\/icoi.ca\/wp-content\/uploads\/2021\/01\/32.png 265w, https:\/\/icoi.ca\/wp-content\/uploads\/2021\/01\/32-250x300.png 250w\" sizes=\"auto, (max-width: 265px) 100vw, 265px\" \/><\/figure>\n<\/div>\n\n\n<p class=\"\"><strong>Salima Massoui, Universit\u00e9 du Qu\u00e9bec \u00e0 Montr\u00e9al<\/strong><\/p>\n\n\n\n<p class=\"text-align\">Salima Massoui est professeure associ\u00e9e \u00e0 l\u2019\u00c9cole de travail social de l\u2019Universit\u00e9 du Qu\u00e9bec \u00e0 Montr\u00e9al. Ses champs d\u2019int\u00e9r\u00eat se rapportent \u00e0 l\u2019immigration, aux relations interethniques, aux rapports de genre, de m\u00eame qu\u2019\u00e0 la violence et \u00e0 l\u2019homicide conjugaux au Qu\u00e9bec comme en <\/p>\n\n\n\n<p class=\"text-align p-b\">Afrique du Nord. Plus r\u00e9cemment, elle a \u00e9largi ses recherches aux parcours migratoires des personnes r\u00e9fugi\u00e9es et demandeuses d\u2019asile nouvellement install\u00e9es au Qu\u00e9bec, et plus particuli\u00e8rement \u00e0 leur parcours d\u2019acc\u00e8s aux soins de sant\u00e9 et de services sociaux. Salima est enfin membre de plusieurs groupes de recherche universitaire tels que Trajetvi et la Canadian Domestic Homicide Prevention Initiative with Vulnerable Populations.<\/p>\n\n\n\n<p class=\"\"><a href=\"https:\/\/professeurs.uqam.ca\/professeur\/nsw28yylaEc_\/\" target=\"_blank\" rel=\"noreferrer noopener\">Lire la biographie compl\u00e8te<\/a><\/p>\n<\/div>\n<\/div>\n\n\n\n<p class=\"\"> <\/p>\n\n\n\n<div class=\"wp-block-columns alignfull is-layout-flex wp-container-core-columns-is-layout-9d6595d7 wp-block-columns-is-layout-flex\">\n<div class=\"wp-block-column is-layout-flow wp-block-column-is-layout-flow\"><div class=\"wp-block-image is-resized\">\n<figure class=\"alignleft size-large\"><img decoding=\"async\" width=\"265\" height=\"318\" loading=\"lazy\" src=\"https:\/\/icoi-staging.avnnsolutions.com\/wp-content\/uploads\/2021\/01\/2.png\" alt=\"\" class=\"wp-image-1956\" srcset=\"https:\/\/icoi.ca\/wp-content\/uploads\/2021\/01\/2.png 265w, https:\/\/icoi.ca\/wp-content\/uploads\/2021\/01\/2-250x300.png 250w\" sizes=\"auto, (max-width: 265px) 100vw, 265px\" \/><\/figure>\n<\/div>\n\n\n<p class=\"\"><strong>Sonia Ben Soltane, Universit\u00e9 d\u2019Ottawa<\/strong><\/p>\n\n\n\n<p class=\"text-align p-b\">Sonia Ben Soltane est professeure de travail social \u00e0 la Facult\u00e9 des sciences sociales. Dans ses recherches, elle \u00e9tudie l\u2019immigration des femmes en adoptant une position intersectionnelle f\u00e9ministe. Elle poss\u00e8de \u00e9galement une vaste exp\u00e9rience en recherche sur l\u2019immigration au Canada et en France. <\/p>\n\n\n\n<p class=\"\"><a href=\"https:\/\/www.grefops.ca\/notre-equipe.html\" target=\"_blank\" rel=\"noreferrer noopener\">Lire la biographie compl\u00e8te<\/a><\/p>\n<\/div>\n<\/div>\n<\/div><\/div>","protected":false},"excerpt":{"rendered":"<p>Provincial Team Lead Jill Hanley, McGill University Jill Hanley is an Associate Professor in the School of Social Work and Scientific Director of the Sherpa Research Institute on Migration, Health and Social Services. Jill\u2019s work focuses on closing the gaps between policies and practice concerning the social rights of migrant populations. Jill will lead the [&hellip;]<\/p>","protected":false},"author":1,"featured_media":0,"parent":0,"menu_order":0,"comment_status":"closed","ping_status":"closed","template":"","meta":{"nf_dc_page":"","sfsi_plus_gutenberg_text_before_share":"","sfsi_plus_gutenberg_show_text_before_share":"","sfsi_plus_gutenberg_icon_type":"","sfsi_plus_gutenberg_icon_alignemt":"","sfsi_plus_gutenburg_max_per_row":"","footnotes":"","_links_to":"","_links_to_target":""},"class_list":["post-1924","page","type-page","status-publish","hentry"],"_links":{"self":[{"href":"https:\/\/icoi.ca\/fr\/wp-json\/wp\/v2\/pages\/1924","targetHints":{"allow":["GET"]}}],"collection":[{"href":"https:\/\/icoi.ca\/fr\/wp-json\/wp\/v2\/pages"}],"about":[{"href":"https:\/\/icoi.ca\/fr\/wp-json\/wp\/v2\/types\/page"}],"author":[{"embeddable":true,"href":"https:\/\/icoi.ca\/fr\/wp-json\/wp\/v2\/users\/1"}],"replies":[{"embeddable":true,"href":"https:\/\/icoi.ca\/fr\/wp-json\/wp\/v2\/comments?post=1924"}],"version-history":[{"count":15,"href":"https:\/\/icoi.ca\/fr\/wp-json\/wp\/v2\/pages\/1924\/revisions"}],"predecessor-version":[{"id":4239,"href":"https:\/\/icoi.ca\/fr\/wp-json\/wp\/v2\/pages\/1924\/revisions\/4239"}],"wp:attachment":[{"href":"https:\/\/icoi.ca\/fr\/wp-json\/wp\/v2\/media?parent=1924"}],"curies":[{"name":"wp","href":"https:\/\/api.w.org\/{rel}","templated":true}]}}