{"id":20,"date":"2020-12-26T07:28:51","date_gmt":"2020-12-26T07:28:51","guid":{"rendered":"http:\/\/localhost\/icoiste\/?page_id=20"},"modified":"2026-04-19T22:28:36","modified_gmt":"2026-04-19T22:28:36","slug":"the-new-umoma-opens-its-doors-2","status":"publish","type":"page","link":"https:\/\/icoi.ca\/fr\/","title":{"rendered":"Accueil"},"content":{"rendered":"<div class=\"hom-banner wp-block-group alignfull has-background\" style=\"background-color:#ffffff\"><div class=\"wp-block-group__inner-container is-layout-flow wp-block-group-is-layout-flow\"><div class=\"wp1s-slider-wrapper wp1s-slider-wrapper-37631\">  \r\n    <div class=\"wp1s-main-wrapper\">\r\n      \r\n\r\n    <div class=\"wp1s-slider-container wp1s-pager-type-1 wp1s-arrow-type-6 wp1s-pagination\">\r\n    <ul class=\"wp1s-bxslider\" data-id=\"37631\" data-auto='true' data-speed='1000' data-pause='9000' data-transition='horizontal' data-controls='true' data-responsive='true' data-pager='dot' >\r\n            <li>\r\n            <img decoding=\"async\" src=\"https:\/\/icoi.ca\/wp-content\/uploads\/2021\/02\/shutterstock_1752251450.jpg\" \/>\r\n            <div class=\"wp1s-caption-wrapper wp1s-caption-type-1 wp1s-caption-topleft\">\r\n            <h1 class=\"wp1s-caption-title\"><\/h1>\r\n            <h2 class=\"wp1s-caption-content\"><\/h2>\r\n                        <\/div>\r\n        <\/li>\r\n            <li>\r\n            <img decoding=\"async\" src=\"https:\/\/icoi.ca\/wp-content\/uploads\/2021\/02\/shutterstock_67929178.jpg\" \/>\r\n            <div class=\"wp1s-caption-wrapper wp1s-caption-type-1 wp1s-caption-topleft\">\r\n            <h1 class=\"wp1s-caption-title\"><\/h1>\r\n            <h2 class=\"wp1s-caption-content\"><\/h2>\r\n                        <\/div>\r\n        <\/li>\r\n            <li>\r\n            <img decoding=\"async\" src=\"https:\/\/icoi.ca\/wp-content\/uploads\/2021\/02\/shutterstock_1626566677.jpg\" \/>\r\n            <div class=\"wp1s-caption-wrapper wp1s-caption-type-1 wp1s-caption-topleft\">\r\n            <h1 class=\"wp1s-caption-title\"><\/h1>\r\n            <h2 class=\"wp1s-caption-content\"><\/h2>\r\n                        <\/div>\r\n        <\/li>\r\n            <li>\r\n            <img decoding=\"async\" src=\"https:\/\/icoi.ca\/wp-content\/uploads\/2021\/02\/Multicultural-older-adult-1.jpg\" \/>\r\n            <div class=\"wp1s-caption-wrapper wp1s-caption-type-1 wp1s-caption-topleft\">\r\n            <h1 class=\"wp1s-caption-title\"><\/h1>\r\n            <h2 class=\"wp1s-caption-content\"><\/h2>\r\n                        <\/div>\r\n        <\/li>\r\n            <li>\r\n            <img decoding=\"async\" src=\"https:\/\/icoi.ca\/wp-content\/uploads\/2021\/02\/banner-final.jpg\" \/>\r\n            <div class=\"wp1s-caption-wrapper wp1s-caption-type-1 wp1s-caption-topleft\">\r\n            <h1 class=\"wp1s-caption-title\"><\/h1>\r\n            <h2 class=\"wp1s-caption-content\"><\/h2>\r\n                        <\/div>\r\n        <\/li>\r\n        <\/ul>\r\n    <\/div>\r\n<\/div>\r\n      <\/div>\r\n   <style>\r\n\r\n.wp1s-slider-wrapper-37631 {\r\n    \r\n     width:1920%;   \r\n}\r\n\r\n.wp1s-slider-wrapper-37631 .wp1s-caption-wrapper.wp1s-caption-type-1 .wp1s-caption-title{\r\n\r\n    font-size:20px;\r\n   \r\n}\r\n\r\n.wp1s-slider-wrapper-37631 .wp1s-caption-wrapper.wp1s-caption-type-1 .wp1s-caption-content{\r\n   \r\n    font-size: 40px;\r\n    \r\n}\r\n.wp1s-slider-wrapper-37631 .wp1s-caption-wrapper.wp1s-caption-type-2 .wp1s-caption-title {\r\n    font-size:20px;\r\n    background-color:rgba(125,165,82,0.8);\r\n   \r\n}\r\n.wp1s-slider-wrapper-37631 .wp1s-caption-wrapper.wp1s-caption-type-2 .wp1s-caption-content {\r\n    font-size:40px;\r\n\r\n}\r\n.wp1s-slider-wrapper-37631 .wp1s-caption-wrapper.wp1s-caption-type-3 .wp1s-caption-title {\r\n    font-size:20px;\r\n    border-bottom:7px solid #2ed1ff;\r\n}\r\n.wp1s-slider-wrapper-37631 .wp1s-caption-wrapper.wp1s-caption-type-3 .wp1s-caption-content {\r\n    font-size:40px;\r\n   \r\n}\r\n.wp1s-slider-wrapper-37631 .wp1s-caption-wrapper.wp1s-caption-type-4  {\r\n   \r\n    background-color:rgba(124,118,118,0.6);\r\n\r\n}\r\n.wp1s-slider-wrapper-37631 .wp1s-caption-wrapper.wp1s-caption-type-4 .wp1s-caption-title {\r\n    font-size:20px;\r\n\r\n}\r\n.wp1s-slider-wrapper-37631 .wp1s-caption-wrapper.wp1s-caption-type-4 .wp1s-caption-content {\r\n    font-size:40px;\r\n}\r\n.wp1s-slider-wrapper-37631 .wp1s-caption-wrapper .wp1s-caption-title {\r\n    color:#ffffff;\r\n}\r\n.wp1s-slider-wrapper-37631 .wp1s-caption-wrapper .wp1s-caption-content {\r\n    color:#ffffff;\r\n}\r\n.wp1s-slider-wrapper-37631 .wp1s-main-wrapper .wp1s-pager-type-1 .bx-wrapper .bx-pager.bx-default-pager a {\r\n    background-color:#ffffff;\r\n}\r\n.wp1s-slider-wrapper-37631 .wp1s-main-wrapper .wp1s-pager-type-1 .bx-wrapper .bx-pager.bx-default-pager a:hover, \r\n.wp1s-slider-wrapper-37631 .wp1s-main-wrapper .wp1s-pager-type-1 .bx-wrapper .bx-pager.bx-default-pager a.active {\r\n    background-color:#3bb1f4;\r\n}\r\n.wp1s-slider-wrapper-37631 .wp1s-main-wrapper .wp1s-pager-type-2 .bx-wrapper .bx-pager.bx-default-pager a {\r\n    background-color:#635e5e;\r\n    border:3px solid #979191;\r\n}\r\n.wp1s-slider-wrapper-37631 .wp1s-main-wrapper .wp1s-pager-type-2 .bx-wrapper .bx-pager.bx-default-pager a:hover, \r\n.wp1s-slider-wrapper-37631 .wp1s-main-wrapper .wp1s-pager-type-2 .bx-wrapper .bx-pager.bx-default-pager a.active {\r\n    background-color:#ffffff;\r\n}\r\n.wp1s-slider-wrapper-37631 .wp1s-main-wrapper .wp1s-pager-type-3 .bx-wrapper .bx-pager.bx-default-pager a {\r\n    border:1px solid #ffffff;\r\n   \r\n}\r\n.wp1s-slider-wrapper-37631 .wp1s-main-wrapper .wp1s-pager-type-3 .bx-wrapper .bx-pager.bx-default-pager a:hover, \r\n.wp1s-slider-wrapper-37631 .wp1s-main-wrapper .wp1s-pager-type-3 .bx-wrapper .bx-pager.bx-default-pager a.active {\r\n    border-color:#ff9600;\r\n}\r\n.wp1s-slider-wrapper-37631 .wp1s-main-wrapper .wp1s-pager-type-4 .bx-wrapper .bx-pager.bx-default-pager a {\r\n    background-color:#7a7a7a;\r\n    \r\n}\r\n.wp1s-slider-wrapper-37631 .wp1s-main-wrapper .wp1s-pager-type-4 .bx-wrapper .bx-pager.bx-default-pager a:hover, \r\n.wp1s-slider-wrapper-37631 .wp1s-main-wrapper .wp1s-pager-type-4 .bx-wrapper .bx-pager.bx-default-pager a.active {\r\n    background-color:#ffffff;\r\n}\r\n.wp1s-slider-wrapper-37631 .wp1s-caption-wrapper.wp1s-caption-type-1 .wps1-readmore-button {\r\n    background-color: #078f8a;\r\n    box-shadow: 0 2px 0 #056460;\r\n    -webkit-box-shadow: 0 2px 0 #056460;\r\n    -moz-box-shadow: 0 2px 0 #056460;\r\n}\r\n.wp1s-slider-wrapper-37631 .wp1s-caption-wrapper.wp1s-caption-type-1 .wps1-readmore-button:hover {\r\n    background-color:#08a39d;\r\n}\r\n@media (max-width:1200px) {\r\n.wp1s-slider-wrapper-37631 .wp1s-slider-wrapper {\r\nwidth:100%;\r\n}\r\n}\r\n.wp1s-widget-wrap .wp1s-caption-wrapper {\r\n\r\ndisplay: none;\r\n}\r\n\r\n.wp1s-widget-wrap .wp1s-thumbnail-wrapper {\r\ndisplay: none;\r\n}\r\n\r\n<\/style>\n<\/div><\/div>\n\n\n\n<div class=\"animated fadeInUp wp-block-group alignfull\"><div class=\"wp-block-group__inner-container is-layout-flow wp-block-group-is-layout-flow\">\n<blockquote class=\"is-style-default wp-block-quote has-text-align-center is-layout-flow wp-block-quote-is-layout-flow\">\n<p class=\"\">\"Une m\u00e9thode comparative nationale fond\u00e9e sur le genre pour mieux comprendre l\u2019isolement social au Canada des immigrants \u00e2g\u00e9s d\u2019origines diverses, qui fait appel \u00e0 diff\u00e9rents intervenants, groupes et connaissances locales.\"<\/p>\n<\/blockquote>\n<\/div><\/div>\n\n\n\n<div class=\"overrall-section wp-block-group alignfull has-background\" style=\"background-color:#ffffff\"><div class=\"wp-block-group__inner-container is-layout-flow wp-block-group-is-layout-flow\">\n<h2 class=\"animated fadeInUp wp-block-heading has-text-align-center has-text-color\" style=\"color:#004d99\">\u00c0 propos du projet<\/h2>\n\n\n<div class=\"wp-block-image\">\n<figure class=\"aligncenter size-large\"><img decoding=\"async\" width=\"250\" height=\"256\" loading=\"lazy\" src=\"https:\/\/icoi.ca\/wp-content\/uploads\/2021\/02\/icoi-logo-250.png\" alt=\"\" class=\"wp-image-3423\"\/><\/figure>\n<\/div>\n\n\n<p class=\"animated fadeInUp has-text-align-center\">Le partenariat Collectivit\u00e9s Inclusives pour les ImmigrantEs \u00c2g\u00e9Es (CIIA) s\u2019appr\u00eate \u00e0 donner le coup d\u2019envoi \u00e0 un projet multidisciplinaire, multisectoriel et interprovincial qui durera 7 ans. Ce projet permettra de nouer des liens durables dans le but de d\u00e9velopper le savoir sur l\u2019isolement social et de cr\u00e9er une connexit\u00e9 sociale chez les immigrants \u00e2g\u00e9s, de soutenir l\u2019\u00e9change de connaissances et d\u2019am\u00e9liorer la vie des immigrants \u00e2g\u00e9s.<\/p>\n\n\n\n<div class=\"ab-section-button wp-block-buttons is-layout-flex wp-block-buttons-is-layout-flex\">\n<div class=\"wp-block-button\"><a class=\"wp-block-button__link wp-element-button\" href=\"\/fr\/about\/\" style=\"border-radius:50px\">Lire la suite<\/a><\/div>\n<\/div>\n<\/div><\/div>\n\n\n\n<div class=\"center-section wp-block-group alignfull has-text-color\" style=\"color:#1b75bc\"><div class=\"wp-block-group__inner-container is-layout-flow wp-block-group-is-layout-flow\">\n<h2 class=\"animated fadeInUp wp-block-heading alignfull has-text-align-center has-text-color\" style=\"color:#004d99\">Phases du projet<\/h2>\n\n\n\n<figure class=\"wp-block-image size-large is-resized\"><img decoding=\"async\" width=\"1024\" height=\"202\" loading=\"lazy\" src=\"https:\/\/icoi-staging.avnnsolutions.com\/wp-content\/uploads\/2021\/02\/main-2-image-png-1024x202.png\" alt=\"\" class=\"wp-image-2851\" style=\"width:1200px;height:237px\" srcset=\"https:\/\/icoi.ca\/wp-content\/uploads\/2021\/02\/main-2-image-png-1024x202.png 1024w, https:\/\/icoi.ca\/wp-content\/uploads\/2021\/02\/main-2-image-png-300x59.png 300w, https:\/\/icoi.ca\/wp-content\/uploads\/2021\/02\/main-2-image-png-768x152.png 768w, https:\/\/icoi.ca\/wp-content\/uploads\/2021\/02\/main-2-image-png.png 1200w\" sizes=\"auto, (max-width: 1024px) 100vw, 1024px\" \/><\/figure>\n\n\n\n<p class=\"animated fadeInUp content-line has-primary-color has-text-color\"><strong>Phase 01:<\/strong>  Affermir la compr\u00e9hension globale des facteurs contribuant \u00e0 l\u2019isolement social\/la connexit\u00e9 sociale<\/p>\n\n\n\n<p class=\"animated fadeInUp content-line has-primary-color has-text-color\"><strong>Phase 02:<\/strong>  D\u00e9terminer les interventions visant \u00e0 lutter contre l\u2019isolement social\/renforcer la connexit\u00e9 sociale<\/p>\n\n\n\n<p class=\"animated fadeInUp content-line has-primary-color has-text-color\"><strong>Phase 03:<\/strong>  Concevoir en collaboration avec les partenaires du projet des interventions dans le but de lutter contre l\u2019isolement social\/renforcer la connexit\u00e9 sociale.<\/p>\n\n\n\n<p class=\"animated fadeInUp content-line has-primary-color has-text-color\"><strong>Phase 04:<\/strong>  \u00c9valuer la faisabilit\u00e9, la satisfaction et l\u2019efficacit\u00e9 pr\u00e9liminaire des interventions.<\/p>\n\n\n\n<div class=\"wp-block-buttons is-layout-flex wp-block-buttons-is-layout-flex\">\n<div class=\"wp-block-button\"><a class=\"wp-block-button__link wp-element-button\" href=\"\/fr\/about\/\" style=\"border-radius:50px\">Lire la suite<\/a><\/div>\n<\/div>\n<\/div><\/div>\n\n\n\n\n<div class=\"wp-block-group newsletter-section\"><div class=\"wp-block-group__inner-container is-layout-flow wp-block-group-is-layout-flow\">\n\n\n<h2 class=\"has-text-align-center wp-block-heading\">Infolettres<\/h2>\n\n\n\n<div class=\"wp-block-columns is-layout-flex wp-container-core-columns-is-layout-9d6595d7 wp-block-columns-is-layout-flex\">\n\n\n<div class=\"wp-block-column is-layout-flow wp-block-column-is-layout-flow\">\n\n\n<div class=\"wp-block-columns newsletter-row is-layout-flex wp-container-core-columns-is-layout-9d6595d7 wp-block-columns-is-layout-flex\">\n<div class=\"wp-block-column\" style=\"flex-basis:160px;flex-grow:0;flex-shrink:0\"><div class=\"wp-block-buttons\"><div class=\"wp-block-button\"><a class=\"wp-block-button__link\" href=\"https:\/\/icoi.ca\/wp-content\/uploads\/2020\/12\/Fall-2025.docx-2.pdf\" target=\"_blank\" rel=\"noopener\">t\u00e9l\u00e9charger<\/a><\/div><\/div><\/div>\n<div class=\"wp-block-column\"><p>Val 2025 Nuusbrief<\/p><\/div>\n<\/div>\n\n\n\n<div class=\"wp-block-columns newsletter-row is-layout-flex wp-container-core-columns-is-layout-9d6595d7 wp-block-columns-is-layout-flex\">\n<div class=\"wp-block-column\" style=\"flex-basis:160px;flex-grow:0;flex-shrink:0\"><div class=\"wp-block-buttons\"><div class=\"wp-block-button\"><a class=\"wp-block-button__link\" href=\"https:\/\/icoi.ca\/wp-content\/uploads\/2020\/12\/Summer-2025.docx-1.pdf\" target=\"_blank\" rel=\"noopener\">t\u00e9l\u00e9charger<\/a><\/div><\/div><\/div>\n<div class=\"wp-block-column\"><p>Somervakansie 2025 Nuusbrief<\/p><\/div>\n<\/div>\n\n\n\n<div class=\"wp-block-columns newsletter-row is-layout-flex wp-container-core-columns-is-layout-9d6595d7 wp-block-columns-is-layout-flex\">\n<div class=\"wp-block-column\" style=\"flex-basis:160px;flex-grow:0;flex-shrink:0\"><div class=\"wp-block-buttons\"><div class=\"wp-block-button\"><a class=\"wp-block-button__link\" href=\"https:\/\/icoi.ca\/wp-content\/uploads\/2020\/12\/Spring-2025.docx-1.pdf\" target=\"_blank\" rel=\"noopener\">t\u00e9l\u00e9charger<\/a><\/div><\/div><\/div>\n<div class=\"wp-block-column\"><p>Lente 2025 Nuusbrief<\/p><\/div>\n<\/div>\n\n\n\n<div class=\"wp-block-columns newsletter-row is-layout-flex wp-container-core-columns-is-layout-9d6595d7 wp-block-columns-is-layout-flex\">\n<div class=\"wp-block-column\" style=\"flex-basis:160px;flex-grow:0;flex-shrink:0\"><div class=\"wp-block-buttons\"><div class=\"wp-block-button\"><a class=\"wp-block-button__link\" href=\"https:\/\/icoi.ca\/wp-content\/uploads\/2020\/12\/Winter-2025.docx-1.pdf\" target=\"_blank\" rel=\"noopener\">t\u00e9l\u00e9charger<\/a><\/div><\/div><\/div>\n<div class=\"wp-block-column\"><p>Winter 2025 Nuusbrief<\/p><\/div>\n<\/div>\n\n\n\n<div class=\"wp-block-columns newsletter-row is-layout-flex wp-container-core-columns-is-layout-9d6595d7 wp-block-columns-is-layout-flex\">\n<div class=\"wp-block-column\" style=\"flex-basis:160px;flex-grow:0;flex-shrink:0\"><div class=\"wp-block-buttons\"><div class=\"wp-block-button\"><a class=\"wp-block-button__link\" href=\"https:\/\/icoi.ca\/wp-content\/uploads\/2020\/12\/Final-copy-Fall-2024-Jan-7th.docx.pdf\" target=\"_blank\" rel=\"noopener\">t\u00e9l\u00e9charger<\/a><\/div><\/div><\/div>\n<div class=\"wp-block-column\"><p>Herfs 2024 Nuusbrief<\/p><\/div>\n<\/div>\n\n\n\n<div class=\"wp-block-columns newsletter-row is-layout-flex wp-container-core-columns-is-layout-9d6595d7 wp-block-columns-is-layout-flex\">\n<div class=\"wp-block-column\" style=\"flex-basis:160px;flex-grow:0;flex-shrink:0\"><div class=\"wp-block-buttons\"><div class=\"wp-block-button\"><a class=\"wp-block-button__link\" href=\"https:\/\/icoi.ca\/wp-content\/uploads\/2020\/12\/Final-copy-Summer-2024-Jan-7th.docx.pdf\" target=\"_blank\" rel=\"noopener\">t\u00e9l\u00e9charger<\/a><\/div><\/div><\/div>\n<div class=\"wp-block-column\"><p>Somer 2024 Nuusbrief<\/p><\/div>\n<\/div>\n\n\n<\/div>\n\n\n\n<div class=\"wp-block-column is-layout-flow wp-block-column-is-layout-flow\">\n\n\n<div class=\"wp-block-columns newsletter-row is-layout-flex wp-container-core-columns-is-layout-9d6595d7 wp-block-columns-is-layout-flex\">\n<div class=\"wp-block-column\" style=\"flex-basis:160px;flex-grow:0;flex-shrink:0\"><div class=\"wp-block-buttons\"><div class=\"wp-block-button\"><a class=\"wp-block-button__link\" href=\"https:\/\/icoi.ca\/wp-content\/uploads\/2020\/12\/Final-Copy-Winter-2024-Jan-7th.docx.pdf\" target=\"_blank\" rel=\"noopener\">t\u00e9l\u00e9charger<\/a><\/div><\/div><\/div>\n<div class=\"wp-block-column\"><p>Winter 2024 Nuusbrief<\/p><\/div>\n<\/div>\n\n\n\n<div class=\"wp-block-columns newsletter-row is-layout-flex wp-container-core-columns-is-layout-9d6595d7 wp-block-columns-is-layout-flex\">\n<div class=\"wp-block-column\" style=\"flex-basis:160px;flex-grow:0;flex-shrink:0\"><div class=\"wp-block-buttons\"><div class=\"wp-block-button\"><a class=\"wp-block-button__link\" href=\"https:\/\/icoi.ca\/wp-content\/uploads\/2020\/12\/ICOI-Newsletter-Summer-2023-1.pdf\" target=\"_blank\" rel=\"noopener\">t\u00e9l\u00e9charger<\/a><\/div><\/div><\/div>\n<div class=\"wp-block-column\"><p>Somer 2023 Nuusbrief<\/p><\/div>\n<\/div>\n\n\n\n<div class=\"wp-block-columns newsletter-row is-layout-flex wp-container-core-columns-is-layout-9d6595d7 wp-block-columns-is-layout-flex\">\n<div class=\"wp-block-column\" style=\"flex-basis:160px;flex-grow:0;flex-shrink:0\"><div class=\"wp-block-buttons\"><div class=\"wp-block-button\"><a class=\"wp-block-button__link\" href=\"https:\/\/icoi.ca\/wp-content\/uploads\/2020\/12\/ICOI-Newsletter-Vol.2-Iss.2-Winter-2022-3.pdf\" target=\"_blank\" rel=\"noopener\">t\u00e9l\u00e9charger<\/a><\/div><\/div><\/div>\n<div class=\"wp-block-column\"><p>Winter 2022 Nuusbrief<\/p><\/div>\n<\/div>\n\n\n\n<div class=\"wp-block-columns newsletter-row is-layout-flex wp-container-core-columns-is-layout-9d6595d7 wp-block-columns-is-layout-flex\">\n<div class=\"wp-block-column\" style=\"flex-basis:160px;flex-grow:0;flex-shrink:0\"><div class=\"wp-block-buttons\"><div class=\"wp-block-button\"><a class=\"wp-block-button__link\" href=\"https:\/\/icoi.ca\/wp-content\/uploads\/2020\/12\/ICOI_Newsletter-Vol.2-Iss.1-Summer-2021-1-1.pdf\" target=\"_blank\" rel=\"noopener\">t\u00e9l\u00e9charger<\/a><\/div><\/div><\/div>\n<div class=\"wp-block-column\"><p>Somer 2021 Nuusbrief<\/p><\/div>\n<\/div>\n\n\n\n<div class=\"wp-block-columns newsletter-row is-layout-flex wp-container-core-columns-is-layout-9d6595d7 wp-block-columns-is-layout-flex\">\n<div class=\"wp-block-column\" style=\"flex-basis:160px;flex-grow:0;flex-shrink:0\"><div class=\"wp-block-buttons\"><div class=\"wp-block-button\"><a class=\"wp-block-button__link\" href=\"https:\/\/icoi.ca\/wp-content\/uploads\/2020\/12\/ICOI-Newsletter-Vol.1.pdf\" target=\"_blank\" rel=\"noopener\">t\u00e9l\u00e9charger<\/a><\/div><\/div><\/div>\n<div class=\"wp-block-column\"><p>Winter 2021 Nuusbrief<\/p><\/div>\n<\/div>\n\n\n\n<div class=\"wp-block-columns newsletter-row is-layout-flex wp-container-core-columns-is-layout-9d6595d7 wp-block-columns-is-layout-flex\">\n<div class=\"wp-block-column\" style=\"flex-basis:160px;flex-grow:0;flex-shrink:0\"><div class=\"wp-block-buttons\"><div class=\"wp-block-button\"><a class=\"wp-block-button__link\" href=\"https:\/\/icoi.ca\/wp-content\/uploads\/2021\/01\/ICOI-Newsletter-Vol.1.pdf\" target=\"_blank\" rel=\"noopener\">t\u00e9l\u00e9charger<\/a><\/div><\/div><\/div>\n<div class=\"wp-block-column\"><p>Herfs 2020 Nuusbrief<\/p><\/div>\n<\/div>\n\n\n<\/div>\n\n\n<\/div>\n\n\n<\/div><\/div>\n\n\n\n\n<div class=\"wp-block-columns is-layout-flex wp-container-core-columns-is-layout-9d6595d7 wp-block-columns-is-layout-flex\"><\/div>\n\n\n\n<div class=\"community-partners white-block wp-block-group alignfull\"><div class=\"wp-block-group__inner-container is-layout-flow wp-block-group-is-layout-flow\">\n<h6 class=\"wp-block-heading\"><\/h6>\n\n\n\n<h5 class=\"animated fadeInUp wp-block-heading alignfull has-text-align-center\">Le projet CIIA est en partie financ\u00e9 par le Conseil de recherches en sciences humaines du Canada.<\/h5>\n\n\n\n<figure class=\"animated fadeInUp wp-block-image alignfull size-large\"><img decoding=\"async\" width=\"1024\" height=\"116\" loading=\"lazy\" src=\"http:\/\/icoi-staging.avnnsolutions.com\/wp-content\/uploads\/2021\/01\/sshrc-fip-full-color-fra-1024x116.jpg\" alt=\"\" class=\"wp-image-832\" srcset=\"https:\/\/icoi.ca\/wp-content\/uploads\/2021\/01\/sshrc-fip-full-color-fra-1024x116.jpg 1024w, https:\/\/icoi.ca\/wp-content\/uploads\/2021\/01\/sshrc-fip-full-color-fra-300x34.jpg 300w, https:\/\/icoi.ca\/wp-content\/uploads\/2021\/01\/sshrc-fip-full-color-fra-768x87.jpg 768w, https:\/\/icoi.ca\/wp-content\/uploads\/2021\/01\/sshrc-fip-full-color-fra-1536x174.jpg 1536w, https:\/\/icoi.ca\/wp-content\/uploads\/2021\/01\/sshrc-fip-full-color-fra-2048x232.jpg 2048w, https:\/\/icoi.ca\/wp-content\/uploads\/2021\/01\/sshrc-fip-full-color-fra-1200x136.jpg 1200w, https:\/\/icoi.ca\/wp-content\/uploads\/2021\/01\/sshrc-fip-full-color-fra-1980x225.jpg 1980w\" sizes=\"auto, (max-width: 1024px) 100vw, 1024px\" \/><\/figure>\n<\/div><\/div>\n\n\n\n<div class=\"center-section subscribe-to wp-block-group alignfull\"><div class=\"wp-block-group__inner-container is-layout-flow wp-block-group-is-layout-flow\">\n<h2 class=\"animated fadeInUp wp-block-heading alignfull has-text-align-center has-text-color\" style=\"color:#004d99\">S\u2019abonner \u00e0 notre infolettre<\/h2>\n\n\n\n<p class=\"animated fadeInUp has-text-align-center\">Inscrivez-vous au moyen de votre adresse \u00e9lectronique pour recevoir les nouvelles et les mises \u00e0 jour.<\/p>\n\n\n\n<div class=\"wp-block-noptin-email-optin animated fadeInUp\" style=\"background-color:#fafafa;padding:20px;color:#000000\"><form action=\"\"><h2 style=\"color:#004d99;text-align:center\" class=\"noptin_form_title\"><\/h2><p style=\"text-align:center\" class=\"noptin_form_description\">.<\/p><input type=\"email\" class=\"noptin_form_input_email\" placeholder=\"Email Address\" required><input value=\"S\u2019abonner\" type=\"submit\" style=\"background-color:#004d99;color:#ffdc00\" class=\"noptin_form_submit\"\/><input type=\"hidden\" class=\"noptin_form_redirect\"\/><div style=\"border:1px solid rgba(6, 147, 227, 0.8);display:none;padding:10px;margin-top:10px\" class=\"noptin_feedback_success\"><\/div><div style=\"border:1px solid rgba(227, 6, 37, 0.8);display:none;padding:10px;margin-top:10px\" class=\"noptin_feedback_error\"><\/div><input type=\"hidden\" name=\"trp-form-language\" value=\"fr\"\/><\/form><\/div>\n<\/div><\/div>\n\n\n\n<div class=\"find-us-section wp-block-group alignfull\"><div class=\"wp-block-group__inner-container is-layout-flow wp-block-group-is-layout-flow\">\n<div class=\"wp-block-columns alignfull is-layout-flex wp-container-core-columns-is-layout-9d6595d7 wp-block-columns-is-layout-flex\">\n<div class=\"find-us animated fadeInUp wp-block-column is-layout-flow wp-block-column-is-layout-flow\">\n<h2 class=\"wp-block-heading has-text-color\" style=\"color:#004d99\">Nous joindre<\/h2>\n\n\n\n<p class=\"\"><strong>Adresse<\/strong><br>350, rue Victoria, Toronto (Ontario) M5B 2K3<br><\/p>\n<\/div>\n\n\n\n<div class=\"site-map wp-block-column is-layout-flow wp-block-column-is-layout-flow\">\n<div class=\"mapouter\"><div class=\"gmap_canvas\"><iframe loading=\"lazy\" width=\"100%\" height=\"350\" id=\"gmap_canvas\" src=\"https:\/\/maps.google.com\/maps?q=350%20Victoria%20Street%2C%20Toronto%2C%20ON%2C%20M5B%202K3&amp;t=&amp;z=17&amp;ie=UTF8&amp;iwloc=&amp;output=embed\" frameborder=\"0\" scrolling=\"no\" marginheight=\"0\" marginwidth=\"0\"><\/iframe><\/div><\/div>\n<\/div>\n<\/div>\n<\/div><\/div>","protected":false},"excerpt":{"rendered":"<p>&#8220;A national comparative approach to developing an in-depth, gender-based understanding of social isolation among older immigrants from diverse backgrounds in Canada engaging different stakeholders, communities, and local knowledge&#8221; About the Project The Inclusive Communities for Older Immigrants (ICOI) partnership will engage in a 7-year multidisciplinary, multi-sector, multi-province project that will build sustainable connections to generate [&hellip;]<\/p>","protected":false},"author":1,"featured_media":0,"parent":0,"menu_order":0,"comment_status":"closed","ping_status":"closed","template":"templates\/template-full-width.php","meta":{"nf_dc_page":"","sfsi_plus_gutenberg_text_before_share":"","sfsi_plus_gutenberg_show_text_before_share":"","sfsi_plus_gutenberg_icon_type":"","sfsi_plus_gutenberg_icon_alignemt":"","sfsi_plus_gutenburg_max_per_row":"","footnotes":"","_links_to":"","_links_to_target":""},"class_list":["post-20","page","type-page","status-publish","hentry"],"_links":{"self":[{"href":"https:\/\/icoi.ca\/fr\/wp-json\/wp\/v2\/pages\/20","targetHints":{"allow":["GET"]}}],"collection":[{"href":"https:\/\/icoi.ca\/fr\/wp-json\/wp\/v2\/pages"}],"about":[{"href":"https:\/\/icoi.ca\/fr\/wp-json\/wp\/v2\/types\/page"}],"author":[{"embeddable":true,"href":"https:\/\/icoi.ca\/fr\/wp-json\/wp\/v2\/users\/1"}],"replies":[{"embeddable":true,"href":"https:\/\/icoi.ca\/fr\/wp-json\/wp\/v2\/comments?post=20"}],"version-history":[{"count":20,"href":"https:\/\/icoi.ca\/fr\/wp-json\/wp\/v2\/pages\/20\/revisions"}],"predecessor-version":[{"id":4464,"href":"https:\/\/icoi.ca\/fr\/wp-json\/wp\/v2\/pages\/20\/revisions\/4464"}],"wp:attachment":[{"href":"https:\/\/icoi.ca\/fr\/wp-json\/wp\/v2\/media?parent=20"}],"curies":[{"name":"wp","href":"https:\/\/api.w.org\/{rel}","templated":true}]}}