{"id":21,"date":"2020-12-26T07:28:51","date_gmt":"2020-12-26T07:28:51","guid":{"rendered":"http:\/\/localhost\/icoiste\/?page_id=21"},"modified":"2021-02-15T23:27:39","modified_gmt":"2021-02-15T23:27:39","slug":"about","status":"publish","type":"page","link":"https:\/\/icoi.ca\/fr\/about\/","title":{"rendered":"\u00c0 propos du projet"},"content":{"rendered":"<div class=\"wp-block-group alignfull section-one white-block\"><div class=\"wp-block-group__inner-container is-layout-flow wp-block-group-is-layout-flow\">\n<div class=\"wp-block-columns alignfull is-layout-flex wp-container-core-columns-is-layout-9d6595d7 wp-block-columns-is-layout-flex\">\n<div class=\"wp-block-column is-layout-flow wp-block-column-is-layout-flow\">\n<figure class=\"wp-block-image size-large\"><img decoding=\"async\" width=\"522\" height=\"461\" loading=\"lazy\" src=\"https:\/\/icoi-staging.avnnsolutions.com\/wp-content\/uploads\/2021\/02\/grandma.jpg\" alt=\"\" class=\"wp-image-2412\" srcset=\"https:\/\/icoi.ca\/wp-content\/uploads\/2021\/02\/grandma.jpg 522w, https:\/\/icoi.ca\/wp-content\/uploads\/2021\/02\/grandma-300x265.jpg 300w\" sizes=\"auto, (max-width: 522px) 100vw, 522px\" \/><\/figure>\n<\/div>\n\n\n\n<div class=\"wp-block-column is-layout-flow wp-block-column-is-layout-flow\">\n<p>Le partenariat Collectivit\u00e9s Inclusives pour les ImmigrantEs \u00c2g\u00e9Es (CIIA) s\u2019appr\u00eate \u00e0 donner le coup d\u2019envoi \u00e0 un projet multidisciplinaire, multisectoriel et interprovincial qui durera 7 ans. Ce projet permettra de nouer des liens durables dans le but de d\u00e9velopper le savoir sur l\u2019isolement social et de cr\u00e9er une connexit\u00e9 sociale chez les immigrants \u00e2g\u00e9s, de soutenir l\u2019\u00e9change de connaissances et d\u2019am\u00e9liorer la vie des immigrants \u00e2g\u00e9s.<\/p>\n\n\n\n<p>Le partenariat CIIA sert de trait d\u2019union \u00e0 48 partenaires universitaires et 38 partenaires communautaires dans neuf villes de la Colombie-Britannique, de l\u2019Alberta, de l\u2019Ontario et du Qu\u00e9bec. L\u2019examen des facteurs sociaux, \u00e9conomiques et politiques complexes li\u00e9s \u00e0 l\u2019isolement social et \u00e0 la connexit\u00e9 sociale chez les immigrants \u00e2g\u00e9s nous permettra de concevoir, de mettre en \u0153uvre et d\u2019\u00e9valuer des interventions visant l\u2019am\u00e9lioration du lien social au sein d\u2019une population mal servie au Canada. Le partenariat \u00e9tablit des relations de collaboration entre un ensemble d\u2019universitaires et d\u2019intervenants sur le terrain afin d\u2019appuyer la recherche intersectorielle et de trouver des interventions efficaces pour promouvoir la connexit\u00e9 sociale. Gr\u00e2ce \u00e0 des flux pluridirectionnels de savoir et d\u2019expertise, le travail \u00e9clairera la pratique, la th\u00e9orie et la politique.<\/p>\n<\/div>\n<\/div>\n<\/div><\/div>\n\n\n\n<div class=\"wp-block-group alignfull center-section content-set mt-0 mb-0\"><div class=\"wp-block-group__inner-container is-layout-flow wp-block-group-is-layout-flow\">\n<h4 class=\"alignfull wp-block-heading\">Le projet CIIA vise \u00e0 : <\/h4>\n\n\n\n<div class=\"wp-block-columns alignfull is-layout-flex wp-container-core-columns-is-layout-9d6595d7 wp-block-columns-is-layout-flex\">\n<div class=\"wp-block-column is-layout-flow wp-block-column-is-layout-flow\">\n<p><img decoding=\"async\" width=\"15\" height=\"15\" loading=\"lazy\" class=\"wp-image-632\" style=\"width: 15px;\" src=\"http:\/\/icoi-staging.avnnsolutions.com\/wp-content\/uploads\/2020\/12\/li.png\" alt=\"\"> Rendre compte du croisement de facteurs qui contribuent \u00e0 l\u2019isolement social des immigrants \u00e2g\u00e9s par rapport \u00e0 leur inclusion\/exclusion sociale, \u00e9conomique et politique dans les milieux urbains et suburbains.<\/p>\n\n\n\n<p><img decoding=\"async\" width=\"15\" height=\"15\" loading=\"lazy\" class=\"wp-image-632\" style=\"width: 15px;\" src=\"http:\/\/icoi-staging.avnnsolutions.com\/wp-content\/uploads\/2020\/12\/li.png\" alt=\"\"> Contribuer \u00e0 la mise au point de mod\u00e8les en mati\u00e8re d\u2019isolement social et de connexit\u00e9 sociale sur la base de donn\u00e9es empiriques.<\/p>\n\n\n\n<p><img decoding=\"async\" width=\"15\" height=\"15\" loading=\"lazy\" class=\"wp-image-632\" style=\"width: 15px;\" src=\"http:\/\/icoi-staging.avnnsolutions.com\/wp-content\/uploads\/2020\/12\/li.png\" alt=\"\"> Concevoir, mettre en \u0153uvre et \u00e9valuer des interventions visant \u00e0 promouvoir la connexit\u00e9 sociale.<\/p>\n\n\n\n<p><img decoding=\"async\" width=\"15\" height=\"15\" loading=\"lazy\" class=\"wp-image-632\" style=\"width: 15px;\" src=\"http:\/\/icoi-staging.avnnsolutions.com\/wp-content\/uploads\/2020\/12\/li.png\" alt=\"\"> Promouvoir, parmi les principaux acteurs, l\u2019\u00e9change durable de connaissances et la collaboration aux recherches.<\/p>\n<\/div>\n<\/div>\n<\/div><\/div>\n\n\n\n<div class=\"wp-block-group alignfull white-block content-set\"><div class=\"wp-block-group__inner-container is-layout-flow wp-block-group-is-layout-flow\">\n<figure class=\"wp-block-image alignfull size-large\"><img decoding=\"async\" width=\"1024\" height=\"251\" loading=\"lazy\" src=\"https:\/\/icoi-staging.avnnsolutions.com\/wp-content\/uploads\/2021\/02\/about-1-1024x251.jpg\" alt=\"\" class=\"wp-image-2415\" srcset=\"https:\/\/icoi.ca\/wp-content\/uploads\/2021\/02\/about-1-1024x251.jpg 1024w, https:\/\/icoi.ca\/wp-content\/uploads\/2021\/02\/about-1-300x74.jpg 300w, https:\/\/icoi.ca\/wp-content\/uploads\/2021\/02\/about-1-768x188.jpg 768w, https:\/\/icoi.ca\/wp-content\/uploads\/2021\/02\/about-1.jpg 1200w\" sizes=\"auto, (max-width: 1024px) 100vw, 1024px\" \/><\/figure>\n\n\n\n<div class=\"wp-block-columns alignfull is-layout-flex wp-container-core-columns-is-layout-9d6595d7 wp-block-columns-is-layout-flex\">\n<div class=\"wp-block-column is-layout-flow wp-block-column-is-layout-flow\">\n<p>Les personnes \u00e2g\u00e9es font partie de la sous-population connaissant la croissance la plus rapide au Canada; ce groupe repr\u00e9sentera 25 % de la population d\u2019ici 2030. En pr\u00e9paration de cette inflexion, les gouvernements de tous ordres se sont engag\u00e9s \u00e0 donner la priorit\u00e9 aux besoins de ce groupe en mettant en place des initiatives, des services et des villes amis des a\u00een\u00e9s. Malgr\u00e9 ces efforts, nous ne pouvons pas dire que suffisamment d\u2019attention a \u00e9t\u00e9 accord\u00e9e aux pr\u00e9occupations propres aux immigrants \u00e2g\u00e9s, ces derniers constituant 30 % de tous les a\u00een\u00e9s au Canada, un nombre qui est encore plus \u00e9lev\u00e9 dans les grandes villes comme Toronto (65 %) et Vancouver (50 %). L\u2019isolement social des immigrants \u00e2g\u00e9s est un probl\u00e8me crucial qui, s\u2019il n\u2019est pas r\u00e9solu, limiterait leur engagement citoyen et civique, d\u00e9stabiliserait leur revenu et augmenterait le risque de mauvais traitements, d\u2019invalidit\u00e9 et de d\u00e9c\u00e8s pr\u00e9matur\u00e9. Toutes les personnes \u00e2g\u00e9es risquent l\u2019isolement, mais ce sont surtout les immigrants \u00e2g\u00e9s qui en souffrent le plus, et ce, en raison des d\u00e9fis sociaux, culturels et \u00e9conomiques li\u00e9s \u00e0 l\u2019immigration qui bouleversent leur sentiment d\u2019isolement et de connexit\u00e9.<\/p>\n\n\n\n<h4 class=\"wp-block-heading\">Approches th\u00e9oriques<\/h4>\n\n\n\n<p>L\u2019\u00e9tude propos\u00e9e int\u00e9grera une optique d\u2019intersectionnalit\u00e9, des cadres \u00e9cosyst\u00e9miques et la th\u00e9orie de la complexit\u00e9. Cette optique d\u2019intersectionnalit\u00e9 permet de tenir compte du croisement de diff\u00e9rents facteurs li\u00e9s \u00e0 l\u2019identit\u00e9 sociale (comme le sexe, la race, la classe, l\u2019orientation sexuelle, l\u2019immigration) et l\u2019influence de ceux-ci non seulement sur le plan personnel, mais aussi sur le plan micro (famille), m\u00e9so (communaut\u00e9) et macro (soci\u00e9t\u00e9). L\u2019assimilation des exp\u00e9riences et des r\u00e9ponses individuelles des a\u00een\u00e9s doit surtout tenir compte des syst\u00e8mes et des relations de pouvoir qui cr\u00e9ent des in\u00e9galit\u00e9s dans l\u2019acc\u00e8s aux besoins fondamentaux, comme le logement, le travail, les soins de sant\u00e9 et les transports. La th\u00e9orie de la complexit\u00e9 mettra en avant les interactions entre la politique sociale et les syst\u00e8mes, pour nous faire phosphorer autour des interventions qui induisent des processus dynamiques et complexes adaptables \u00e0 diff\u00e9rents agents et \u00e0 des contextes stratifi\u00e9s. Ces trois approches th\u00e9oriques se traduiront par la conception d\u2019interventions qui refl\u00e8tent les fa\u00e7ons complexes dont la capacit\u00e9, la r\u00e9silience et le bien-\u00eatre d\u2019un particulier sont fa\u00e7onn\u00e9s par le processus d\u2019inclusion sociale, politique et \u00e9conomique. <\/p>\n\n\n\n<p><\/p>\n\n\n\n<h4 class=\"wp-block-heading\">Phases du projet<\/h4>\n\n\n\n<p>\u00c0 l\u2019aide de l\u2019ethnographie critique et de m\u00e9thodes mixtes, le projet sera r\u00e9alis\u00e9 en quatre (4) phases aux fins suivantes :<\/p>\n\n\n\n<p>1) D\u00e9terminer les facteurs sociaux, \u00e9conomiques et politiques essentiels qui contribuent \u00e0 l\u2019isolement social et \u00e0 la connexit\u00e9 sociale chez les immigrants \u00e2g\u00e9s;<\/p>\n\n\n\n<p>2) Cerner et examiner les interventions utilis\u00e9es pour favoriser la connexit\u00e9 sociale;<\/p>\n\n\n\n<p>3) Concevoir collaborativement des interventions \u00e0 plusieurs niveaux et \u00e0 plusieurs composantes pour promouvoir la connexit\u00e9 sociale chez les adultes \u00e2g\u00e9s dans les trois communaut\u00e9s et renforcer les capacit\u00e9s communautaires en travaillant avec des partenaires communautaires au moment de la mise en \u0153uvre;<\/p>\n\n\n\n<p>4) \u00c9valuer la faisabilit\u00e9 et la fid\u00e9lit\u00e9 de la mise en \u0153uvre et de l\u2019efficacit\u00e9 des interventions. <\/p>\n\n\n\n<p id=\"research-streams\">Nous entreprendrons des activit\u00e9s de mobilisation des connaissances pluridirectionnelles tout au long du projet et entretiendrons un dialogue constructif et fr\u00e9quent avec nos partenaires communautaires. Notre \u00e9quipe universitaire mettra \u00e0 profit son exp\u00e9rience sans pareil pour mener des projets de recherche multiphases et transnationaux et assurer le succ\u00e8s de CIIA et la r\u00e9alisation des activit\u00e9s dans les d\u00e9lais impartis. Les conclusions de la recherche permettront de comprendre au mieux les moyens de r\u00e9duction de l\u2019isolement des immigrants \u00e2g\u00e9s, de renforcer leurs capacit\u00e9s et leur r\u00e9silience et, au bout du compte, de favoriser leur connexit\u00e9 sociale, leur participation \u00e0 la soci\u00e9t\u00e9 civile et leur qualit\u00e9 de vie.<\/p>\n\n\n\n<h4 class=\"wp-block-heading\">Volets de recherche<\/h4>\n\n\n\n<p>Le partenariat CIIA ouvrira trois axes de recherche \u2014 l\u2019inclusion sociale, l\u2019inclusion \u00e9conomique et l\u2019inclusion politique pour assurer l\u2019exhaustivit\u00e9 de notre mod\u00e8le th\u00e9orique et pratique \u00e9mergent pour prendre de front les facteurs contribuant \u00e0 l\u2019isolement social des immigrants \u00e2g\u00e9s (provisoirement d\u00e9crit ici).<\/p>\n<\/div>\n<\/div>\n<\/div><\/div>\n\n\n\n<div class=\"wp-block-group alignfull center-section content-set\"><div class=\"wp-block-group__inner-container is-layout-flow wp-block-group-is-layout-flow\">\n<div class=\"wp-block-columns alignfull is-layout-flex wp-container-core-columns-is-layout-9d6595d7 wp-block-columns-is-layout-flex\">\n<div class=\"wp-block-column is-layout-flow wp-block-column-is-layout-flow\">\n<p><\/p>\n<\/div>\n<\/div>\n\n\n\n<figure class=\"wp-block-image alignfull size-full ab-img\"><img decoding=\"async\" width=\"876\" height=\"781\" loading=\"lazy\" src=\"http:\/\/icoi-staging.avnnsolutions.com\/wp-content\/uploads\/2020\/12\/chart.png\" alt=\"\" class=\"wp-image-661\" srcset=\"https:\/\/icoi.ca\/wp-content\/uploads\/2020\/12\/chart.png 876w, https:\/\/icoi.ca\/wp-content\/uploads\/2020\/12\/chart-300x267.png 300w, https:\/\/icoi.ca\/wp-content\/uploads\/2020\/12\/chart-768x685.png 768w\" sizes=\"auto, (max-width: 876px) 100vw, 876px\" \/><\/figure>\n\n\n\n<p><\/p>\n<\/div><\/div>\n\n\n\n<p><\/p>","protected":false},"excerpt":{"rendered":"<p>The Inclusive Communities for Older Immigrants (ICOI) partnership will engage in a 7-year multidisciplinary, multi-sector, multi-province project that will build sustainable connections to generate knowledge about social isolation and connectedness among older immigrants, support multidirectional knowledge exchange, and improve older immigrants&#8217; lives. The (ICOI) partnership brings together 48 academic and 38 community partners in 9 [&hellip;]<\/p>","protected":false},"author":1,"featured_media":0,"parent":0,"menu_order":0,"comment_status":"closed","ping_status":"closed","template":"","meta":{"nf_dc_page":"","sfsi_plus_gutenberg_text_before_share":"","sfsi_plus_gutenberg_show_text_before_share":"","sfsi_plus_gutenberg_icon_type":"","sfsi_plus_gutenberg_icon_alignemt":"","sfsi_plus_gutenburg_max_per_row":"","footnotes":"","_links_to":"","_links_to_target":""},"class_list":["post-21","page","type-page","status-publish","hentry"],"_links":{"self":[{"href":"https:\/\/icoi.ca\/fr\/wp-json\/wp\/v2\/pages\/21","targetHints":{"allow":["GET"]}}],"collection":[{"href":"https:\/\/icoi.ca\/fr\/wp-json\/wp\/v2\/pages"}],"about":[{"href":"https:\/\/icoi.ca\/fr\/wp-json\/wp\/v2\/types\/page"}],"author":[{"embeddable":true,"href":"https:\/\/icoi.ca\/fr\/wp-json\/wp\/v2\/users\/1"}],"replies":[{"embeddable":true,"href":"https:\/\/icoi.ca\/fr\/wp-json\/wp\/v2\/comments?post=21"}],"version-history":[{"count":50,"href":"https:\/\/icoi.ca\/fr\/wp-json\/wp\/v2\/pages\/21\/revisions"}],"predecessor-version":[{"id":2855,"href":"https:\/\/icoi.ca\/fr\/wp-json\/wp\/v2\/pages\/21\/revisions\/2855"}],"wp:attachment":[{"href":"https:\/\/icoi.ca\/fr\/wp-json\/wp\/v2\/media?parent=21"}],"curies":[{"name":"wp","href":"https:\/\/api.w.org\/{rel}","templated":true}]}}