{"id":2548,"date":"2021-02-12T15:17:16","date_gmt":"2021-02-12T15:17:16","guid":{"rendered":"https:\/\/icoi-staging.avnnsolutions.com\/?page_id=2548"},"modified":"2025-05-30T14:41:32","modified_gmt":"2025-05-30T14:41:32","slug":"executive-committee","status":"publish","type":"page","link":"https:\/\/icoi.ca\/fr\/executive-committee\/","title":{"rendered":"Comit\u00e9 de direction"},"content":{"rendered":"<div class=\"profile wp-block-group alignfull\"><div class=\"wp-block-group__inner-container is-layout-flow wp-block-group-is-layout-flow\">\n<p class=\"\"><\/p>\n\n\n\n<div class=\"wp-block-columns alignfull is-layout-flex wp-container-core-columns-is-layout-9d6595d7 wp-block-columns-is-layout-flex\">\n<div class=\"wp-block-column is-layout-flow wp-block-column-is-layout-flow\" style=\"flex-basis:100%\"><div class=\"wp-block-image\">\n<figure class=\"alignleft\"><img decoding=\"async\" width=\"265\" height=\"318\" loading=\"lazy\" src=\"https:\/\/icoi-staging.avnnsolutions.com\/wp-content\/uploads\/2021\/01\/1.png\" alt=\"\" class=\"wp-image-1954\" srcset=\"https:\/\/icoi.ca\/wp-content\/uploads\/2021\/01\/1.png 265w, https:\/\/icoi.ca\/wp-content\/uploads\/2021\/01\/1-250x300.png 250w\" sizes=\"auto, (max-width: 265px) 100vw, 265px\" \/><\/figure>\n<\/div>\n\n\n<p class=\"p-b\"><strong>Sepali Guruge, Toronto Metropolitan University <\/strong><\/p>\n\n\n\n<p class=\"\"><strong><em>Directrice de projet<\/em><\/strong><\/p>\n\n\n\n<p class=\"p-b text-align\">Sepali Guruge est professeure titulaire \u00e0 l\u2019\u00c9cole des sciences infirmi\u00e8res Daphne Cockwell. Au cours des 25 derni\u00e8res ann\u00e9es, Sepali a fait preuve d\u2019un engagement ind\u00e9fectible \u00e0 accro\u00eetre la visibilit\u00e9 et \u00e0 mettre en valeur la r\u00e9silience des populations marginalis\u00e9es. Son programme de recherche porte sur la sant\u00e9 des immigrants, avec une attention particuli\u00e8re aux intersections complexes entre la sant\u00e9, l\u2019immigration, le genre, la violence et le vieillissement. Elle a dirig\u00e9 des projets connexes dans plusieurs pays.\nLire la biographie compl\u00e8te<\/p>\n\n\n\n<p class=\"\"><a href=\"http:\/\/www.immigranthealthresearch.ca\/\" target=\"_blank\" rel=\"noreferrer noopener\">Lire la biographie compl\u00e8te<\/a><\/p>\n<\/div>\n<\/div>\n\n\n\n<div class=\"wp-block-columns alignwide is-layout-flex wp-container-core-columns-is-layout-9d6595d7 wp-block-columns-is-layout-flex\">\n<div class=\"m-r2 wp-block-column is-vertically-aligned-top is-layout-flow wp-block-column-is-layout-flow\"><div class=\"wp-block-image wp-block-image alignleft size-large is-resized\">\n<figure ><img decoding=\"async\" width=\"265\" height=\"318\" loading=\"lazy\" src=\"https:\/\/icoi-staging.avnnsolutions.com\/wp-content\/uploads\/2021\/01\/8.png\" alt=\"\" class=\"wp-image-1974\" srcset=\"https:\/\/icoi.ca\/wp-content\/uploads\/2021\/01\/8.png 265w, https:\/\/icoi.ca\/wp-content\/uploads\/2021\/01\/8-250x300.png 250w\" sizes=\"auto, (max-width: 265px) 100vw, 265px\" \/><\/figure>\n<\/div>\n\n\n<p class=\"p-b\"><strong>Christine Walsh, Universit\u00e9 de Calgary<\/strong><\/p>\n\n\n\n<p class=\"\"><\/p>\n\n\n\n<p class=\"p-b text-align\">Christine Walsh est professeure titulaire \u00e0 la Facult\u00e9 de travail social. Dans sa recherche communautaire, ax\u00e9e sur l\u2019action et fond\u00e9e sur les arts, elle s\u2019associe \u00e0 des organismes de proximit\u00e9 et \u00e0 des personnes \u00e2g\u00e9es touch\u00e9es par la violence interpersonnelle, la pauvret\u00e9, l\u2019ins\u00e9curit\u00e9 du logement, l\u2019itin\u00e9rance et les catastrophes. Ses int\u00e9r\u00eats de recherche concernent surtout les immigrants \u00e2g\u00e9s socialement exclus.<\/p>\n\n\n\n<p class=\"\"><a href=\"https:\/\/profiles.ucalgary.ca\/christine-ann-walsh\" target=\"_blank\" rel=\"noreferrer noopener\">Lire la biographie compl\u00e8te<\/a><\/p>\n<\/div>\n\n\n\n<div class=\"wp-block-column is-vertically-aligned-top is-layout-flow wp-block-column-is-layout-flow\"><div class=\"wp-block-image wp-block-image alignleft size-large is-resized\">\n<figure class=\"size-full\"><img decoding=\"async\" width=\"250\" height=\"300\" loading=\"lazy\" src=\"https:\/\/icoi.ca\/wp-content\/uploads\/2024\/11\/denise.png\" alt=\"\" class=\"wp-image-3919\" style=\"object-fit:cover;width:133px;height:159px\" srcset=\"https:\/\/icoi.ca\/wp-content\/uploads\/2024\/11\/denise.png 250w, https:\/\/icoi.ca\/wp-content\/uploads\/2024\/11\/denise-10x12.png 10w\" sizes=\"auto, (max-width: 250px) 100vw, 250px\" \/><\/figure>\n<\/div>\n\n\n<p class=\"p-b\"><strong><strong>Denise Cloutier, Universit\u00e9 de Victoria, Victoria<\/strong><\/strong><\/p>\n\n\n\n<p class=\"\"><\/p>\n\n\n\n<p class=\"text-align p-b\">Denise Cloutier est professeure dans le D\u00e9partement de g\u00e9ographie et chercheuse associ\u00e9e \u00e0 l\u2019Institute on Aging and Lifelong Health de l\u2019Universit\u00e9 de Victoria. En tant que g\u00e9ographe de la sant\u00e9 et chercheuse en services de sant\u00e9 \u00e0 l\u2019\u00e9coute de la population, elle axe son travail sur la vuln\u00e9rabilit\u00e9 et la r\u00e9silience dans les domaines du vieillissement sain, des milieux de soutien aux populations vuln\u00e9rables composant avec la d\u00e9mence, victimes d\u2019un AVC, isol\u00e9es sur le plan social, en fin de vie ou vivant dans des localit\u00e9s rurales. Elle est chercheuse en m\u00e9thodes mixtes dont les travaux transdisciplinaires sont financ\u00e9s par les IRSC, le CRSH et la MSFHR, et publi\u00e9s dans des revues de g\u00e9rontologie et de g\u00e9ographie de renomm\u00e9e.<\/p>\n\n\n\n<p class=\"\"><a href=\"https:\/\/www.uvic.ca\/socialsciences\/geography\/faculty-staff\/faculty-profiles\/cloutier-denise.php\">Lire la biographie compl\u00e8te<\/a><\/p>\n<\/div>\n<\/div>\n\n\n\n<div class=\"wp-block-columns alignwide is-layout-flex wp-container-core-columns-is-layout-9d6595d7 wp-block-columns-is-layout-flex\">\n<div class=\"m-r2 wp-block-column is-vertically-aligned-top is-layout-flow wp-block-column-is-layout-flow\"><\/div>\n\n\n\n<div class=\"wp-block-column is-layout-flow wp-block-column-is-layout-flow\"><\/div>\n\n\n\n<div class=\"m-r2 wp-block-column is-vertically-aligned-top is-layout-flow wp-block-column-is-layout-flow\"><\/div>\n<\/div>\n\n\n\n<div class=\"wp-block-columns alignfull is-layout-flex wp-container-core-columns-is-layout-9d6595d7 wp-block-columns-is-layout-flex\">\n<div class=\"wp-block-column is-layout-flow wp-block-column-is-layout-flow\"><\/div>\n<\/div>\n\n\n\n<div class=\"wp-block-columns alignwide is-layout-flex wp-container-core-columns-is-layout-9d6595d7 wp-block-columns-is-layout-flex\">\n<div class=\"wp-block-column is-vertically-aligned-top is-layout-flow wp-block-column-is-layout-flow\">\n<p class=\"p-b\"><\/p>\n\n\n<div class=\"wp-block-image wp-block-image alignleft size-large is-resized\">\n<figure class=\"size-full\"><img decoding=\"async\" width=\"250\" height=\"300\" loading=\"lazy\" src=\"https:\/\/icoi.ca\/wp-content\/uploads\/2024\/11\/hongmei.png\" alt=\"\" class=\"wp-image-3929\" style=\"object-fit:cover;width:133px;height:159px\" srcset=\"https:\/\/icoi.ca\/wp-content\/uploads\/2024\/11\/hongmei.png 250w, https:\/\/icoi.ca\/wp-content\/uploads\/2024\/11\/hongmei-10x12.png 10w\" sizes=\"auto, (max-width: 250px) 100vw, 250px\" \/><\/figure>\n<\/div>\n\n\n<p class=\"p-b\"><strong><strong><strong><strong><strong>Hongmei Tong, Universit\u00e9 MacEwan, Edmonton<\/strong><\/strong><\/strong><\/strong><\/strong><\/p>\n\n\n\n<p class=\"\"><\/p>\n\n\n\n<p class=\"p-b text-align\">Hongmei Tong est professeure adjointe \u00e0 l\u2019\u00c9cole de travail social de l\u2019Universit\u00e9 MacEwan, Canada. Elle promeut et facilite un vieillissement sain, positif et actif, et b\u00e2tit des communaut\u00e9s inclusives et amies des a\u00een\u00e9s canadiens. Ses recherches actuelles portent sur l\u2019exclusion sociale \u00e0 un stade avanc\u00e9 de la vie, les interventions adapt\u00e9es sur le plan culturel et innovatrices pour le mieux-\u00eatre psychologique et social des a\u00een\u00e9s des minorit\u00e9s ethnoculturelles; l\u2019enseignement de la p\u00e9dagogie et de l\u2019apprentissage dans la formation en travail social g\u00e9rontologique. Ses recherches s\u2019appuient sur un cadre des d\u00e9terminants sociaux de la sant\u00e9. Elle est travailleuse sociale autoris\u00e9e en Alberta et membre de la F\u00e9d\u00e9ration internationale des travailleuses et travailleurs sociaux.<\/p>\n\n\n\n<p class=\"p-b\"><a href=\"https:\/\/contacts.ucalgary.ca\/info\/sw\/profiles\/1-7228489\" target=\"_blank\" rel=\"noreferrer noopener\"><\/a><a href=\"https:\/\/www.macewan.ca\/academics\/academic-departments\/social-work\/our-people\/profile\/?profileid=tongh8\" target=\"_blank\" rel=\"noreferrer noopener\">Click here fo<\/a><a href=\"https:\/\/www.macewan.ca\/academics\/academic-departments\/social-work\/our-people\/profile\/?profileid=tongh8\" data-type=\"link\" data-id=\"https:\/\/www.macewan.ca\/academics\/programs\/bachelor-of-social-work\/our-people\/profile\/?profileid=tongh8\" target=\"_blank\" rel=\"noreferrer noopener\">r<\/a><a href=\"https:\/\/www.macewan.ca\/academics\/academic-departments\/social-work\/our-people\/profile\/?profileid=tongh8\" target=\"_blank\" rel=\"noreferrer noopener\"> full bio<\/a><\/p>\n\n\n\n<p class=\"p-b\"><\/p>\n<\/div>\n\n\n\n<div class=\"wp-block-column is-vertically-aligned-top is-layout-flow wp-block-column-is-layout-flow\"><div class=\"wp-block-image wp-block-image alignleft size-large is-resized\">\n<figure ><img decoding=\"async\" width=\"265\" height=\"318\" loading=\"lazy\" src=\"https:\/\/icoi-staging.avnnsolutions.com\/wp-content\/uploads\/2021\/02\/new-02.png\" alt=\"\" class=\"wp-image-2507\" srcset=\"https:\/\/icoi.ca\/wp-content\/uploads\/2021\/02\/new-02.png 265w, https:\/\/icoi.ca\/wp-content\/uploads\/2021\/02\/new-02-250x300.png 250w\" sizes=\"auto, (max-width: 265px) 100vw, 265px\" \/><\/figure>\n<\/div>\n\n\n<p class=\"p-b\"><strong><strong>Huda Bukhari, Canadian Centre for Victims of Torture<\/strong><\/strong><\/p>\n\n\n\n<p class=\"\"><\/p>\n\n\n\n<p class=\"p-b text-align\">Huda Bukhari est actuellement responsable de la mobilisation citoyenne au Canadian Centre for Victims of Torture (CCVT). Elle travaille dans le domaine de l\u2019\u00e9tablissement des nouveaux arrivants depuis plus de 20 ans, un parcours qui a augment\u00e9 sa passion et nourrit son exp\u00e9rience d\u2019apprentissage. Le travail de Huda s\u2019inscrit dans un cadre holistique, antiraciste et anti-oppressif. Elle est convaincue que toute personne est capable de contribuer positivement au progr\u00e8s de la soci\u00e9t\u00e9 si la chance lui est donn\u00e9e.<\/p>\n\n\n\n<p class=\"\"><a href=\"http:\/\/ccvt.org\/how-we-do-it\/expert-team\/\" target=\"_blank\" rel=\"noreferrer noopener\">Lire la biographie compl\u00e8te<\/a><\/p>\n<\/div>\n<\/div>\n\n\n\n<p class=\"\"><\/p>\n\n\n\n<div class=\"wp-block-columns alignwide is-layout-flex wp-container-core-columns-is-layout-9d6595d7 wp-block-columns-is-layout-flex\">\n<div class=\"wp-block-column is-vertically-aligned-top is-layout-flow wp-block-column-is-layout-flow\">\n<p class=\"p-b\"><\/p>\n\n\n<div class=\"wp-block-image wp-block-image alignleft size-large is-resized\">\n<figure class=\"size-full\"><img decoding=\"async\" width=\"265\" height=\"318\" loading=\"lazy\" src=\"https:\/\/icoi.ca\/wp-content\/uploads\/2024\/11\/john-1.png\" alt=\"\" class=\"wp-image-3940\" style=\"object-fit:cover;width:133px;height:159px\" srcset=\"https:\/\/icoi.ca\/wp-content\/uploads\/2024\/11\/john-1.png 265w, https:\/\/icoi.ca\/wp-content\/uploads\/2024\/11\/john-1-250x300.png 250w, https:\/\/icoi.ca\/wp-content\/uploads\/2024\/11\/john-1-10x12.png 10w\" sizes=\"auto, (max-width: 265px) 100vw, 265px\" \/><\/figure>\n<\/div>\n\n\n<p class=\"p-b\"><strong><strong><strong>John Shields, Universit\u00e9 m\u00e9tropolitaine de Toronto<\/strong> <\/strong><\/strong><\/p>\n\n\n\n<p class=\"\"><\/p>\n\n\n\n<p class=\"p-b text-align\">John Shields est professeur titulaire depuis plusieurs ann\u00e9es, avec plus de vingt-cinq ans d'exp\u00e9rience en enseignement et en recherche universitaire dans les domaines de l'administration publique et des politiques publiques, de la politique canadienne, de l'\u00e9conomie politique du march\u00e9 du travail et de l'\u00c9tat-providence. John est \u00e9galement membre de l'\u00c9cole des \u00e9tudes sup\u00e9rieures Yeates \u00e0 l'UMT. John dirigera l'axe de recherche sur l'inclusion \u00e9conomique de l'ICOI.\nLire la biographie compl\u00e8te<\/p>\n\n\n\n<p class=\"p-b\"><a href=\"https:\/\/contacts.ucalgary.ca\/info\/sw\/profiles\/232-472\" target=\"_blank\" rel=\"noreferrer noopener\"><\/a><a href=\"https:\/\/www.torontomu.ca\/politics\/people\/professors-emeriti\/shields-john\/\" target=\"_blank\" rel=\"noreferrer noopener\">Lire la biographie compl\u00e8te<\/a><\/p>\n<\/div>\n\n\n\n<div class=\"wp-block-column is-layout-flow wp-block-column-is-layout-flow\"><div class=\"wp-block-image wp-block-image alignleft size-large is-resized\">\n<figure class=\"size-full\"><img decoding=\"async\" width=\"250\" height=\"300\" loading=\"lazy\" src=\"https:\/\/icoi.ca\/wp-content\/uploads\/2024\/11\/Jill-Hanley-250x300-1.jpg\" alt=\"\" class=\"wp-image-3926\" style=\"object-fit:cover;width:133px;height:159px\" srcset=\"https:\/\/icoi.ca\/wp-content\/uploads\/2024\/11\/Jill-Hanley-250x300-1.jpg 250w, https:\/\/icoi.ca\/wp-content\/uploads\/2024\/11\/Jill-Hanley-250x300-1-10x12.jpg 10w\" sizes=\"auto, (max-width: 250px) 100vw, 250px\" \/><\/figure>\n<\/div>\n\n\n<p class=\"p-b\"><strong><strong>Jill Hanley, Universit\u00e9 McGill <\/strong><\/strong><\/p>\n\n\n\n<p class=\"\"><\/p>\n\n\n\n<p class=\"p-b text-align\">Jill Hanley est professeure agr\u00e9g\u00e9e \u00e0 l\u2019\u00c9cole de travail social et directrice scientifique de l\u2019Institut de recherche SHERPA pour la migration et l\u2019ethnicit\u00e9 dans les interventions en sant\u00e9 et en services sociaux. Le travail de Jill vise \u00e0 combler les \u00e9carts entre les politiques et les pratiques concernant les droits sociaux des populations d\u2019immigrants. Elle dirigera le volet de recherche sur l\u2019inclusion sociale de CIIA.<\/p>\n\n\n\n<p class=\"\"><a href=\"https:\/\/contacts.ucalgary.ca\/info\/sw\/profiles\/232-472\" target=\"_blank\" rel=\"noreferrer noopener\"><\/a><a href=\"https:\/\/www.mcgill.ca\/socialwork\/about\/people\/faculty\/hanley\" target=\"_blank\" rel=\"noreferrer noopener\">Lire la biographie compl\u00e8te<\/a><\/p>\n<\/div>\n<\/div>\n\n\n\n<p class=\"\"><\/p>\n\n\n\n<div class=\"wp-block-columns alignwide is-layout-flex wp-container-core-columns-is-layout-9d6595d7 wp-block-columns-is-layout-flex\">\n<div class=\"wp-block-column is-vertically-aligned-top is-layout-flow wp-block-column-is-layout-flow\">\n<p class=\"p-b\"><\/p>\n\n\n<div class=\"wp-block-image wp-block-image alignleft size-large is-resized\">\n<figure class=\"size-full\"><img decoding=\"async\" width=\"374\" height=\"466\" loading=\"lazy\" src=\"https:\/\/icoi.ca\/wp-content\/uploads\/2025\/01\/Screen-Shot-2025-01-24-at-3.04.14-PM.png\" alt=\"\" class=\"wp-image-4130\" style=\"object-fit:cover;width:133px;height:159px\" srcset=\"https:\/\/icoi.ca\/wp-content\/uploads\/2025\/01\/Screen-Shot-2025-01-24-at-3.04.14-PM.png 374w, https:\/\/icoi.ca\/wp-content\/uploads\/2025\/01\/Screen-Shot-2025-01-24-at-3.04.14-PM-241x300.png 241w, https:\/\/icoi.ca\/wp-content\/uploads\/2025\/01\/Screen-Shot-2025-01-24-at-3.04.14-PM-10x12.png 10w\" sizes=\"auto, (max-width: 374px) 100vw, 374px\" \/><\/figure>\n<\/div>\n\n\n<p class=\"p-b\"><strong>Liza Chan, Calgary Chinese Elderly Citizens\u2019 Association<\/strong><\/p>\n\n\n\n<p class=\"\"><\/p>\n\n\n\n<p class=\"\">Liza Chan, travailleuse sociale agr\u00e9\u00e9e, est la directrice g\u00e9n\u00e9rale de la Calgary Chinese Elderly Citizens\u2019 Association depuis 1994. Sous sa direction, la CCECA est pass\u00e9e d\u2019un fournisseur de services unique \u00e0 un collaborateur avec plus de 30 agences partenaires offrant une myriade de programmes \u00e0 5 000 personnes \u00e2g\u00e9es chaque ann\u00e9e. Liza est tr\u00e8s active dans le travail de proximit\u00e9. Elle est la fondatrice du Carnaval de la sant\u00e9 \u00e9motionnelle, un projet de collaboration avec dix associations pour sensibiliser la communaut\u00e9 chinoise \u00e0 la sant\u00e9 mentale depuis 2002.<\/p>\n<\/div>\n\n\n\n<div class=\"wp-block-column is-layout-flow wp-block-column-is-layout-flow\"><div class=\"wp-block-image wp-block-image alignleft size-large is-resized\">\n<figure class=\"size-full\"><img decoding=\"async\" width=\"250\" height=\"300\" loading=\"lazy\" src=\"https:\/\/icoi.ca\/wp-content\/uploads\/2024\/11\/oona-1.png\" alt=\"\" class=\"wp-image-3921\" style=\"object-fit:cover;width:133px;height:159px\" srcset=\"https:\/\/icoi.ca\/wp-content\/uploads\/2024\/11\/oona-1.png 250w, https:\/\/icoi.ca\/wp-content\/uploads\/2024\/11\/oona-1-10x12.png 10w\" sizes=\"auto, (max-width: 250px) 100vw, 250px\" \/><\/figure>\n<\/div>\n\n\n<p class=\"p-b\"><strong><strong><strong>Oona St-Amant, Toronto Metropolitan University<\/strong><\/strong><\/strong><\/p>\n\n\n\n<p class=\"\"><\/p>\n\n\n\n<p class=\"p-b text-align\">Oona St-Amant est professeure agr\u00e9g\u00e9e \u00e0 l\u2019\u00c9cole des sciences infirmi\u00e8res Daphne Cockwell. Le programme de recherche d\u2019Oona \u00e9value diverses formes de travail de soins non r\u00e9mun\u00e9r\u00e9. Elle a recours \u00e0 une vari\u00e9t\u00e9 de m\u00e9thodes ethnographiques pour examiner les diverses intersections de la culture, les intersections sociopolitiques de la culture, les aspects sociopolitiques et \u00e9conomiques des soins.<\/p>\n\n\n\n<p class=\"\"><a href=\"https:\/\/contacts.ucalgary.ca\/info\/sw\/profiles\/1-7228489\" target=\"_blank\" rel=\"noreferrer noopener\"><\/a><a href=\"https:\/\/www.ryerson.ca\/nursing\/about\/people\/faculty\/oonast-amant\/\" target=\"_blank\" rel=\"noreferrer noopener\">Lire la biographie compl\u00e8te<\/a><\/p>\n<\/div>\n<\/div>\n\n\n\n<p class=\"\"><\/p>\n\n\n\n<div class=\"wp-block-columns alignwide is-layout-flex wp-container-core-columns-is-layout-9d6595d7 wp-block-columns-is-layout-flex\">\n<div class=\"wp-block-column is-vertically-aligned-top is-layout-flow wp-block-column-is-layout-flow\"><div class=\"wp-block-image wp-block-image alignleft size-large is-resized\">\n<figure class=\"size-full\"><img decoding=\"async\" width=\"250\" height=\"300\" loading=\"lazy\" src=\"https:\/\/icoi.ca\/wp-content\/uploads\/2024\/11\/Sandeep-Agrawal-250x300-1.jpg\" alt=\"\" class=\"wp-image-3927\" style=\"object-fit:cover;width:133px;height:159px\" srcset=\"https:\/\/icoi.ca\/wp-content\/uploads\/2024\/11\/Sandeep-Agrawal-250x300-1.jpg 250w, https:\/\/icoi.ca\/wp-content\/uploads\/2024\/11\/Sandeep-Agrawal-250x300-1-10x12.jpg 10w\" sizes=\"auto, (max-width: 250px) 100vw, 250px\" \/><\/figure>\n<\/div>\n\n\n<p class=\"p-b\"><strong><strong><strong><strong>Sandeep Agrawal, Universit\u00e9 de l\u2019Alberta <\/strong><\/strong><\/strong><\/strong><\/p>\n\n\n\n<p class=\"p-b\"><\/p>\n\n\n\n<p class=\"\"><\/p>\n\n\n\n<p class=\"p-b text-align\">Sandeep Agrawal est professeur titulaire et directeur de la School of Urban and Regional Planning et pr\u00e9sident associ\u00e9 de la Facult\u00e9 des sciences, des sciences de la Terre et de l\u2019atmosph\u00e8re. Sandeep est un urbaniste dont les int\u00e9r\u00eats de recherche portent sur l\u2019am\u00e9nagement du territoire et la conception, la planification internationale, le multiculturalisme et les droits de la personne, et la politique de planification. Il dirigera le volet de recherche sur l\u2019inclusion politique de CIIA.<\/p>\n\n\n\n<p class=\"\"><a href=\"https:\/\/contacts.ucalgary.ca\/info\/sw\/profiles\/1-7228489\" target=\"_blank\" rel=\"noreferrer noopener\"><\/a><a href=\"https:\/\/www.ryerson.ca\/nursing\/about\/people\/faculty\/oonast-amant\/\" target=\"_blank\" rel=\"noreferrer noopener\"><\/a><a href=\"https:\/\/apps.ualberta.ca\/directory\/person\/sagrawal\" target=\"_blank\" rel=\"noreferrer noopener\">Lire la biographie compl\u00e8te<\/a><\/p>\n<\/div>\n\n\n\n<div class=\"m-r2 wp-block-column is-vertically-aligned-stretch is-layout-flow wp-block-column-is-layout-flow\"><div class=\"wp-block-image wp-block-image alignleft size-large is-resized\">\n<figure class=\"size-full\"><img decoding=\"async\" width=\"250\" height=\"300\" loading=\"lazy\" src=\"https:\/\/icoi.ca\/wp-content\/uploads\/2024\/11\/satwinder.png\" alt=\"\" class=\"wp-image-3930\" style=\"aspect-ratio:0.8364779874213837;object-fit:cover;width:126px;height:auto\" srcset=\"https:\/\/icoi.ca\/wp-content\/uploads\/2024\/11\/satwinder.png 250w, https:\/\/icoi.ca\/wp-content\/uploads\/2024\/11\/satwinder-10x12.png 10w\" sizes=\"auto, (max-width: 250px) 100vw, 250px\" \/><\/figure>\n<\/div>\n\n\n<p class=\"p-b\"><strong><strong><strong>Satwinder Bains, Universit\u00e9 de la Fraser Valley<\/strong><\/strong><\/strong><\/p>\n\n\n\n<p class=\"\"><\/p>\n\n\n\n<div class=\"wp-block-group\"><div class=\"wp-block-group__inner-container is-layout-constrained wp-block-group-is-layout-constrained\">\n<p class=\"p-b text-align has-text-align-left\">Satwinder Bains est la directrice de l'Institut d\u2019\u00e9tudes sud-asiatiques \u00e0 l'Universit\u00e9 de la Fraser Valley et professeure agr\u00e9g\u00e9e en \u00e9tudes des m\u00e9dias culturels au Coll\u00e8ge des arts. Son analyse critique de la politique et de la planification multilingues de l\u2019Inde a nourri son int\u00e9r\u00eat pour l\u2019impact de la langue, de la culture et de l\u2019identit\u00e9 sur la migration, l\u2019\u00e9tablissement des nouveaux arrivants et l\u2019int\u00e9gration des Canadiens sud-asiatiques. Ses recherches se situent \u00e0 l\u2019intersection de l\u2019\u00e9ducation interculturelle, avec un accent sur la mise en \u0153uvre de programmes contre le racisme; la race, le racisme et l\u2019ethnicit\u00e9; la politique identitaire; l\u2019id\u00e9ologie f\u00e9ministe sikh; la migration et la diaspora sud-asiatiques au Canada; et l\u2019historiographie culturelle des Canadiens pendjabis. Elle poss\u00e8de \u00e9galement une vaste exp\u00e9rience professionnelle en d\u00e9veloppement communautaire.<\/p>\n\n\n\n<p class=\"\"><a href=\"https:\/\/www.ufv.ca\/scms\/faculty-staff\/bains-satwinder.htm\">Lire la biographie compl\u00e8te<\/a><\/p>\n<\/div><\/div>\n\n\n\n<p class=\"\"><\/p>\n<\/div>\n<\/div>\n<\/div><\/div>\n\n\n\n<p class=\"\"><\/p>\n\n\n\n<p class=\"\"><\/p>","protected":false},"excerpt":{"rendered":"<p>Sepali Guruge, Toronto Metropolitan University Project Director Sepali Guruge is a Full Professor in the Daphne Cockwell School of Nursing. For the past 25 years, Sepali has demonstrated a solid commitment to increasing the visibility and highlighting the resiliency of marginalized populations. Her program of research focuses on immigrant health, with particular attention to the [&hellip;]<\/p>","protected":false},"author":1,"featured_media":0,"parent":0,"menu_order":0,"comment_status":"closed","ping_status":"closed","template":"","meta":{"nf_dc_page":"","sfsi_plus_gutenberg_text_before_share":"","sfsi_plus_gutenberg_show_text_before_share":"","sfsi_plus_gutenberg_icon_type":"","sfsi_plus_gutenberg_icon_alignemt":"","sfsi_plus_gutenburg_max_per_row":"","footnotes":"","_links_to":"","_links_to_target":""},"class_list":["post-2548","page","type-page","status-publish","hentry"],"_links":{"self":[{"href":"https:\/\/icoi.ca\/fr\/wp-json\/wp\/v2\/pages\/2548","targetHints":{"allow":["GET"]}}],"collection":[{"href":"https:\/\/icoi.ca\/fr\/wp-json\/wp\/v2\/pages"}],"about":[{"href":"https:\/\/icoi.ca\/fr\/wp-json\/wp\/v2\/types\/page"}],"author":[{"embeddable":true,"href":"https:\/\/icoi.ca\/fr\/wp-json\/wp\/v2\/users\/1"}],"replies":[{"embeddable":true,"href":"https:\/\/icoi.ca\/fr\/wp-json\/wp\/v2\/comments?post=2548"}],"version-history":[{"count":19,"href":"https:\/\/icoi.ca\/fr\/wp-json\/wp\/v2\/pages\/2548\/revisions"}],"predecessor-version":[{"id":4227,"href":"https:\/\/icoi.ca\/fr\/wp-json\/wp\/v2\/pages\/2548\/revisions\/4227"}],"wp:attachment":[{"href":"https:\/\/icoi.ca\/fr\/wp-json\/wp\/v2\/media?parent=2548"}],"curies":[{"name":"wp","href":"https:\/\/api.w.org\/{rel}","templated":true}]}}