{"id":3411,"date":"2021-02-23T17:19:12","date_gmt":"2021-02-23T17:19:12","guid":{"rendered":"https:\/\/icoi.ca\/?page_id=3411"},"modified":"2026-03-23T01:21:33","modified_gmt":"2026-03-23T01:21:33","slug":"year-2","status":"publish","type":"page","link":"https:\/\/icoi.ca\/fr\/year-2\/","title":{"rendered":"Ann\u00e9e 2"},"content":{"rendered":"<div class=\"wp-block-columns is-layout-flex wp-container-core-columns-is-layout-9d6595d7 wp-block-columns-is-layout-flex\">\n<div class=\"wp-block-column is-layout-flow wp-block-column-is-layout-flow\">\n<h2 class=\"wp-block-heading\"><strong>Volet de recherche sur l'inclusion g\u00e9ospatiale <\/strong><\/h2>\n\n\n\n<p class=\"\">Pour aborder les aspects g\u00e9ographiques et spatiaux de l\u2019isolement social et des exp\u00e9riences de connexion sociale des immigrants \u00e2g\u00e9s, un quatri\u00e8me axe de recherche a \u00e9t\u00e9 cr\u00e9\u00e9. Ce nouvel axe de recherche s\u2019appelle l\u2019Axe de recherche sur l\u2019inclusion g\u00e9o-spatiale et est dirig\u00e9 par Zhixi Zhuang, qui a men\u00e9 des recherches approfondies dans ce domaine.<\/p>\n<\/div>\n<\/div>\n\n\n\n<div class=\"wp-block-columns is-layout-flex wp-container-core-columns-is-layout-9d6595d7 wp-block-columns-is-layout-flex\">\n<div class=\"wp-block-column is-layout-flow wp-block-column-is-layout-flow\">\n<h2 class=\"wp-block-heading\"><strong><strong>Volets de recherche<\/strong> <\/strong><\/h2>\n\n\n\n<p class=\"\">D'apr\u00e8s les r\u00e9sultats des revues de litt\u00e9rature qualitatives et quantitatives en anglais et en fran\u00e7ais, une liste de facteurs cl\u00e9s ayant un impact sur l'isolement social des personnes \u00e2g\u00e9es immigrantes dans les domaines de l'inclusion g\u00e9ospatiale, sociale, \u00e9conomique et politique a \u00e9t\u00e9 identifi\u00e9e, puis organis\u00e9e en trois niveaux : le niveau individuel (micro), le niveau communautaire (m\u00e9so) et le niveau soci\u00e9tal (macro).<\/p>\n\n\n\n<p class=\"\">La liste finale des facteurs cl\u00e9s et des mesures connexes a servi \u00e0 \u00e9laborer une enqu\u00eate aupr\u00e8s des partenaires communautaires et une enqu\u00eate aupr\u00e8s des personnes \u00e2g\u00e9es immigrantes.<\/p>\n<\/div>\n<\/div>\n\n\n\n<div class=\"wp-block-columns is-layout-flex wp-container-core-columns-is-layout-9d6595d7 wp-block-columns-is-layout-flex\">\n<div class=\"wp-block-column is-layout-flow wp-block-column-is-layout-flow\">\n<h2 class=\"wp-block-heading\"><strong><strong>Mise \u00e0 jour du plan de formation ICOI<\/strong><\/strong><\/h2>\n\n\n\n<p class=\"\">Bas\u00e9 sur les r\u00e9sultats de l\u2019Enqu\u00eate sur l\u2019\u00e9ducation et la formation r\u00e9alis\u00e9e par les membres de l\u2019\u00e9quipe ICOI, Sandeep Agrawal (chef du Comit\u00e9 de soutien \u00e0 l\u2019\u00e9ducation et \u00e0 la formation) a organis\u00e9 le Plan de formation ICOI pour la troisi\u00e8me ann\u00e9e, qui comprendra une s\u00e9rie de s\u00e9ances de formation.<br>Les sujets des s\u00e9ances comprennent les m\u00e9thodes mixtes, le consentement, le droit et les droits \u00e0 l\u2019\u00e9galit\u00e9, les pratiques \u00e9thiques en recherche, la mobilisation des immigrants plus \u00e2g\u00e9s dans la collecte de donn\u00e9es, les approches th\u00e9oriques, l\u2019analyse de grandes bases de donn\u00e9es, les mod\u00e8les de collaboration, l\u2019ethnographie critique et les sujets du flux de recherche ICOI. Les s\u00e9ances \u00e9taient anim\u00e9es par<br>divers membres de l\u2019\u00e9quipe ICOI et enregistr\u00e9es sur Zoom.<br>Le Comit\u00e9 sur les Donn\u00e9es, la Conception et l'\u00c9valuation a form\u00e9 des sous-comit\u00e9s pour effectuer des revues de litt\u00e9rature sur les m\u00e9thodes de<br>collecte de donn\u00e9es existantes, les strat\u00e9gies de recrutement et les pratiques de traduction\/interpr\u00e9tation afin d'informer le d\u00e9veloppement du protocole de l'Enqu\u00eate sur les Immigrants \u00c2g\u00e9s et la conception de la recherche.<\/p>\n<\/div>\n<\/div>\n\n\n\n<div class=\"wp-block-columns is-layout-flex wp-container-core-columns-is-layout-9d6595d7 wp-block-columns-is-layout-flex\">\n<div class=\"wp-block-column is-layout-flow wp-block-column-is-layout-flow\">\n<h2 class=\"wp-block-heading\"><strong><strong>Donn\u00e9es, conception et \u00e9valuation<br>Committee Work<\/strong> <\/strong><\/h2>\n\n\n\n<p class=\"\">Le Comit\u00e9 sur les Donn\u00e9es, la Conception et l'\u00c9valuation a form\u00e9 des sous-comit\u00e9s pour effectuer des revues de litt\u00e9rature sur les m\u00e9thodes de collecte<br>de donn\u00e9es existantes, les strat\u00e9gies de recrutement et les pratiques de traduction\/interpr\u00e9tation afin d'informer le d\u00e9veloppement du protocole de l'Enqu\u00eate sur les Immigrants \u00c2g\u00e9s et la conception<br>de la recherche.<\/p>\n<\/div>\n<\/div>\n\n\n\n<div class=\"wp-block-columns is-layout-flex wp-container-core-columns-is-layout-9d6595d7 wp-block-columns-is-layout-flex\">\n<div class=\"wp-block-column is-layout-flow wp-block-column-is-layout-flow\">\n<h2 class=\"wp-block-heading\"><strong><strong>Sondage aupr\u00e8s des partenaires communautaires de l'ICOI<\/strong><\/strong><\/h2>\n\n\n\n<p class=\"\">Les objectifs g\u00e9n\u00e9raux du projet ICOI sont d'identifier les facteurs qui contribuent \u00e0 l'isolement social chez les immigrants \u00e2g\u00e9s et, par la suite, de concevoir des interventions culturellement et linguistiquement appropri\u00e9es pour r\u00e9pondre \u00e0 l'isolement social et am\u00e9liorer la connectivit\u00e9 sociale.<br>Le sondage aupr\u00e8s des partenaires communautaires visait \u00e0 recueillir les perceptions des partenaires communautaires de l'ICOI sur les principaux facteurs qui contribuent \u00e0 l'isolement social ; en particulier, ils seront invit\u00e9s \u00e0 \u00e9valuer ces facteurs cl\u00e9s afin que nous puissions identifier ceux qui devraient \u00eatre prioritaires pour l'intervention.<br>Le sondage aupr\u00e8s des partenaires communautaires a \u00e9t\u00e9 partag\u00e9 avec plus de 40 agences partenaires communautaires.<\/p>\n<\/div>\n<\/div>","protected":false},"excerpt":{"rendered":"<p>New Geo-Spatial Inclusion Research Stream To address the geographical and spatial aspects of older immigrants\u2019 social isolation and social connectedness experiences, a fourth Research Stream was created. This new Research Stream is called the Geo-Spatial Inclusion Research Stream and is led by Zhixi Zhuang, who has done extensive research in this area. Research Streams Based [&hellip;]<\/p>","protected":false},"author":1,"featured_media":0,"parent":0,"menu_order":0,"comment_status":"closed","ping_status":"closed","template":"","meta":{"nf_dc_page":"","sfsi_plus_gutenberg_text_before_share":"","sfsi_plus_gutenberg_show_text_before_share":"","sfsi_plus_gutenberg_icon_type":"","sfsi_plus_gutenberg_icon_alignemt":"","sfsi_plus_gutenburg_max_per_row":"","footnotes":"","_links_to":"","_links_to_target":""},"class_list":["post-3411","page","type-page","status-publish","hentry"],"_links":{"self":[{"href":"https:\/\/icoi.ca\/fr\/wp-json\/wp\/v2\/pages\/3411","targetHints":{"allow":["GET"]}}],"collection":[{"href":"https:\/\/icoi.ca\/fr\/wp-json\/wp\/v2\/pages"}],"about":[{"href":"https:\/\/icoi.ca\/fr\/wp-json\/wp\/v2\/types\/page"}],"author":[{"embeddable":true,"href":"https:\/\/icoi.ca\/fr\/wp-json\/wp\/v2\/users\/1"}],"replies":[{"embeddable":true,"href":"https:\/\/icoi.ca\/fr\/wp-json\/wp\/v2\/comments?post=3411"}],"version-history":[{"count":6,"href":"https:\/\/icoi.ca\/fr\/wp-json\/wp\/v2\/pages\/3411\/revisions"}],"predecessor-version":[{"id":4361,"href":"https:\/\/icoi.ca\/fr\/wp-json\/wp\/v2\/pages\/3411\/revisions\/4361"}],"wp:attachment":[{"href":"https:\/\/icoi.ca\/fr\/wp-json\/wp\/v2\/media?parent=3411"}],"curies":[{"name":"wp","href":"https:\/\/api.w.org\/{rel}","templated":true}]}}