{"id":3741,"date":"2023-11-18T01:58:51","date_gmt":"2023-11-18T01:58:51","guid":{"rendered":"https:\/\/icoi.ca\/?page_id=3741"},"modified":"2026-03-23T19:11:51","modified_gmt":"2026-03-23T19:11:51","slug":"year-3","status":"publish","type":"page","link":"https:\/\/icoi.ca\/fr\/year-3\/","title":{"rendered":"Ann\u00e9e 3"},"content":{"rendered":"<h2 class=\"wp-block-heading\"><\/h2>\n\n\n\n<div class=\"wp-block-group\"><div class=\"wp-block-group__inner-container is-layout-constrained wp-block-group-is-layout-constrained\">\n<div class=\"wp-block-columns alignfull is-layout-flex wp-container-core-columns-is-layout-9d6595d7 wp-block-columns-is-layout-flex\">\n<div class=\"wp-block-column is-vertically-aligned-stretch is-layout-flow wp-block-column-is-layout-flow\">\n<h2 class=\"wp-block-heading\">Enqu\u00eate aupr\u00e8s des immigrants \u00e2g\u00e9s<\/h2>\n\n\n\n<p class=\"\">Apr\u00e8s avoir obtenu l'approbation du comit\u00e9 d'\u00e9thique de la recherche (CER) de toutes les agences et universit\u00e9s affili\u00e9es, la collecte de donn\u00e9es pour l'enqu\u00eate aupr\u00e8s des immigrants \u00e2g\u00e9s a commenc\u00e9. Cette s\u00e9rie de collecte de donn\u00e9es a impliqu\u00e9 une enqu\u00eate quantitative aupr\u00e8s de jusqu'\u00e0 900 immigrants \u00e2g\u00e9s parlant arabe, mandarin et punjabi provenant des 9 sites urbains. L'enqu\u00eate \u00e9tait disponible en formats en ligne et papier et peut \u00eatre auto-administr\u00e9e ou r\u00e9alis\u00e9e avec l'aide d'un assistant de recherche par t\u00e9l\u00e9phone, Zoom ou en personne. Des coordinateurs provinciaux et des assistants de recherche ont \u00e9t\u00e9 embauch\u00e9s dans les 9 sites urbains pour soutenir cette activit\u00e9.<br><\/p>\n\n\n\n<h2 class=\"wp-block-heading\">Analyse des donn\u00e9es de l\u2019ELCV<\/h2>\n\n\n\n<p class=\"\">\u00c0 compter de septembre 2022, l\u2019\u00e9quipe du CLSA, dirig\u00e9e par Souraya Sidani (Universit\u00e9 m\u00e9tropolitaine de Toronto) et Denise Cloutier (Universit\u00e9 de Victoria), a termin\u00e9 l\u2019analyse des donn\u00e9es de r\u00e9f\u00e9rence et des donn\u00e9es de suivi 1 de l\u2019\u00c9tude longitudinale canadienne sur le vieillissement (CLSA). Les donn\u00e9es, recueillies aupr\u00e8s d\u2019environ 7 600 immigrants \u00e2g\u00e9s dans des zones rurales et urbaines de sept provinces canadiennes, ont explor\u00e9 l\u2019impact de facteurs personnels, de sant\u00e9, sociaux, environnementaux et li\u00e9s \u00e0 l\u2019immigration sur l\u2019isolement social, mesur\u00e9 par la solitude et la participation \u00e0 des activit\u00e9s sociales. La d\u00e9pression et la satisfaction per\u00e7ue de la vie se sont av\u00e9r\u00e9es \u00eatre les facteurs cl\u00e9s influen\u00e7ant \u00e0 la fois la solitude et la participation. Les r\u00e9sultats de ce projet indiqueront lesquels de ces facteurs sont les plus influents; ils compl\u00e9teront les conclusions de l\u2019Enqu\u00eate sur les immigrants \u00e2g\u00e9s en identifiant les facteurs les plus importants pour une intervention.<\/p>\n\n\n\n<h2 class=\"wp-block-heading\">Rapport de l\u2019enqu\u00eate aupr\u00e8s des partenaires communautaires<\/h2>\n\n\n\n<p class=\"\"><br>Le printemps dernier, l\u2019ICOI a publi\u00e9 une \u00e9tude sur les points de vue des fournisseurs de services concernant les facteurs de risque d\u2019isolement social chez les immigrants \u00e2g\u00e9s, en particulier dans les communaut\u00e9s est-asiatiques, sud-asiatiques et moyen-orientales \u00e0 croissance rapide au Canada. Des fournisseurs de 38 agences partenaires de l\u2019ICOI ont rempli un sondage en ligne, qui a r\u00e9v\u00e9l\u00e9 que tous les r\u00e9pondants percevaient l\u2019acc\u00e8s aux services de sant\u00e9, sociaux et d\u2019\u00e9tablissement comme des enjeux majeurs. R\u00e9alis\u00e9 pendant la pand\u00e9mie de COVID-19, le sondage a corrobor\u00e9 des \u00e9tudes pr\u00e9c\u00e9dentes soulignant le besoin continu de meilleurs services de sant\u00e9 pour les immigrants \u00e2g\u00e9s.<\/p>\n\n\n\n<h2 class=\"wp-block-heading\">S\u00e9rie de webinaires 2022<\/h2>\n\n\n\n<p class=\"\"><br>Suite au succ\u00e8s de la s\u00e9rie de webinaires hiver\/printemps, le Comit\u00e9 d'\u00e9ducation et de formation de l'ICOI, dirig\u00e9 par Sandeep Agrawal (Universit\u00e9 de l'Alberta), a organis\u00e9 une s\u00e9rie de webinaires d'automne qui a eu lieu toutes les deux semaines de septembre \u00e0 d\u00e9cembre 2022. Les sessions, ax\u00e9es sur les th\u00e8mes du volet recherche (inclusion sociale, \u00e9conomique, politique et g\u00e9ospatiale), ont couvert divers sujets. Cette s\u00e9rie a non seulement favoris\u00e9 l'\u00e9change d'informations au sein de l'\u00e9quipe de l'ICOI et de la communaut\u00e9 \u00e9largie, mais a \u00e9galement contribu\u00e9 \u00e0 faire progresser les objectifs de mobilisation des connaissances de notre projet.<\/p>\n\n\n\n<h2 class=\"wp-block-heading\">R\u00e9sum\u00e9 du projet biennal de la 3e ann\u00e9e<\/h2>\n\n\n\n<p class=\"\"><br>Le Sommet du projet biennal de la 3e ann\u00e9e de l\u2019ICOI a eu lieu en personne \u00e0 l\u2019Universit\u00e9 de Calgary, en Alberta, du 4 au 6 avril. Un total de 32 membres de l\u2019\u00e9quipe de l\u2019ICOI ont particip\u00e9 en personne, tandis que plus de 50 autres ont rejoint \u00e0 distance via Zoom. Nous sommes reconnaissants d\u2019avoir eu la chance de nous r\u00e9unir, de collaborer et de partager un temps pr\u00e9cieux.<br>Quelques \u00e9l\u00e9ments cl\u00e9s du sommet comprenaient : le travail collaboratif sur l\u2019affinement du guide d\u2019entretien pour la collecte de donn\u00e9es qualitatives, des discussions sur la mani\u00e8re dont les observations pourraient se pr\u00e9senter dans diff\u00e9rentes villes et provinces, des engagements renouvel\u00e9s des membres de l\u2019\u00e9quipe envers les efforts de mobilisation des connaissances, des id\u00e9es partag\u00e9es directement par les partenaires communautaires sur leurs exp\u00e9riences de travail avec des immigrants \u00e2g\u00e9s, et, bien s\u00fbr, l\u2019occasion de renforcer les liens au sein de l\u2019\u00e9quipe et de favoriser un sens plus profond de la mission.<\/p>\n<\/div>\n<\/div>\n<\/div><\/div>\n\n\n\n<div class=\"wp-block-group\"><div class=\"wp-block-group__inner-container is-layout-constrained wp-block-group-is-layout-constrained\">\n<div class=\"wp-block-group alignwide is-nowrap is-layout-flex wp-container-core-group-is-layout-ad2f72ca wp-block-group-is-layout-flex\">\n<div class=\"wp-block-columns is-layout-flex wp-container-core-columns-is-layout-9d6595d7 wp-block-columns-is-layout-flex\">\n<div class=\"wp-block-column is-layout-flow wp-block-column-is-layout-flow\">\n<figure class=\"wp-block-image size-full\"><img decoding=\"async\" width=\"651\" height=\"488\" loading=\"lazy\" src=\"https:\/\/icoi.ca\/wp-content\/uploads\/2023\/11\/Picture0-edited.jpg\" alt=\"\" class=\"wp-image-3772\" style=\"aspect-ratio:1;object-fit:cover\" srcset=\"https:\/\/icoi.ca\/wp-content\/uploads\/2023\/11\/Picture0-edited.jpg 651w, https:\/\/icoi.ca\/wp-content\/uploads\/2023\/11\/Picture0-edited-300x225.jpg 300w, https:\/\/icoi.ca\/wp-content\/uploads\/2023\/11\/Picture0-edited-16x12.jpg 16w\" sizes=\"auto, (max-width: 651px) 100vw, 651px\" \/><\/figure>\n<\/div>\n\n\n\n<div class=\"wp-block-column is-layout-flow wp-block-column-is-layout-flow\">\n<figure class=\"wp-block-image size-medium\"><img decoding=\"async\" width=\"300\" height=\"225\" loading=\"lazy\" src=\"https:\/\/icoi.ca\/wp-content\/uploads\/2023\/11\/Picture3-1-edited-300x225.jpg\" alt=\"\" class=\"wp-image-3774\" style=\"aspect-ratio:1;object-fit:cover\" srcset=\"https:\/\/icoi.ca\/wp-content\/uploads\/2023\/11\/Picture3-1-edited-300x225.jpg 300w, https:\/\/icoi.ca\/wp-content\/uploads\/2023\/11\/Picture3-1-edited-16x12.jpg 16w, https:\/\/icoi.ca\/wp-content\/uploads\/2023\/11\/Picture3-1-edited.jpg 641w\" sizes=\"auto, (max-width: 300px) 100vw, 300px\" \/><\/figure>\n<\/div>\n\n\n\n<div class=\"wp-block-column is-layout-flow wp-block-column-is-layout-flow\">\n<figure class=\"wp-block-image size-full is-resized\"><img decoding=\"async\" width=\"263\" height=\"200\" loading=\"lazy\" src=\"https:\/\/icoi.ca\/wp-content\/uploads\/2023\/11\/Picture1-1.jpg\" alt=\"\" class=\"wp-image-3770\" style=\"aspect-ratio:1;object-fit:cover;width:284px;height:auto\" srcset=\"https:\/\/icoi.ca\/wp-content\/uploads\/2023\/11\/Picture1-1.jpg 263w, https:\/\/icoi.ca\/wp-content\/uploads\/2023\/11\/Picture1-1-16x12.jpg 16w\" sizes=\"auto, (max-width: 263px) 100vw, 263px\" \/><\/figure>\n<\/div>\n<\/div>\n<\/div>\n<\/div><\/div>\n\n\n\n<p class=\"\"><\/p>","protected":false},"excerpt":{"rendered":"<p>Older Immigrant Survey After obtaining research ethics board (REB) approval from all affiliated agencies and Universities, data collection for the Older Immigrant survey was commenced. This round of data collection involved a quantitative survey of up to 900 Arabic, Mandarin, and Punjabi-speaking older immigrants from across the 9 city sites. The survey was made available [&hellip;]<\/p>","protected":false},"author":7,"featured_media":0,"parent":0,"menu_order":0,"comment_status":"closed","ping_status":"closed","template":"","meta":{"nf_dc_page":"","sfsi_plus_gutenberg_text_before_share":"","sfsi_plus_gutenberg_show_text_before_share":"","sfsi_plus_gutenberg_icon_type":"","sfsi_plus_gutenberg_icon_alignemt":"","sfsi_plus_gutenburg_max_per_row":"","footnotes":"","_links_to":"","_links_to_target":""},"class_list":["post-3741","page","type-page","status-publish","hentry"],"_links":{"self":[{"href":"https:\/\/icoi.ca\/fr\/wp-json\/wp\/v2\/pages\/3741","targetHints":{"allow":["GET"]}}],"collection":[{"href":"https:\/\/icoi.ca\/fr\/wp-json\/wp\/v2\/pages"}],"about":[{"href":"https:\/\/icoi.ca\/fr\/wp-json\/wp\/v2\/types\/page"}],"author":[{"embeddable":true,"href":"https:\/\/icoi.ca\/fr\/wp-json\/wp\/v2\/users\/7"}],"replies":[{"embeddable":true,"href":"https:\/\/icoi.ca\/fr\/wp-json\/wp\/v2\/comments?post=3741"}],"version-history":[{"count":16,"href":"https:\/\/icoi.ca\/fr\/wp-json\/wp\/v2\/pages\/3741\/revisions"}],"predecessor-version":[{"id":4419,"href":"https:\/\/icoi.ca\/fr\/wp-json\/wp\/v2\/pages\/3741\/revisions\/4419"}],"wp:attachment":[{"href":"https:\/\/icoi.ca\/fr\/wp-json\/wp\/v2\/media?parent=3741"}],"curies":[{"name":"wp","href":"https:\/\/api.w.org\/{rel}","templated":true}]}}