{"id":4104,"date":"2025-01-21T17:42:19","date_gmt":"2025-01-21T17:42:19","guid":{"rendered":"https:\/\/icoi.ca\/?page_id=4104"},"modified":"2026-04-19T23:02:14","modified_gmt":"2026-04-19T23:02:14","slug":"publications","status":"publish","type":"page","link":"https:\/\/icoi.ca\/fr\/publications\/","title":{"rendered":"Publications"},"content":{"rendered":"<hr class=\"wp-block-separator has-alpha-channel-opacity\"\/>\n\n\n<p><strong>Articles de revues<\/strong><\/p>\n<p><strong>Publi\u00e9 (2022 \u2013 aujourd'hui)<\/strong><\/p>\n\n\n<div class=\"wp-block-group\"><div class=\"wp-block-group__inner-container is-layout-constrained wp-block-group-is-layout-constrained\">\n<p class=\"\">Guruge, S., &amp;&nbsp;Sidani, S. (2025). Immigrant older adults\u2019 perceived acceptability of interventions for social isolation: A mixed methods study protocol.\u202f<em>International Health Trends and Perspectives<\/em>,\u202f<em>5<\/em>(3), 358\u2013367.&nbsp;<a href=\"https:\/\/doi.org\/10.32920\/ihtp.v5i3.2553\" target=\"_blank\" rel=\"noreferrer noopener\">https:\/\/doi.org\/10.32920\/ihtp.v5i3.2553<\/a>&nbsp;<\/p>\n\n\n\n<p class=\"\">Guruge, S., &amp;&nbsp;Sidani, S. (2025). An exploration of demographic, health, social, and environmental factors associated with loneliness among immigrant older adult: A cross-sectional study in Canada.\u202f<em>The Journal of Aging and Social Change<\/em>,\u202f<em>15<\/em>(2), 19\u201339.&nbsp;<a href=\"https:\/\/doi.org\/10.18848\/2576-5310\/CGP\/v15i02\/19-39\" target=\"_blank\" rel=\"noreferrer noopener\">https:\/\/doi.org\/10.18848\/2576-5310\/CGP\/v15i02\/19-39<\/a>&nbsp;<\/p>\n\n\n\n<p class=\"\">Guruge, S.,&nbsp;Sidani, S., &amp; Hanley, J. (2025). Social Participation Among Older Immigrants: A Cross-Sectional Study in Nine Cities in Canada.\u202f<em>Healthcare (Basel)<\/em>,\u202f<em>13<\/em>(13), 1478.&nbsp;<a href=\"https:\/\/doi.org\/10.3390\/healthcare13131478\" target=\"_blank\" rel=\"noreferrer noopener\">https:\/\/doi.org\/10.3390\/healthcare13131478<\/a>&nbsp;<\/p>\n\n\n\n<p class=\"\">Guruge, S., &amp;&nbsp;Sidani, S., &amp; The ICOI Team. (2024). Sociodemographic and Health Determinants of Loneliness in Older Immigrants in Canada: A Cross-Sectional Study.\u202f<em>Canadian Journal of Nursing Research<\/em>,\u202f<em>57<\/em>(2), 298\u2013305.&nbsp;<a href=\"https:\/\/doi.org\/10.1177\/08445621241289234\" target=\"_blank\" rel=\"noreferrer noopener\">https:\/\/doi.org\/10.1177\/08445621241289234<\/a>&nbsp;<\/p>\n\n\n\n<p class=\"\">Mazzullo, E., Salma, J., Walsh, C., Au, A.,&nbsp;Sidani, S., Agrawal, S., Bulut, O., &amp; Guruge, S. (2025). Neighbourhood social influences on loneliness in older immigrants in two Canadian provinces.\u202f<em>Canadian Journal on Aging<\/em>,\u202f<em>44<\/em>(4), 449\u2013457.&nbsp;<a href=\"https:\/\/doi.org\/10.1017\/S0714980825100068\" target=\"_blank\" rel=\"noreferrer noopener\">https:\/\/doi.org\/10.1017\/S0714980825100068<\/a>&nbsp;<\/p>\n\n\n\n<p class=\"\">Guruge, S., Saha, M., Shields, J., Chandrasekaran, K.,&nbsp;Metersky, K., Catallo, C.,&nbsp;Amanzai, H., Zhuang, Z., &amp;&nbsp;Sidani, S. (2025). Economic factors contributing to social isolation among immigrant older adults in the Greater Toronto Area: A qualitative interpretive description.\u202f<em>Journal of Ageing and Longevity<\/em>,\u202f<em>6<\/em>(1), 2.&nbsp;<a href=\"https:\/\/doi.org\/10.3390\/jal6010002\" target=\"_blank\" rel=\"noreferrer noopener\">https:\/\/doi.org\/10.3390\/jal6010002<\/a>&nbsp;<\/p>\n\n\n\n<p class=\"\">Metersky, K., Lin, P., Guruge, S., Zhuang, Z. C., Catallo, C., &amp; Chandrasekaran, K. (2025). The role of technology use in the context of social isolation among immigrant older adults.\u202f<em>Canadian Journal of Nursing Research<\/em>,\u202f<em>57<\/em>(3), 429\u2013435.&nbsp;<a href=\"https:\/\/doi.org\/10.1177\/08445621251347014\" target=\"_blank\" rel=\"noreferrer noopener\">https:\/\/doi.org\/10.1177\/08445621251347014<\/a>&nbsp;<\/p>\n\n\n\n<p class=\"\">Ekoh, P. C., Guruge, S., Walsh, C. A.,&nbsp;Warria, A., Chandrasekaran, K., Wong, K. W., &amp; Umer, H. (2025). \u201cIt\u2019s all about the connection\u201d: Digital and physical spaces for Mandarin and Punjabi-speaking older immigrants in Calgary.\u202f<em>Journal of Aging &amp; Social Policy<\/em>, 1\u201320.&nbsp;<a href=\"https:\/\/doi.org\/10.1080\/08959420.2025.2568447\" target=\"_blank\" rel=\"noreferrer noopener\">https:\/\/doi.org\/10.1080\/08959420.2025.2568447<\/a>&nbsp;<\/p>\n\n\n\n<p class=\"\">Northwood, M.,&nbsp;Leung, E.,&nbsp;Sidani, S., &amp; Guruge, S. (2024). Recruiting older immigrants for research: Opportunities and challenges. In S. Guruge (Ed.). Intersections of Aging and Immigration: The Promise and the Paradox of a Better Life. Toronto: Toronto Metropolitan University. Retrieved from&nbsp;<a href=\"https:\/\/pressbooks.library.torontomu.ca\/intersections\/\" target=\"_blank\" rel=\"noreferrer noopener\">https:\/\/pressbooks.library.torontomu.ca\/intersections\/<\/a>&nbsp;<\/p>\n\n\n\n<p class=\"\">Zhang, F., Hanley, J., Klassen, C. (2024). \u201cI help them to help the country\u201d: Lack of state support for precarious status, older Chinese immigrants. Guruge, S., ed.&nbsp;<em>Intersections of Aging and Immigration: Promises and Paradoxes of a Better Life<\/em>. TMU Publishing. <a href=\"https:\/\/pressbooks.library.torontomu.ca\/intersections\/\">https:\/\/pressbooks.library.torontomu.ca\/intersections\/<\/a> <\/p>\n\n\n\n<p class=\"\">Hanley, J., Hassan, M., Al&nbsp;Mhamied, A., Guruge, S., Hajjar, O.,&nbsp;Hynie, M., Jamil, R., &amp;&nbsp;Razavipour, E. (2024). Resettlement of older Syrian refugees in Canada: Key individual factors of social inclusion.\u202f<em>Refuge<\/em>,\u202f<em>40<\/em>(1), 1\u201323.&nbsp;<a href=\"https:\/\/doi.org\/10.25071\/1920-7336.41223\" target=\"_blank\" rel=\"noreferrer noopener\">https:\/\/doi.org\/10.25071\/1920-7336.41223<\/a>&nbsp;&nbsp;<\/p>\n\n\n\n<p class=\"\">Metersky, K., Zhuang, Z. C., St-Amant, O., &amp; Guruge, S. (2024). Lessons learned from recruiting socially isolated older immigrants for a Survey-based Study in Toronto.\u202f<em>Canadian Journal of Nursing Research<\/em>,\u202f<em>56<\/em>(1), 3\u20134.&nbsp;<a href=\"https:\/\/doi.org\/10.1177\/08445621231206034\" target=\"_blank\" rel=\"noreferrer noopener\">https:\/\/doi.org\/10.1177\/08445621231206034<\/a>&nbsp;&nbsp;<\/p>\n\n\n\n<p class=\"\">Ekoh, P., Zhu, C., Walsh, C., &amp; Guruge, S. (2023). Experiences of social isolation by Mandarin and Punjabi-speaking older immigrants living in Calgary.&nbsp;<em>Innovation in Aging<\/em>,&nbsp;<em>7<\/em>(Supplement_1), 1035\u20131035. <a href=\"https:\/\/doi.org\/10.1093\/geroni\/igad104.3326\">https:\/\/doi.org\/10.1093\/geroni\/igad104.3326<\/a><\/p>\n\n\n\n<p class=\"\">Guruge, S., &amp; Sidani, S. (2023). Determinants of loneliness in older immigrants: A scoping review.<br>International Health Trends and Perspectives,&nbsp;3(2), 243\u2013262. <a href=\"https:\/\/doi.org\/10.32920\/ihtp.v3i2.1731\">https:\/\/doi.org\/10.32920\/ihtp.v3i2.1731<\/a> <\/p>\n\n\n\n<p class=\"\">Xueping, M., Shuhua, K., Hanley, J.,&nbsp;Souli\u00e8res, M.,&nbsp;Mezdour, A., Laquerre, M-E. Vivre dans le&nbsp;r\u00eave&nbsp;ou&nbsp;vivre dans les&nbsp;limbes&nbsp;:&nbsp;Exp\u00e9riences&nbsp;v\u00e9cues&nbsp;de&nbsp;l&#8217;inclusion&nbsp;sociale&nbsp;des immigrants&nbsp;\u00e2g\u00e9s&nbsp;parlant&nbsp;mandarin \u00e0 Montr\u00e9al, Canada.&nbsp;<em>Travail&nbsp;Social :Revue&nbsp;Francophone et&nbsp;Internationale<\/em>&nbsp;<\/p>\n\n\n\n<p class=\"\">Sidani, S., Northwood, M., Sethi, B., Zhuang, Z. C., &amp; Edhi, K. (2022). Social isolation and loneliness in older immigrants during COVID-19: a scoping review.\u202f<em>International Journal of Migration, Health and Social Care<\/em>,\u202f<em>18<\/em>(2), 164\u2013178.&nbsp;<a href=\"https:\/\/doi.org\/10.1108\/IJMHSC-08-2021-0071\" target=\"_blank\" rel=\"noreferrer noopener\">https:\/\/doi.org\/10.1108\/IJMHSC-08-2021-0071<\/a>&nbsp;<\/p>\n\n\n\n<p class=\"\"><\/p>\n<\/div><\/div>","protected":false},"excerpt":{"rendered":"<p>Journal Articles Published (2022 &#8211; Present) Guruge, S., &amp;&nbsp;Sidani, S. (2025). Immigrant older adults\u2019 perceived acceptability of interventions for social isolation: A mixed methods study protocol.\u202fInternational Health Trends and Perspectives,\u202f5(3), 358\u2013367.&nbsp;https:\/\/doi.org\/10.32920\/ihtp.v5i3.2553&nbsp; Guruge, S., &amp;&nbsp;Sidani, S. (2025). An exploration of demographic, health, social, and environmental factors associated with loneliness among immigrant older adult: A cross-sectional study [&hellip;]<\/p>","protected":false},"author":7,"featured_media":0,"parent":0,"menu_order":0,"comment_status":"closed","ping_status":"closed","template":"","meta":{"nf_dc_page":"","sfsi_plus_gutenberg_text_before_share":"","sfsi_plus_gutenberg_show_text_before_share":"","sfsi_plus_gutenberg_icon_type":"","sfsi_plus_gutenberg_icon_alignemt":"","sfsi_plus_gutenburg_max_per_row":"","footnotes":"","_links_to":"","_links_to_target":""},"class_list":["post-4104","page","type-page","status-publish","hentry"],"_links":{"self":[{"href":"https:\/\/icoi.ca\/fr\/wp-json\/wp\/v2\/pages\/4104","targetHints":{"allow":["GET"]}}],"collection":[{"href":"https:\/\/icoi.ca\/fr\/wp-json\/wp\/v2\/pages"}],"about":[{"href":"https:\/\/icoi.ca\/fr\/wp-json\/wp\/v2\/types\/page"}],"author":[{"embeddable":true,"href":"https:\/\/icoi.ca\/fr\/wp-json\/wp\/v2\/users\/7"}],"replies":[{"embeddable":true,"href":"https:\/\/icoi.ca\/fr\/wp-json\/wp\/v2\/comments?post=4104"}],"version-history":[{"count":7,"href":"https:\/\/icoi.ca\/fr\/wp-json\/wp\/v2\/pages\/4104\/revisions"}],"predecessor-version":[{"id":4465,"href":"https:\/\/icoi.ca\/fr\/wp-json\/wp\/v2\/pages\/4104\/revisions\/4465"}],"wp:attachment":[{"href":"https:\/\/icoi.ca\/fr\/wp-json\/wp\/v2\/media?parent=4104"}],"curies":[{"name":"wp","href":"https:\/\/api.w.org\/{rel}","templated":true}]}}