{"id":4308,"date":"2026-03-19T20:19:59","date_gmt":"2026-03-19T20:19:59","guid":{"rendered":"https:\/\/icoi.ca\/?page_id=4308"},"modified":"2026-03-27T00:16:58","modified_gmt":"2026-03-27T00:16:58","slug":"year-5","status":"publish","type":"page","link":"https:\/\/icoi.ca\/fr\/year-5\/","title":{"rendered":"Ann\u00e9e 5"},"content":{"rendered":"<p class=\"\"><\/p>\n\n\n\n<h2 class=\"wp-block-heading\"><strong>Approbation du comit\u00e9 d'\u00e9thique de la recherche pour la phase 2&nbsp;<\/strong><\/h2>\n\n\n\n<p class=\"\">En janvier 2025, nous avons re\u00e7u l'approbation pour la Phase 2 du projet ICOI du Comit\u00e9 d'\u00e9thique de la recherche de l'Universit\u00e9 m\u00e9tropolitaine de Toronto. Nous attendons actuellement l'approbation \u00e9thique de trois autres institutions universitaires partenaires. Une fois toutes les approbations obtenues, nous lancerons des sessions de formation virtuelles pour nos assistants de recherche, qui soutiendront le recrutement des participants et la collecte des donn\u00e9es.<\/p>\n\n\n\n<h2 class=\"wp-block-heading\"><strong>5e Sommet ICOI&nbsp;<\/strong><\/h2>\n\n\n\n<p class=\"\">Le Sommet ICOI 2025 a eu lieu du 27 au 28 mars \u00e0 l'Institut universitaire SHERPA \u00e0 Montr\u00e9al, Qu\u00e9bec. Pour commencer, les membres de l'\u00e9quipe se sont r\u00e9unis pour un d\u00eener de bienvenue le soir du 26 mars, donnant le ton pour un sommet productif et collaboratif. Cet \u00e9v\u00e9nement de deux jours a rassembl\u00e9 les membres de la communaut\u00e9 et de l'\u00e9quipe acad\u00e9mique, tant en personne que virtuellement, pour partager les mises \u00e0 jour, r\u00e9fl\u00e9chir aux progr\u00e8s r\u00e9alis\u00e9s et planifier les prochaines \u00e9tapes du projet.<\/p>\n\n\n\n<p class=\"\">Nous adressons nos sinc\u00e8res remerciements \u00e0 la professeure Jill Hanley, responsable du site du Qu\u00e9bec et responsable du volet Inclusion sociale, pour son leadership et son soutien dans l'organisation du sommet \u00e0 Montr\u00e9al.<\/p>\n\n\n\n<p class=\"\">Le sommet a \u00e9t\u00e9 un succ\u00e8s retentissant. Les moments forts comprenaient la pr\u00e9sentation des principaux r\u00e9sultats de la Phase 1 du projet ICOI, des s\u00e9ances de planification collaborative pour les analyses de donn\u00e9es et les publications \u00e0 venir, ainsi que des discussions approfondies sur la prochaine phase des interventions.L'\u00e9v\u00e9nement a \u00e9galement cr\u00e9\u00e9 un espace pour les contributions pr\u00e9cieuses des assistants de recherche, des \u00e9tudiants et des partenaires communautaires locaux, dont les id\u00e9es ont enrichi les conversations et renforc\u00e9 notre engagement commun envers les objectifs du projet.<\/p>\n\n\n\n<div class=\"wp-block-group\"><div class=\"wp-block-group__inner-container is-layout-constrained wp-block-group-is-layout-constrained\">\n<div class=\"wp-block-columns is-layout-flex wp-container-core-columns-is-layout-9d6595d7 wp-block-columns-is-layout-flex\">\n<div class=\"wp-block-column is-layout-flow wp-block-column-is-layout-flow\">\n<figure class=\"wp-block-image size-large\"><img decoding=\"async\" width=\"765\" height=\"1024\" loading=\"lazy\" src=\"https:\/\/icoi.ca\/wp-content\/uploads\/2026\/03\/Screen-Shot-2025-04-15-at-12.16.10-PM-edited-765x1024.webp\" alt=\"\" class=\"wp-image-4405\" srcset=\"https:\/\/icoi.ca\/wp-content\/uploads\/2026\/03\/Screen-Shot-2025-04-15-at-12.16.10-PM-edited-765x1024.webp 765w, https:\/\/icoi.ca\/wp-content\/uploads\/2026\/03\/Screen-Shot-2025-04-15-at-12.16.10-PM-edited-224x300.webp 224w, https:\/\/icoi.ca\/wp-content\/uploads\/2026\/03\/Screen-Shot-2025-04-15-at-12.16.10-PM-edited-768x1028.webp 768w, https:\/\/icoi.ca\/wp-content\/uploads\/2026\/03\/Screen-Shot-2025-04-15-at-12.16.10-PM-edited-9x12.webp 9w, https:\/\/icoi.ca\/wp-content\/uploads\/2026\/03\/Screen-Shot-2025-04-15-at-12.16.10-PM-edited.webp 958w\" sizes=\"auto, (max-width: 765px) 100vw, 765px\" \/><\/figure>\n<\/div>\n\n\n\n<div class=\"wp-block-column is-layout-flow wp-block-column-is-layout-flow\">\n<figure class=\"wp-block-image size-large\"><img decoding=\"async\" width=\"1024\" height=\"764\" loading=\"lazy\" src=\"https:\/\/icoi.ca\/wp-content\/uploads\/2020\/12\/Screen-Shot-2025-04-15-at-12.15.45-PM-1024x764.webp\" alt=\"\" class=\"wp-image-4397\" style=\"aspect-ratio:3\/4;object-fit:cover\" srcset=\"https:\/\/icoi.ca\/wp-content\/uploads\/2020\/12\/Screen-Shot-2025-04-15-at-12.15.45-PM-1024x764.webp 1024w, https:\/\/icoi.ca\/wp-content\/uploads\/2020\/12\/Screen-Shot-2025-04-15-at-12.15.45-PM-300x224.webp 300w, https:\/\/icoi.ca\/wp-content\/uploads\/2020\/12\/Screen-Shot-2025-04-15-at-12.15.45-PM-768x573.webp 768w, https:\/\/icoi.ca\/wp-content\/uploads\/2020\/12\/Screen-Shot-2025-04-15-at-12.15.45-PM-1536x1146.webp 1536w, https:\/\/icoi.ca\/wp-content\/uploads\/2020\/12\/Screen-Shot-2025-04-15-at-12.15.45-PM-2048x1528.webp 2048w, https:\/\/icoi.ca\/wp-content\/uploads\/2020\/12\/Screen-Shot-2025-04-15-at-12.15.45-PM-16x12.webp 16w, https:\/\/icoi.ca\/wp-content\/uploads\/2020\/12\/Screen-Shot-2025-04-15-at-12.15.45-PM-1200x895.webp 1200w, https:\/\/icoi.ca\/wp-content\/uploads\/2020\/12\/Screen-Shot-2025-04-15-at-12.15.45-PM-1980x1477.webp 1980w\" sizes=\"auto, (max-width: 1024px) 100vw, 1024px\" \/><\/figure>\n<\/div>\n\n\n\n<div class=\"wp-block-column is-layout-flow wp-block-column-is-layout-flow\">\n<figure class=\"wp-block-image size-large\"><img decoding=\"async\" width=\"1024\" height=\"769\" loading=\"lazy\" src=\"https:\/\/icoi.ca\/wp-content\/uploads\/2020\/12\/Screen-Shot-2025-04-15-at-12.15.33-PM-1024x769.webp\" alt=\"\" class=\"wp-image-4395\" style=\"aspect-ratio:3\/4;object-fit:cover\" srcset=\"https:\/\/icoi.ca\/wp-content\/uploads\/2020\/12\/Screen-Shot-2025-04-15-at-12.15.33-PM-1024x769.webp 1024w, https:\/\/icoi.ca\/wp-content\/uploads\/2020\/12\/Screen-Shot-2025-04-15-at-12.15.33-PM-300x225.webp 300w, https:\/\/icoi.ca\/wp-content\/uploads\/2020\/12\/Screen-Shot-2025-04-15-at-12.15.33-PM-768x577.webp 768w, https:\/\/icoi.ca\/wp-content\/uploads\/2020\/12\/Screen-Shot-2025-04-15-at-12.15.33-PM-1536x1154.webp 1536w, https:\/\/icoi.ca\/wp-content\/uploads\/2020\/12\/Screen-Shot-2025-04-15-at-12.15.33-PM-2048x1538.webp 2048w, https:\/\/icoi.ca\/wp-content\/uploads\/2020\/12\/Screen-Shot-2025-04-15-at-12.15.33-PM-16x12.webp 16w, https:\/\/icoi.ca\/wp-content\/uploads\/2020\/12\/Screen-Shot-2025-04-15-at-12.15.33-PM-1200x901.webp 1200w, https:\/\/icoi.ca\/wp-content\/uploads\/2020\/12\/Screen-Shot-2025-04-15-at-12.15.33-PM-1980x1487.webp 1980w\" sizes=\"auto, (max-width: 1024px) 100vw, 1024px\" \/><\/figure>\n<\/div>\n<\/div>\n<\/div><\/div>\n\n\n\n<h2 class=\"wp-block-heading\">Collecte de donn\u00e9es par observation participante<\/h2>\n\n\n\n<p class=\"\">l'approbation du Comit\u00e9 d'\u00e9thique de la recherche de la TMU pour proc\u00e9der aux activit\u00e9s d'observation participante. \u00c0 la fin d'ao\u00fbt 2024, nous avions \u00e9galement obtenu l'approbation des Comit\u00e9s d'\u00e9thique de la recherche de tous nos \u00e9tablissements partenaires acad\u00e9miques. Apr\u00e8s l'approbation des Comit\u00e9s d'\u00e9thique de la recherche, nous avons organis\u00e9 des s\u00e9ances de formation virtuelle toutes les deux semaines pour les assistants de recherche impliqu\u00e9s dans le recrutement des participants et la collecte de donn\u00e9es. Les s\u00e9ances de formation virtuelle \u00e9taient anim\u00e9es par les professeurs Oona St-Amant et Sepali Guruge afin d'apprendre comment mener des observations participantes. Ces s\u00e9ances ont eu lieu d'ao\u00fbt jusqu'\u00e0 l'ach\u00e8vement de la collecte de donn\u00e9es par observation participante en novembre. Les s\u00e9ances de formation ont \u00e9t\u00e9 enregistr\u00e9es et mises \u00e0 la disposition des assistants de recherche pour r\u00e9f\u00e9rence future. Nous avons termin\u00e9 cette phase de collecte de donn\u00e9es en novembre 2024. Le nombre d'observations participantes r\u00e9alis\u00e9es dans chaque ville est illustr\u00e9 dans le tableau ci-dessous.<\/p>\n\n\n\n<figure class=\"wp-block-image size-large\"><img decoding=\"async\" width=\"902\" height=\"1178\" loading=\"lazy\" src=\"https:\/\/icoi.ca\/wp-content\/uploads\/2026\/03\/Screen-Shot-2026-03-23-at-11.00.06-AM-edited.png\" alt=\"\" class=\"wp-image-4434\" srcset=\"https:\/\/icoi.ca\/wp-content\/uploads\/2026\/03\/Screen-Shot-2026-03-23-at-11.00.06-AM-edited.png 902w, https:\/\/icoi.ca\/wp-content\/uploads\/2026\/03\/Screen-Shot-2026-03-23-at-11.00.06-AM-edited-230x300.png 230w, https:\/\/icoi.ca\/wp-content\/uploads\/2026\/03\/Screen-Shot-2026-03-23-at-11.00.06-AM-edited-784x1024.png 784w, https:\/\/icoi.ca\/wp-content\/uploads\/2026\/03\/Screen-Shot-2026-03-23-at-11.00.06-AM-edited-768x1003.png 768w, https:\/\/icoi.ca\/wp-content\/uploads\/2026\/03\/Screen-Shot-2026-03-23-at-11.00.06-AM-edited-9x12.png 9w\" sizes=\"auto, (max-width: 902px) 100vw, 902px\" \/><\/figure>","protected":false},"excerpt":{"rendered":"<p>Research Ethics Board Approval for Phase 2&nbsp; In January 2025, we received approval for Phase 2 of the ICOI project from the Toronto Metropolitan University Research Ethics Board. We are currently awaiting ethics approval from three additional academic partner institutions. Once all approvals are in place, we will initiate virtual training sessions for our research [&hellip;]<\/p>","protected":false},"author":7,"featured_media":0,"parent":0,"menu_order":0,"comment_status":"closed","ping_status":"closed","template":"","meta":{"nf_dc_page":"","sfsi_plus_gutenberg_text_before_share":"","sfsi_plus_gutenberg_show_text_before_share":"","sfsi_plus_gutenberg_icon_type":"","sfsi_plus_gutenberg_icon_alignemt":"","sfsi_plus_gutenburg_max_per_row":"","footnotes":"","_links_to":"","_links_to_target":""},"class_list":["post-4308","page","type-page","status-publish","hentry"],"_links":{"self":[{"href":"https:\/\/icoi.ca\/fr\/wp-json\/wp\/v2\/pages\/4308","targetHints":{"allow":["GET"]}}],"collection":[{"href":"https:\/\/icoi.ca\/fr\/wp-json\/wp\/v2\/pages"}],"about":[{"href":"https:\/\/icoi.ca\/fr\/wp-json\/wp\/v2\/types\/page"}],"author":[{"embeddable":true,"href":"https:\/\/icoi.ca\/fr\/wp-json\/wp\/v2\/users\/7"}],"replies":[{"embeddable":true,"href":"https:\/\/icoi.ca\/fr\/wp-json\/wp\/v2\/comments?post=4308"}],"version-history":[{"count":6,"href":"https:\/\/icoi.ca\/fr\/wp-json\/wp\/v2\/pages\/4308\/revisions"}],"predecessor-version":[{"id":4435,"href":"https:\/\/icoi.ca\/fr\/wp-json\/wp\/v2\/pages\/4308\/revisions\/4435"}],"wp:attachment":[{"href":"https:\/\/icoi.ca\/fr\/wp-json\/wp\/v2\/media?parent=4308"}],"curies":[{"name":"wp","href":"https:\/\/api.w.org\/{rel}","templated":true}]}}