{"id":4311,"date":"2026-03-19T20:21:36","date_gmt":"2026-03-19T20:21:36","guid":{"rendered":"https:\/\/icoi.ca\/?page_id=4311"},"modified":"2026-03-23T18:52:48","modified_gmt":"2026-03-23T18:52:48","slug":"year-4","status":"publish","type":"page","link":"https:\/\/icoi.ca\/fr\/year-4\/","title":{"rendered":"Ann\u00e9e 4"},"content":{"rendered":"<p class=\"\"><\/p>\n\n\n\n<h2 class=\"wp-block-heading\">Entretiens qualitatifs individuels<\/h2>\n\n\n\n<p class=\"\">Des aspects du Guide d'entrevue ont \u00e9t\u00e9 d\u00e9velopp\u00e9s avec l'\u00e9quipe enti\u00e8re lors du Sommet de l'ICOI et finalis\u00e9s par Sepali Guruge (directrice de projet) et Oona St-Amant (responsable provinciale de l'Ontario et responsable de l'ethnographie critique pour le projet). Les assistants de recherche (AR) ont \u00e9galement re\u00e7u une formation compl\u00e8te sur la conduite d'entrevues qualitatives. Ces sessions visaient \u00e0 doter les AR des comp\u00e9tences n\u00e9cessaires pour interagir efficacement avec les adultes immigr\u00e9s \u00e2g\u00e9s, en veillant \u00e0 ce que les entrevues soient men\u00e9es de mani\u00e8re \u00e9thique et culturellement sensible. La formation couvrait des sujets tels que l'\u00e9tablissement de relations de confiance avec les participants, la formulation de questions ouvertes, l'\u00e9coute active et la gestion de sujets sensibles. Cette formation \u00e9tait essentielle pour s'assurer que les AR \u00e9taient bien pr\u00e9par\u00e9s pour mener des entrevues de haute qualit\u00e9 et significatives et recueillir des donn\u00e9es riches et perspicaces pour le projet.&nbsp;<\/p>\n\n\n\n<p class=\"\">En collaboration avec nos partenaires communautaires, les assistants de recherche de l'ICOI sur diff\u00e9rents sites d'\u00e9tude ont r\u00e9alis\u00e9 des entrevues avec 207 personnes \u00e2g\u00e9es immigrantes. En juin 2024, nous avons organis\u00e9 des s\u00e9ances de formation Nvivo toutes les deux semaines pour cinq assistants de recherche, en veillant \u00e0 ce qu'au moins un assistant de chaque province soit impliqu\u00e9. Ces assistants de recherche sont actuellement engag\u00e9s dans le codage des donn\u00e9es des entrevues individuelles. Les s\u00e9ances, anim\u00e9es par un \u00e9tudiant au doctorat de l'Universit\u00e9 de Victoria, ont \u00e9t\u00e9 effectu\u00e9es via Zoom, enregistr\u00e9es et mises \u00e0 la disposition des stagiaires pour consultation ult\u00e9rieure.<\/p>\n\n\n\n<figure class=\"wp-block-image size-large\"><img decoding=\"async\" width=\"782\" height=\"1024\" loading=\"lazy\" src=\"https:\/\/icoi.ca\/wp-content\/uploads\/2020\/12\/Screen-Shot-2026-03-23-at-10.51.51-AM-782x1024.webp\" alt=\"\" class=\"wp-image-4409\" srcset=\"https:\/\/icoi.ca\/wp-content\/uploads\/2020\/12\/Screen-Shot-2026-03-23-at-10.51.51-AM-782x1024.webp 782w, https:\/\/icoi.ca\/wp-content\/uploads\/2020\/12\/Screen-Shot-2026-03-23-at-10.51.51-AM-229x300.webp 229w, https:\/\/icoi.ca\/wp-content\/uploads\/2020\/12\/Screen-Shot-2026-03-23-at-10.51.51-AM-768x1006.webp 768w, https:\/\/icoi.ca\/wp-content\/uploads\/2020\/12\/Screen-Shot-2026-03-23-at-10.51.51-AM-9x12.webp 9w, https:\/\/icoi.ca\/wp-content\/uploads\/2020\/12\/Screen-Shot-2026-03-23-at-10.51.51-AM.webp 930w\" sizes=\"auto, (max-width: 782px) 100vw, 782px\" \/><\/figure>\n\n\n\n<h2 class=\"wp-block-heading\">Approbation du conseil d\u2019\u00e9thique de la recherche pour les observations des participants<\/h2>\n\n\n\n<p class=\"\">En mars 2024, nous avons obtenu l\u2019approbation du conseil d\u2019\u00e9thique de la recherche de la TMU pour r\u00e9aliser des activit\u00e9s d\u2019observation des participants. \u00c0 l\u2019avenir, nous nous concentrerons sur l\u2019obtention de l\u2019approbation du conseil d\u2019\u00e9thique de la recherche (CER) de nos institutions partenaires. Nous travaillerons en \u00e9troite collaboration avec les comit\u00e9s d\u2019\u00e9thique de nos institutions partenaires pour r\u00e9pondre \u00e0 toutes les exigences sp\u00e9cifiques ou ajustements qu\u2019ils pourraient demander. Une fois l\u2019approbation obtenue, nous proc\u00e9derons \u00e0 la formation de nos assistants de recherche, qui seront embauch\u00e9s pour participer au recrutement de participants et \u00e0 la collecte des donn\u00e9es d\u2019observation des participants.&nbsp;<br><\/p>","protected":false},"excerpt":{"rendered":"<p>Individual Qualitative Interviews Aspects of the Interview Guide were developed with the full team at the ICOI Summit and finalized by Sepali Guruge (Project Director) and Oona St-Amant (Ontario Provincial Lead and critical ethnography lead for the project). The research assistants (RAs) also received comprehensive training on conducting qualitative interviews. These sessions focused on equipping [&hellip;]<\/p>","protected":false},"author":7,"featured_media":0,"parent":0,"menu_order":0,"comment_status":"closed","ping_status":"closed","template":"","meta":{"nf_dc_page":"","sfsi_plus_gutenberg_text_before_share":"","sfsi_plus_gutenberg_show_text_before_share":"","sfsi_plus_gutenberg_icon_type":"","sfsi_plus_gutenberg_icon_alignemt":"","sfsi_plus_gutenburg_max_per_row":"","footnotes":"","_links_to":"","_links_to_target":""},"class_list":["post-4311","page","type-page","status-publish","hentry"],"_links":{"self":[{"href":"https:\/\/icoi.ca\/fr\/wp-json\/wp\/v2\/pages\/4311","targetHints":{"allow":["GET"]}}],"collection":[{"href":"https:\/\/icoi.ca\/fr\/wp-json\/wp\/v2\/pages"}],"about":[{"href":"https:\/\/icoi.ca\/fr\/wp-json\/wp\/v2\/types\/page"}],"author":[{"embeddable":true,"href":"https:\/\/icoi.ca\/fr\/wp-json\/wp\/v2\/users\/7"}],"replies":[{"embeddable":true,"href":"https:\/\/icoi.ca\/fr\/wp-json\/wp\/v2\/comments?post=4311"}],"version-history":[{"count":3,"href":"https:\/\/icoi.ca\/fr\/wp-json\/wp\/v2\/pages\/4311\/revisions"}],"predecessor-version":[{"id":4411,"href":"https:\/\/icoi.ca\/fr\/wp-json\/wp\/v2\/pages\/4311\/revisions\/4411"}],"wp:attachment":[{"href":"https:\/\/icoi.ca\/fr\/wp-json\/wp\/v2\/media?parent=4311"}],"curies":[{"name":"wp","href":"https:\/\/api.w.org\/{rel}","templated":true}]}}