{"id":673,"date":"2020-12-31T16:45:50","date_gmt":"2020-12-31T16:45:50","guid":{"rendered":"http:\/\/icoi-staging.avnnsolutions.com\/?page_id=673"},"modified":"2026-03-24T22:13:43","modified_gmt":"2026-03-24T22:13:43","slug":"activities","status":"publish","type":"page","link":"https:\/\/icoi.ca\/fr\/activities\/","title":{"rendered":"Activit\u00e9s"},"content":{"rendered":"<div class=\"wp-block-group\"><div class=\"wp-block-group__inner-container is-layout-constrained wp-block-group-is-layout-constrained\">\n<p class=\"\">The Inclusive Communities for Older Immigrants (ICOI) partnership is a multidisciplinary, multi-sector, multi-province project that has built sustainable connections to generate knowledge about social isolation and connectedness among older immigrants, support multidirectional knowledge exchange, and improve the lives of older immigrants.<\/p>\n\n\n\n<p class=\"\">The partnership is informed by complementary theoretical approaches and focuses on interconnected research streams of social, economic, political, and geo-spatial inclusion.<\/p>\n\n\n\n<p class=\"\">We are using critical ethnography and mixed methods to carry out the project in four phases:<\/p>\n\n\n\n<p class=\"\">1) D\u00e9terminer les facteurs sociaux, \u00e9conomiques et politiques essentiels qui contribuent \u00e0 l\u2019isolement social et \u00e0 la connexit\u00e9 sociale chez les immigrants \u00e2g\u00e9s;<br>2) Cerner et examiner les interventions utilis\u00e9es pour favoriser la connexit\u00e9 sociale;<br>3) co-design multi-level, multi-component interventions to promote social connectedness among older adults in three communities (Mandarin, Punjabi and Arabic-speaking immigrants) and build community capacity via implementation with community partners; and<br>4) \u00c9valuer la faisabilit\u00e9 et la fid\u00e9lit\u00e9 de la mise en \u0153uvre et de l\u2019efficacit\u00e9 des interventions.<\/p>\n\n\n\n<p class=\"\">In Phase 1, an extensive review of the literature was conducted and about 35 determinants of social isolation in older immigrants have been identified.<\/p>\n\n\n\n<p class=\"\">A survey among community partners and older immigrants to examine the relevance of these factors in the Canadian context have been conducted.<\/p>\n\n\n\n<p class=\"\">We are currently engaging in qualitative interviews with older immigrants to explore their perspectives on these factors.<\/p>\n\n\n\n<p class=\"\">For Phase 2, we are exploring social isolation and predictors of change, and we have already conducted a literature search and review to identify evidence-based interventions aimed at promoting social connectedness. We have already presented our preliminary results at two summits attended by academic and community partners and are in the process of disseminating our results in other formats such as academic articles, and presentations at conferences.<\/p>\n<\/div><\/div>\n\n\n\n<div class=\"section-one white-block wp-block-group alignfull\"><div class=\"wp-block-group__inner-container is-layout-flow wp-block-group-is-layout-flow\">\n<div class=\"wp-block-columns alignfull is-layout-flex wp-container-core-columns-is-layout-9d6595d7 wp-block-columns-is-layout-flex\">\n<div class=\"wp-block-column is-layout-flow wp-block-column-is-layout-flow\">\n<h3 class=\"wp-block-heading has-text-align-center\">Read more about these activities<\/h3>\n\n\n<div class=\"wp-block-image\">\n<figure class=\"aligncenter size-large\"><img decoding=\"async\" width=\"1024\" height=\"202\" loading=\"lazy\" src=\"https:\/\/icoi-staging.avnnsolutions.com\/wp-content\/uploads\/2021\/02\/activity-page-1024x202.png\" alt=\"\" class=\"wp-image-2859\" srcset=\"https:\/\/icoi.ca\/wp-content\/uploads\/2021\/02\/activity-page-1024x202.png 1024w, https:\/\/icoi.ca\/wp-content\/uploads\/2021\/02\/activity-page-300x59.png 300w, https:\/\/icoi.ca\/wp-content\/uploads\/2021\/02\/activity-page-768x152.png 768w, https:\/\/icoi.ca\/wp-content\/uploads\/2021\/02\/activity-page.png 1200w\" sizes=\"auto, (max-width: 1024px) 100vw, 1024px\" \/><\/figure>\n<\/div>\n\n\n<div class=\"wp-block-columns is-layout-flex wp-container-core-columns-is-layout-9d6595d7 wp-block-columns-is-layout-flex\">\n<div class=\"wp-block-column is-layout-flow wp-block-column-is-layout-flow\">\n<h2 class=\"wp-block-heading has-text-align-center\"><a href=\"https:\/\/icoi.ca\/fr\/year-1-activates\/\" data-type=\"link\" data-id=\"https:\/\/icoi.ca\/year-1-activates\/\">Ann\u00e9e 1<\/a><\/h2>\n<\/div>\n\n\n\n<div class=\"wp-block-column is-layout-flow wp-block-column-is-layout-flow\">\n<h2 class=\"wp-block-heading has-text-align-center\"><a href=\"https:\/\/icoi.ca\/fr\/year-2\/\" data-type=\"link\" data-id=\"https:\/\/icoi.ca\/year-2\/\">Ann\u00e9e 2<\/a><\/h2>\n<\/div>\n\n\n\n<div class=\"wp-block-column is-layout-flow wp-block-column-is-layout-flow\">\n<h2 class=\"wp-block-heading has-text-align-center\"><a href=\"https:\/\/icoi.ca\/fr\/year-3\/\" data-type=\"link\" data-id=\"https:\/\/icoi.ca\/year-3\/\">Ann\u00e9e 3<\/a><\/h2>\n<\/div>\n\n\n\n<div class=\"wp-block-column is-layout-flow wp-block-column-is-layout-flow\">\n<h2 class=\"wp-block-heading has-text-align-center\"><a href=\"https:\/\/icoi.ca\/fr\/year-4\/\" data-type=\"page\" data-id=\"4311\">Ann\u00e9e 4<\/a><\/h2>\n<\/div>\n\n\n\n<div class=\"wp-block-column is-layout-flow wp-block-column-is-layout-flow\">\n<h2 class=\"wp-block-heading has-text-align-center\"><a href=\"https:\/\/icoi.ca\/fr\/year-5\/\" data-type=\"page\" data-id=\"4308\">Ann\u00e9e 5<\/a><\/h2>\n<\/div>\n\n\n\n<div class=\"wp-block-column is-layout-flow wp-block-column-is-layout-flow\">\n<h2 class=\"wp-block-heading has-text-align-center\"><a href=\"https:\/\/icoi.ca\/fr\/year-6\/\" data-type=\"page\" data-id=\"4314\">Ann\u00e9e 6<\/a><\/h2>\n<\/div>\n<\/div>\n\n\n<\/div>\n<\/div>\n<\/div><\/div>","protected":false},"excerpt":{"rendered":"<p>The Inclusive Communities for Older Immigrants (ICOI) partnership is a multidisciplinary, multi-sector, multi-province project that has built sustainable connections to generate knowledge about social isolation and connectedness among older immigrants, support multidirectional knowledge exchange, and improve the lives of older immigrants. The partnership is informed by complementary theoretical approaches and focuses on interconnected research streams [&hellip;]<\/p>","protected":false},"author":1,"featured_media":0,"parent":0,"menu_order":0,"comment_status":"closed","ping_status":"closed","template":"","meta":{"nf_dc_page":"","sfsi_plus_gutenberg_text_before_share":"","sfsi_plus_gutenberg_show_text_before_share":"","sfsi_plus_gutenberg_icon_type":"","sfsi_plus_gutenberg_icon_alignemt":"","sfsi_plus_gutenburg_max_per_row":"","footnotes":"","_links_to":"","_links_to_target":""},"class_list":["post-673","page","type-page","status-publish","hentry"],"_links":{"self":[{"href":"https:\/\/icoi.ca\/fr\/wp-json\/wp\/v2\/pages\/673","targetHints":{"allow":["GET"]}}],"collection":[{"href":"https:\/\/icoi.ca\/fr\/wp-json\/wp\/v2\/pages"}],"about":[{"href":"https:\/\/icoi.ca\/fr\/wp-json\/wp\/v2\/types\/page"}],"author":[{"embeddable":true,"href":"https:\/\/icoi.ca\/fr\/wp-json\/wp\/v2\/users\/1"}],"replies":[{"embeddable":true,"href":"https:\/\/icoi.ca\/fr\/wp-json\/wp\/v2\/comments?post=673"}],"version-history":[{"count":16,"href":"https:\/\/icoi.ca\/fr\/wp-json\/wp\/v2\/pages\/673\/revisions"}],"predecessor-version":[{"id":4431,"href":"https:\/\/icoi.ca\/fr\/wp-json\/wp\/v2\/pages\/673\/revisions\/4431"}],"wp:attachment":[{"href":"https:\/\/icoi.ca\/fr\/wp-json\/wp\/v2\/media?parent=673"}],"curies":[{"name":"wp","href":"https:\/\/api.w.org\/{rel}","templated":true}]}}