{"id":677,"date":"2020-12-31T16:50:07","date_gmt":"2020-12-31T16:50:07","guid":{"rendered":"http:\/\/icoi-staging.avnnsolutions.com\/?page_id=677"},"modified":"2024-05-06T11:12:57","modified_gmt":"2024-05-06T11:12:57","slug":"community-and-university-prtners","status":"publish","type":"page","link":"https:\/\/icoi.ca\/fr\/community-and-university-prtners\/","title":{"rendered":"Partenaires communautaires et universitaires"},"content":{"rendered":"<div class=\"center-section wp-block-group alignfull\"><div class=\"wp-block-group__inner-container is-layout-flow wp-block-group-is-layout-flow\">\n<div class=\"wp-block-columns alignfull is-layout-flex wp-container-core-columns-is-layout-9d6595d7 wp-block-columns-is-layout-flex\">\n<div class=\"wp-block-column is-layout-flow wp-block-column-is-layout-flow\">\n<h2 class=\"wp-block-heading has-text-align-left\"><strong>Partenaires communautaires<\/strong><\/h2>\n\n\n\n<div class=\"wp-block-columns is-layout-flex wp-container-core-columns-is-layout-9d6595d7 wp-block-columns-is-layout-flex\">\n<div class=\"wp-block-column is-layout-flow wp-block-column-is-layout-flow\">\n<ul class=\"wp-block-list\"><li><a rel=\"noreferrer noopener\" href=\"http:\/\/www.apo-qc.org\/\" target=\"_blank\">Accueil-Parrainage Outaouais (APO)<\/a><\/li><li><a rel=\"noreferrer noopener\" href=\"https:\/\/www.acv-montreal.com\/\" target=\"_blank\">Action Centre-Ville<\/a>(ACV)<\/li><li><a rel=\"noreferrer noopener\" href=\"https:\/\/actiondignity.org\/\" target=\"_blank\">Action Dignity<\/a><\/li><li><a rel=\"noreferrer noopener\" href=\"http:\/\/www.london.ca\/residents\/Seniors\/Age-Friendly\/Pages\/default.aspx\" target=\"_blank\">Age Friendly London Network<\/a>(AFNL)<\/li><li><a rel=\"noreferrer noopener\" href=\"https:\/\/amalwomencenter.ca\/fr\/\" target=\"_blank\">Amal centre pour femmes<\/a><\/li><li><a rel=\"noreferrer noopener\" href=\"http:\/\/agir-outaouais.ca\/\" target=\"_blank\">Association des femmes immigrantes de l\u2019Outaouais<\/a>(AFIO)<\/li><li><a rel=\"noreferrer noopener\" href=\"http:\/\/www.assistcsc.org\/\" target=\"_blank\">ASSIST Community Services Centre<\/a><\/li><li><a rel=\"noreferrer noopener\" href=\"http:\/\/bmccentre.org\/\" target=\"_blank\">Brampton Multicultural Community Centre<\/a> (BMC)<\/li><li><a rel=\"noreferrer noopener\" href=\"https:\/\/cccsa.ca\/\" target=\"_blank\">Calgary Chinese Community Service Association<\/a><\/li><li><a rel=\"noreferrer noopener\" href=\"https:\/\/www.cceca.ca\/\" target=\"_blank\">Calgary Chinese Elderly Citizens\u2019 Association<\/a><\/li><li><a rel=\"noreferrer noopener\" href=\"https:\/\/www.bcli.org\/ccel\" target=\"_blank\">Canadian Centre for Elder Law<\/a><\/li><li><a rel=\"noreferrer noopener\" href=\"https:\/\/crhesi.uwo.ca\/\" target=\"_blank\">Centre for Research on Health Equity and Social Inclusion<\/a> (CRHESI)<\/li><li><a rel=\"noreferrer noopener\" href=\"https:\/\/www.calgary.ca\/SitePages\/cocis\/default.aspx\" target=\"_blank\">City of Calgary<\/a><\/li><li><a rel=\"noreferrer noopener\" href=\"https:\/\/cfso.care\/\" target=\"_blank\">Community Family Services of Ontario<\/a><\/li><li><a rel=\"noreferrer noopener\" href=\"http:\/\/cassa.on.ca\/\" target=\"_blank\">Council of Agencies Serving South Asians (CASSA)<\/a><\/li><li><a rel=\"noreferrer noopener\" href=\"https:\/\/www.dcrs.ca\/\" target=\"_blank\"><a rel=\"noreferrer noopener\" href=\"https:\/\/www.dcrs.ca\/\" target=\"_blank\">DIVERSEcity<\/a> Community Resources Society<\/a><\/li><li><a rel=\"noreferrer noopener\" href=\"http:\/\/www.edmontonseniorscentre.ca\/\" target=\"_blank\">Edmonton Seniors Centre<\/a> (ESC)<\/li><li><a rel=\"noreferrer noopener\" href=\"https:\/\/coahamilton.ca\/\" target=\"_blank\">Hamilton Council on Aging<\/a>(HCoA)<\/li><li><a rel=\"noreferrer noopener\" href=\"https:\/\/hongfook.ca\/\" target=\"_blank\">Hong Fook Mental Health Association<\/a><\/li><\/ul>\n<\/div>\n\n\n\n<div class=\"wp-block-column is-layout-flow wp-block-column-is-layout-flow\">\n<ul class=\"wp-block-list\">\n<li class=\"\"><a href=\"https:\/\/www.immigrantservicescalgary.ca\/\" target=\"_blank\" rel=\"noreferrer noopener\">Immigrant Services Calgary<\/a><\/li>\n\n\n\n<li class=\"\"><a href=\"https:\/\/www.icavictoria.org\/\" target=\"_blank\" rel=\"noreferrer noopener\">Inter-cultural Association of Greater Victoria<\/a> (ICA)<\/li>\n\n\n\n<li class=\"\"><a href=\"https:\/\/www.facebook.com\/icswo\/\" target=\"_blank\" rel=\"noreferrer noopener\">Islamic Centre of Southwest Ontario<\/a>(ICSWO)<\/li>\n\n\n\n<li class=\"\"><a href=\"https:\/\/www.ifssa.ca\/\" target=\"_blank\" rel=\"noreferrer noopener\">Islamic Family &amp; Social Services Association<\/a> (IFSSA)<\/li>\n\n\n\n<li class=\"\"><a href=\"https:\/\/issbc.org\/\" target=\"_blank\" rel=\"noreferrer noopener\">Immigrant Services Society of BC<\/a> (ISSofBC)<\/li>\n\n\n\n<li class=\"\"><a href=\"https:\/\/www.petitsfreres.ca\/\" target=\"_blank\" rel=\"noreferrer noopener\">Les Petit Fr\u00e8res<\/a><\/li>\n\n\n\n<li class=\"\"><a href=\"https:\/\/lcclc.org\/\" target=\"_blank\" rel=\"noreferrer noopener\">London Cross Cultural Learner Centre<\/a>(CCLC)<\/li>\n\n\n\n<li class=\"\"><a href=\"https:\/\/www.mwsac.ca\/\" target=\"_blank\" rel=\"noreferrer noopener\">Mill Woods Seniors Association,<\/a> (MWSA)<\/li>\n\n\n\n<li class=\"\"><a href=\"https:\/\/www.mosaicbc.org\/\" target=\"_blank\" rel=\"noreferrer noopener\">MOSAIC<\/a><\/li>\n\n\n\n<li class=\"\"><a href=\"http:\/\/ndgscc.ca\/\" target=\"_blank\" rel=\"noreferrer noopener\">NDG Senior\u2019s Citizens\u2019 Council<\/a>(NDGSCC)<\/li>\n\n\n\n<li class=\"\"><a href=\"http:\/\/centrestantoine50plus.org\/\" target=\"_blank\" rel=\"noreferrer noopener\">Saint-Antoine 50+ Community Centre<\/a><\/li>\n\n\n\n<li class=\"\"><a href=\"https:\/\/www.toronto.ca\/city-government\/accountability-operations-customer-service\/city-administration\/staff-directory-divisions-and-customer-service\/seniors-services-long-term-care\/\" target=\"_blank\" rel=\"noreferrer noopener\">Senior Services, City of Toronto<\/a><\/li>\n\n\n\n<li class=\"\"><a href=\"https:\/\/sherpa-recherche.com\/\" target=\"_blank\" rel=\"noreferrer noopener\">SHERPA<\/a><\/li>\n\n\n\n<li class=\"\"><a href=\"https:\/\/skillsforchange.org\/\" target=\"_blank\" rel=\"noreferrer noopener\">Skills for Changes of Metro Toronto<\/a><\/li>\n\n\n\n<li class=\"\"><a href=\"https:\/\/www.srchc.ca\/\" target=\"_blank\" rel=\"noreferrer noopener\">South Riverdale Community Health Centre<\/a><\/li>\n\n\n\n<li class=\"\"><a href=\"https:\/\/www.successbc.ca\/eng\/\" target=\"_blank\" rel=\"noreferrer noopener\">S.U.C.C.E.S.S.<\/a><\/li>\n\n\n\n<li class=\"\"><a href=\"https:\/\/www.acctonline.ca\/\" target=\"_blank\" rel=\"noreferrer noopener\">The Arab Community Centre of Toronto<\/a> (ACCT)<\/li>\n\n\n\n<li class=\"\"><a href=\"http:\/\/tcaim.org\/\">Table de concertation des a\u00een\u00e9s de l&#8217;\u00eele de Montr\u00e9al TCA\u00ceM<\/a><\/li>\n\n\n\n<li class=\"\"><a href=\"https:\/\/wesley.ca\/\" target=\"_blank\" rel=\"noreferrer noopener\">Wesley Urban Ministries<\/a><\/li>\n<\/ul>\n<\/div>\n<\/div>\n<\/div>\n<\/div>\n<\/div><\/div>\n\n\n\n<div class=\"white-block wp-block-group alignfull\"><div class=\"wp-block-group__inner-container is-layout-flow wp-block-group-is-layout-flow\">\n<div class=\"wp-block-group alignfull\"><div class=\"wp-block-group__inner-container is-layout-flow wp-block-group-is-layout-flow\">\n<div class=\"wp-block-columns alignfull is-layout-flex wp-container-core-columns-is-layout-9d6595d7 wp-block-columns-is-layout-flex\">\n<div class=\"wp-block-column is-layout-flow wp-block-column-is-layout-flow\">\n<h2 class=\"wp-block-heading has-text-align-center\">Partenaires universitaires<\/h2>\n<\/div>\n<\/div>\n<\/div><\/div>\n\n\n\n<div class=\"wp-block-columns alignfull is-layout-flex wp-container-core-columns-is-layout-9d6595d7 wp-block-columns-is-layout-flex\">\n<div class=\"wp-block-column is-layout-flow wp-block-column-is-layout-flow\">\n<figure class=\"animated fadeInUp wp-block-image size-full\"><a href=\"https:\/\/www.torontomu.ca\/\" target=\"_blank\" rel=\"noreferrer noopener\"><img decoding=\"async\" width=\"560\" height=\"389\" loading=\"lazy\" src=\"https:\/\/icoi.ca\/wp-content\/uploads\/2024\/05\/toronto-metropolitan-university.png\" alt=\"\" class=\"wp-image-3875\" srcset=\"https:\/\/icoi.ca\/wp-content\/uploads\/2024\/05\/toronto-metropolitan-university.png 560w, https:\/\/icoi.ca\/wp-content\/uploads\/2024\/05\/toronto-metropolitan-university-300x208.png 300w, https:\/\/icoi.ca\/wp-content\/uploads\/2024\/05\/toronto-metropolitan-university-18x12.png 18w\" sizes=\"auto, (max-width: 560px) 100vw, 560px\" \/><\/a><\/figure>\n\n\n\n<p class=\"\"><\/p>\n<\/div>\n\n\n\n<div class=\"wp-block-column is-layout-flow wp-block-column-is-layout-flow\">\n<figure class=\"animated fadeInUp wp-block-image size-large\"><a href=\"https:\/\/uqam.ca\/\" target=\"_blank\" rel=\"noopener\"><img decoding=\"async\" width=\"560\" height=\"389\" loading=\"lazy\" src=\"https:\/\/icoi-staging.avnnsolutions.com\/wp-content\/uploads\/2021\/01\/uqam.png\" alt=\"\" class=\"wp-image-1373\" srcset=\"https:\/\/icoi.ca\/wp-content\/uploads\/2021\/01\/uqam.png 560w, https:\/\/icoi.ca\/wp-content\/uploads\/2021\/01\/uqam-300x208.png 300w\" sizes=\"auto, (max-width: 560px) 100vw, 560px\" \/><\/a><\/figure>\n\n\n\n<p class=\"\"><\/p>\n<\/div>\n\n\n\n<div class=\"wp-block-column is-layout-flow wp-block-column-is-layout-flow\">\n<figure class=\"animated fadeInUp wp-block-image size-full\"><a href=\"https:\/\/www.kpu.ca \" target=\"_blank\" rel=\"noopener\"><img decoding=\"async\" width=\"560\" height=\"389\" loading=\"lazy\" src=\"https:\/\/icoi.ca\/wp-content\/uploads\/2024\/05\/kwantlen-polytechnic-university.png\" alt=\"\" class=\"wp-image-3879\" srcset=\"https:\/\/icoi.ca\/wp-content\/uploads\/2024\/05\/kwantlen-polytechnic-university.png 560w, https:\/\/icoi.ca\/wp-content\/uploads\/2024\/05\/kwantlen-polytechnic-university-300x208.png 300w, https:\/\/icoi.ca\/wp-content\/uploads\/2024\/05\/kwantlen-polytechnic-university-18x12.png 18w\" sizes=\"auto, (max-width: 560px) 100vw, 560px\" \/><\/a><\/figure>\n<\/div>\n<\/div>\n\n\n\n<div class=\"wp-block-columns alignfull is-layout-flex wp-container-core-columns-is-layout-9d6595d7 wp-block-columns-is-layout-flex\">\n<div class=\"wp-block-column is-layout-flow wp-block-column-is-layout-flow\">\n<figure class=\"wp-block-image size-large\"><a href=\"https:\/\/www.uvic.ca\/\" target=\"_blank\" rel=\"noopener\"><img decoding=\"async\" width=\"560\" height=\"389\" loading=\"lazy\" src=\"https:\/\/icoi-staging.avnnsolutions.com\/wp-content\/uploads\/2021\/01\/uvic.png\" alt=\"\" class=\"wp-image-1376\" srcset=\"https:\/\/icoi.ca\/wp-content\/uploads\/2021\/01\/uvic.png 560w, https:\/\/icoi.ca\/wp-content\/uploads\/2021\/01\/uvic-300x208.png 300w\" sizes=\"auto, (max-width: 560px) 100vw, 560px\" \/><\/a><\/figure>\n<\/div>\n\n\n\n<div class=\"wp-block-column is-layout-flow wp-block-column-is-layout-flow\">\n<figure class=\"wp-block-image size-large\"><a href=\"https:\/\/www.macewan.ca\/wcm\/index.htm\" target=\"_blank\" rel=\"noopener\"><img decoding=\"async\" width=\"560\" height=\"389\" loading=\"lazy\" src=\"https:\/\/icoi-staging.avnnsolutions.com\/wp-content\/uploads\/2021\/01\/macewan.png\" alt=\"\" class=\"wp-image-1377\" srcset=\"https:\/\/icoi.ca\/wp-content\/uploads\/2021\/01\/macewan.png 560w, https:\/\/icoi.ca\/wp-content\/uploads\/2021\/01\/macewan-300x208.png 300w\" sizes=\"auto, (max-width: 560px) 100vw, 560px\" \/><\/a><\/figure>\n<\/div>\n\n\n\n<div class=\"wp-block-column is-layout-flow wp-block-column-is-layout-flow\">\n<figure class=\"wp-block-image size-large\"><a href=\"https:\/\/www.ucalgary.ca\/\" target=\"_blank\" rel=\"noopener\"><img decoding=\"async\" width=\"560\" height=\"389\" loading=\"lazy\" src=\"https:\/\/icoi-staging.avnnsolutions.com\/wp-content\/uploads\/2021\/01\/ucalgary.png\" alt=\"\" class=\"wp-image-1378\" srcset=\"https:\/\/icoi.ca\/wp-content\/uploads\/2021\/01\/ucalgary.png 560w, https:\/\/icoi.ca\/wp-content\/uploads\/2021\/01\/ucalgary-300x208.png 300w\" sizes=\"auto, (max-width: 560px) 100vw, 560px\" \/><\/a><\/figure>\n<\/div>\n<\/div>\n\n\n\n<div class=\"wp-block-columns alignfull is-layout-flex wp-container-core-columns-is-layout-9d6595d7 wp-block-columns-is-layout-flex\">\n<div class=\"wp-block-column is-layout-flow wp-block-column-is-layout-flow\">\n<figure class=\"wp-block-image size-full\"><a href=\"https:\/\/www.ubc.ca \" target=\"_blank\" rel=\"noopener\"><img decoding=\"async\" width=\"560\" height=\"389\" loading=\"lazy\" src=\"https:\/\/icoi.ca\/wp-content\/uploads\/2024\/05\/university-of-british-columbia.png\" alt=\"\" class=\"wp-image-3881\" srcset=\"https:\/\/icoi.ca\/wp-content\/uploads\/2024\/05\/university-of-british-columbia.png 560w, https:\/\/icoi.ca\/wp-content\/uploads\/2024\/05\/university-of-british-columbia-300x208.png 300w, https:\/\/icoi.ca\/wp-content\/uploads\/2024\/05\/university-of-british-columbia-18x12.png 18w\" sizes=\"auto, (max-width: 560px) 100vw, 560px\" \/><\/a><\/figure>\n<\/div>\n\n\n\n<div class=\"wp-block-column is-layout-flow wp-block-column-is-layout-flow\">\n<figure class=\"wp-block-image size-full\"><a href=\"https:\/\/www.ufv.ca\" target=\"_blank\" rel=\"noopener\"><img decoding=\"async\" width=\"560\" height=\"389\" loading=\"lazy\" src=\"https:\/\/icoi.ca\/wp-content\/uploads\/2024\/05\/university-of-fraser-valley.png\" alt=\"\" class=\"wp-image-3882\" srcset=\"https:\/\/icoi.ca\/wp-content\/uploads\/2024\/05\/university-of-fraser-valley.png 560w, https:\/\/icoi.ca\/wp-content\/uploads\/2024\/05\/university-of-fraser-valley-300x208.png 300w, https:\/\/icoi.ca\/wp-content\/uploads\/2024\/05\/university-of-fraser-valley-18x12.png 18w\" sizes=\"auto, (max-width: 560px) 100vw, 560px\" \/><\/a><\/figure>\n<\/div>\n\n\n\n<div class=\"wp-block-column is-layout-flow wp-block-column-is-layout-flow\">\n<figure class=\"wp-block-image size-full\"><a href=\"https:\/\/carleton.ca\" target=\"_blank\" rel=\"noopener\"><img decoding=\"async\" width=\"560\" height=\"389\" loading=\"lazy\" src=\"https:\/\/icoi.ca\/wp-content\/uploads\/2024\/05\/carleton-university.png\" alt=\"\" class=\"wp-image-3883\" srcset=\"https:\/\/icoi.ca\/wp-content\/uploads\/2024\/05\/carleton-university.png 560w, https:\/\/icoi.ca\/wp-content\/uploads\/2024\/05\/carleton-university-300x208.png 300w, https:\/\/icoi.ca\/wp-content\/uploads\/2024\/05\/carleton-university-18x12.png 18w\" sizes=\"auto, (max-width: 560px) 100vw, 560px\" \/><\/a><\/figure>\n<\/div>\n<\/div>\n\n\n\n<div class=\"wp-block-columns alignfull is-layout-flex wp-container-core-columns-is-layout-9d6595d7 wp-block-columns-is-layout-flex\">\n<div class=\"wp-block-column is-layout-flow wp-block-column-is-layout-flow\">\n<figure class=\"wp-block-image size-full\"><a href=\"https:\/\/www.uottawa.ca\/en\" target=\"_blank\" rel=\"noopener\"><img decoding=\"async\" width=\"560\" height=\"389\" loading=\"lazy\" src=\"https:\/\/icoi.ca\/wp-content\/uploads\/2024\/05\/university-of-ottawa-.png\" alt=\"\" class=\"wp-image-3885\" srcset=\"https:\/\/icoi.ca\/wp-content\/uploads\/2024\/05\/university-of-ottawa-.png 560w, https:\/\/icoi.ca\/wp-content\/uploads\/2024\/05\/university-of-ottawa--300x208.png 300w, https:\/\/icoi.ca\/wp-content\/uploads\/2024\/05\/university-of-ottawa--18x12.png 18w\" sizes=\"auto, (max-width: 560px) 100vw, 560px\" \/><\/a><\/figure>\n<\/div>\n\n\n\n<div class=\"wp-block-column is-layout-flow wp-block-column-is-layout-flow\">\n<figure class=\"wp-block-image size-full\"><a href=\"https:\/\/www.umontreal.ca\/en\/\" target=\"_blank\" rel=\"noopener\"><img decoding=\"async\" width=\"560\" height=\"389\" loading=\"lazy\" src=\"https:\/\/icoi.ca\/wp-content\/uploads\/2024\/05\/university-of-montreal.png\" alt=\"\" class=\"wp-image-3887\" srcset=\"https:\/\/icoi.ca\/wp-content\/uploads\/2024\/05\/university-of-montreal.png 560w, https:\/\/icoi.ca\/wp-content\/uploads\/2024\/05\/university-of-montreal-300x208.png 300w, https:\/\/icoi.ca\/wp-content\/uploads\/2024\/05\/university-of-montreal-18x12.png 18w\" sizes=\"auto, (max-width: 560px) 100vw, 560px\" \/><\/a><\/figure>\n<\/div>\n\n\n\n<div class=\"wp-block-column is-layout-flow wp-block-column-is-layout-flow\">\n<figure class=\"wp-block-image size-full\"><a href=\"https:\/\/www.trentu.ca\" target=\"_blank\" rel=\"noopener\"><img decoding=\"async\" width=\"560\" height=\"389\" loading=\"lazy\" src=\"https:\/\/icoi.ca\/wp-content\/uploads\/2024\/05\/trent-university.png\" alt=\"\" class=\"wp-image-3888\" srcset=\"https:\/\/icoi.ca\/wp-content\/uploads\/2024\/05\/trent-university.png 560w, https:\/\/icoi.ca\/wp-content\/uploads\/2024\/05\/trent-university-300x208.png 300w, https:\/\/icoi.ca\/wp-content\/uploads\/2024\/05\/trent-university-18x12.png 18w\" sizes=\"auto, (max-width: 560px) 100vw, 560px\" \/><\/a><\/figure>\n<\/div>\n<\/div>\n\n\n\n<div class=\"wp-block-columns alignfull is-layout-flex wp-container-core-columns-is-layout-9d6595d7 wp-block-columns-is-layout-flex\">\n<div class=\"wp-block-column is-layout-flow wp-block-column-is-layout-flow\">\n<figure class=\"wp-block-image size-full\"><a href=\"https:\/\/www.utoronto.ca\" target=\"_blank\" rel=\"noopener\"><img decoding=\"async\" width=\"560\" height=\"389\" loading=\"lazy\" src=\"https:\/\/icoi.ca\/wp-content\/uploads\/2024\/05\/university-of-toronto.png\" alt=\"\" class=\"wp-image-3890\" srcset=\"https:\/\/icoi.ca\/wp-content\/uploads\/2024\/05\/university-of-toronto.png 560w, https:\/\/icoi.ca\/wp-content\/uploads\/2024\/05\/university-of-toronto-300x208.png 300w, https:\/\/icoi.ca\/wp-content\/uploads\/2024\/05\/university-of-toronto-18x12.png 18w\" sizes=\"auto, (max-width: 560px) 100vw, 560px\" \/><\/a><\/figure>\n<\/div>\n\n\n\n<div class=\"wp-block-column is-layout-flow wp-block-column-is-layout-flow\">\n<figure class=\"wp-block-image size-full\"><a href=\"https:\/\/www.wlu.ca\" target=\"_blank\" rel=\"noopener\"><img decoding=\"async\" width=\"560\" height=\"389\" loading=\"lazy\" src=\"https:\/\/icoi.ca\/wp-content\/uploads\/2024\/05\/wilfrid-laurier-university.png\" alt=\"\" class=\"wp-image-3891\" srcset=\"https:\/\/icoi.ca\/wp-content\/uploads\/2024\/05\/wilfrid-laurier-university.png 560w, https:\/\/icoi.ca\/wp-content\/uploads\/2024\/05\/wilfrid-laurier-university-300x208.png 300w, https:\/\/icoi.ca\/wp-content\/uploads\/2024\/05\/wilfrid-laurier-university-18x12.png 18w\" sizes=\"auto, (max-width: 560px) 100vw, 560px\" \/><\/a><\/figure>\n<\/div>\n\n\n\n<div class=\"wp-block-column is-layout-flow wp-block-column-is-layout-flow\">\n<figure class=\"wp-block-image size-full\"><a href=\"https:\/\/www.mcmaster.ca\" target=\"_blank\" rel=\"noopener\"><img decoding=\"async\" width=\"560\" height=\"389\" loading=\"lazy\" src=\"https:\/\/icoi.ca\/wp-content\/uploads\/2024\/05\/McMaster-university.png\" alt=\"\" class=\"wp-image-3892\" srcset=\"https:\/\/icoi.ca\/wp-content\/uploads\/2024\/05\/McMaster-university.png 560w, https:\/\/icoi.ca\/wp-content\/uploads\/2024\/05\/McMaster-university-300x208.png 300w, https:\/\/icoi.ca\/wp-content\/uploads\/2024\/05\/McMaster-university-18x12.png 18w\" sizes=\"auto, (max-width: 560px) 100vw, 560px\" \/><\/a><\/figure>\n<\/div>\n<\/div>\n\n\n\n<div class=\"wp-block-columns alignfull is-layout-flex wp-container-core-columns-is-layout-9d6595d7 wp-block-columns-is-layout-flex\">\n<div class=\"wp-block-column is-layout-flow wp-block-column-is-layout-flow\">\n<figure class=\"wp-block-image size-full\"><a href=\"https:\/\/www.ualberta.ca\/index.html\" target=\"_blank\" rel=\"noopener\"><img decoding=\"async\" width=\"560\" height=\"389\" loading=\"lazy\" src=\"https:\/\/icoi.ca\/wp-content\/uploads\/2024\/05\/university-of-alberta.png\" alt=\"\" class=\"wp-image-3895\" srcset=\"https:\/\/icoi.ca\/wp-content\/uploads\/2024\/05\/university-of-alberta.png 560w, https:\/\/icoi.ca\/wp-content\/uploads\/2024\/05\/university-of-alberta-300x208.png 300w, https:\/\/icoi.ca\/wp-content\/uploads\/2024\/05\/university-of-alberta-18x12.png 18w\" sizes=\"auto, (max-width: 560px) 100vw, 560px\" \/><\/a><\/figure>\n<\/div>\n\n\n\n<div class=\"wp-block-column is-layout-flow wp-block-column-is-layout-flow\"><\/div>\n\n\n\n<div class=\"wp-block-column is-layout-flow wp-block-column-is-layout-flow\"><\/div>\n<\/div>\n<\/div><\/div>","protected":false},"excerpt":{"rendered":"<p>Community Partners Accueil-Parrainage Outaouais (APO) Action Centre-Ville(ACV) Action Dignity Age Friendly London Network(AFNL) Amal centre pour femmes Association des femmes immigrantes de l\u2019Outaouais(AFIO) ASSIST Community Services Centre Brampton Multicultural Community Centre (BMC) Calgary Chinese Community Service Association Calgary Chinese Elderly Citizens\u2019 Association Canadian Centre for Elder Law Centre for Research on Health Equity and Social [&hellip;]<\/p>","protected":false},"author":1,"featured_media":0,"parent":0,"menu_order":0,"comment_status":"closed","ping_status":"closed","template":"","meta":{"nf_dc_page":"","sfsi_plus_gutenberg_text_before_share":"","sfsi_plus_gutenberg_show_text_before_share":"","sfsi_plus_gutenberg_icon_type":"","sfsi_plus_gutenberg_icon_alignemt":"","sfsi_plus_gutenburg_max_per_row":"","footnotes":"","_links_to":"","_links_to_target":""},"class_list":["post-677","page","type-page","status-publish","hentry"],"_links":{"self":[{"href":"https:\/\/icoi.ca\/fr\/wp-json\/wp\/v2\/pages\/677","targetHints":{"allow":["GET"]}}],"collection":[{"href":"https:\/\/icoi.ca\/fr\/wp-json\/wp\/v2\/pages"}],"about":[{"href":"https:\/\/icoi.ca\/fr\/wp-json\/wp\/v2\/types\/page"}],"author":[{"embeddable":true,"href":"https:\/\/icoi.ca\/fr\/wp-json\/wp\/v2\/users\/1"}],"replies":[{"embeddable":true,"href":"https:\/\/icoi.ca\/fr\/wp-json\/wp\/v2\/comments?post=677"}],"version-history":[{"count":4,"href":"https:\/\/icoi.ca\/fr\/wp-json\/wp\/v2\/pages\/677\/revisions"}],"predecessor-version":[{"id":3896,"href":"https:\/\/icoi.ca\/fr\/wp-json\/wp\/v2\/pages\/677\/revisions\/3896"}],"wp:attachment":[{"href":"https:\/\/icoi.ca\/fr\/wp-json\/wp\/v2\/media?parent=677"}],"curies":[{"name":"wp","href":"https:\/\/api.w.org\/{rel}","templated":true}]}}