{"id":764,"date":"2020-12-31T21:27:18","date_gmt":"2020-12-31T21:27:18","guid":{"rendered":"http:\/\/icoi-staging.avnnsolutions.com\/?page_id=764"},"modified":"2026-03-23T01:20:17","modified_gmt":"2026-03-23T01:20:17","slug":"year-1-activates","status":"publish","type":"page","link":"https:\/\/icoi.ca\/fr\/year-1-activates\/","title":{"rendered":"Ann\u00e9e 1"},"content":{"rendered":"<div class=\"wp-block-columns is-layout-flex wp-container-core-columns-is-layout-9d6595d7 wp-block-columns-is-layout-flex\">\n<div class=\"wp-block-column is-layout-flow wp-block-column-is-layout-flow\">\n<h2 class=\"wp-block-heading\"><strong>Analyse documentaire<\/strong><\/h2>\n\n\n\n<p class=\"\">A comprehensive literature search was undertaken to identify works that examine factors associated with social isolation\/connectedness among older immigrants. A search of about 17 bibliographic databases (e.g., PSYCINFO, AGELINE), using multiple keywords for articles published between 2000 and 2020 that focused on quantitative or mixed methods results of studies that examined factors associated with social isolation in older immigrants was conducted.<\/p>\n\n\n\n<p class=\"\">The aim was to (1) generate a comprehensive list of individual, community, and societal factors, and (2) figure out whether they increase or decrease the risk of social isolation. The search resulted in 5,475 articles, of which 269 reported on quantitative or mixed methods studies. Of the 74 relevant studies, the majority were cross-sectional, survey-type research designs and were conducted in the US, Canada, and the UK. The target sample composition varied: in some studies, older immigrants from any country were included, whereas other studies included older immigrants from specific countries. A wide range of factors has been examined:<\/p>\n\n\n\n<p class=\"\">(1) Demographic characteristics (e.g. age, gender, education)<br>(2) Health profile (e.g. self-rated physical and mental health)<br>(3) Social or situational factors related to living arrangements, social network sizes, frequency of network contact, and<br> (4) Immigration-related factors (e.g. proficiency in the local language.<br> The results are being synthesized to determine which factors are most influential in increasing or decreasing the risk of social isolation.<\/p>\n<\/div>\n<\/div>\n\n\n\n<div class=\"wp-block-columns is-layout-flex wp-container-core-columns-is-layout-9d6595d7 wp-block-columns-is-layout-flex\">\n<div class=\"wp-block-column is-layout-flow wp-block-column-is-layout-flow\">\n<h2 class=\"wp-block-heading\"><strong>Synth\u00e8se interpr\u00e9tative critique<\/strong><\/h2>\n\n\n\n<p class=\"\">Chaque article a \u00e9t\u00e9 cod\u00e9 en fonction de ses caract\u00e9ristiques d'\u00e9chantillon, de son plan de recherche, des th\u00e9ories\/cadres utilis\u00e9s et de la mani\u00e8re dont l'isolement social et\/ou la solitude \u00e9taient compris.<\/p>\n\n\n\n<p class=\"\">La cat\u00e9gorie la plus grande et la plus importante identifi\u00e9e \u00e9tait \u00ab Caract\u00e9ristiques et constructions influen\u00e7ant l'isolement social ou la solitude \u00bb. Toutes les cat\u00e9gories et les n\u0153uds qu'elles contenaient ont \u00e9t\u00e9 list\u00e9s et d\u00e9crits dans un manuel de codage, et les caract\u00e9ristiques de l'\u00e9chantillon ont \u00e9t\u00e9 r\u00e9sum\u00e9es dans une matrice de cadre. Le texte a souvent \u00e9t\u00e9 cod\u00e9 \u00e0 plusieurs n\u0153uds pour permettre l'exploration de relations possibles entre eux. Par exemple, pour explorer comment certaines des caract\u00e9ristiques d'\u00e9chantillon fr\u00e9quemment cod\u00e9es \u2014 comme le sexe, le pays d'origine ou le fait de vivre seul\/ensemble \u2014 sont corr\u00e9l\u00e9es avec les influences cl\u00e9s sur l'isolement social, telles que la d\u00e9pendance \u00e0 la famille, la construction de l'ethnicit\u00e9 et de la culture, la ma\u00eetrise et l'acquisition de la langue principale du destinataire, la sant\u00e9 mentale ou le transport.Ceci se divise en quelques grands th\u00e8mes, qui, ainsi que les liens entre eux, seront d\u00e9velopp\u00e9s comme des lignes d'argumentation dans le rapport final.<\/p>\n<\/div>\n<\/div>\n\n\n\n<div class=\"wp-block-columns is-layout-flex wp-container-core-columns-is-layout-9d6595d7 wp-block-columns-is-layout-flex\">\n<div class=\"wp-block-column is-layout-flow wp-block-column-is-layout-flow\">\n<h2 class=\"wp-block-heading\"><strong>Analyse des donn\u00e9es de l'\u00c9tude longitudinale canadienne sur le vieillissement<\/strong><\/h2>\n\n\n\n<p class=\"\">Le sous-comit\u00e9 COVID-19 de l\u2019ICOI a \u00e9t\u00e9 form\u00e9 \u00e0 la fin de 2020 pour examiner l\u2019impact de la pand\u00e9mie sur la vie des immigrants dans le contexte canadien. Travaillant en \u00e9troite collaboration avec le comit\u00e9 ex\u00e9cutif, ce sous-comit\u00e9 communiquera avec ses partenaires communautaires et ses agences sur les enjeux \u00e9mergents, les pratiques et les strat\u00e9gies pour travailler avec les adultes immigrants \u00e2g\u00e9s et leurs familles pendant la pand\u00e9mie.<\/p>\n<\/div>\n<\/div>\n\n\n\n<div class=\"wp-block-columns is-layout-flex wp-container-core-columns-is-layout-9d6595d7 wp-block-columns-is-layout-flex\">\n<div class=\"wp-block-column is-layout-flow wp-block-column-is-layout-flow\">\n<h2 class=\"wp-block-heading\"><strong>Sous-\u00e9tudes sur la COVID-19<\/strong><\/h2>\n\n\n\n<p class=\"\">Chaque article a \u00e9t\u00e9 cod\u00e9 en fonction de ses caract\u00e9ristiques d'\u00e9chantillon, de son plan de recherche, des th\u00e9ories\/cadres utilis\u00e9s et de la mani\u00e8re dont l'isolement social et\/ou la solitude \u00e9taient compris.<\/p>\n<\/div>\n<\/div>\n\n\n\n<div class=\"wp-block-columns is-layout-flex wp-container-core-columns-is-layout-9d6595d7 wp-block-columns-is-layout-flex\">\n<div class=\"wp-block-column is-layout-flow wp-block-column-is-layout-flow\">\n<h2 class=\"wp-block-heading\"><strong>Collecte de donn\u00e9es<\/strong><\/h2>\n\n\n\n<p class=\"\">La collecte de donn\u00e9es quantitatives de la phase 1 a \u00e9t\u00e9 compl\u00e9t\u00e9e.<\/p>\n<\/div>\n<\/div>\n\n\n\n<p class=\"\"><\/p>","protected":false},"excerpt":{"rendered":"<p>Literature Review A comprehensive literature search was undertaken to identify works that examine factors associated with social isolation\/connectedness among older immigrants. A search of about 17 bibliographic databases (e.g., PSYCINFO, AGELINE), using multiple keywords for articles published between 2000 and 2020 that focused on quantitative or mixed methods results of studies that examined factors associated [&hellip;]<\/p>","protected":false},"author":1,"featured_media":0,"parent":0,"menu_order":0,"comment_status":"closed","ping_status":"closed","template":"","meta":{"nf_dc_page":"","sfsi_plus_gutenberg_text_before_share":"","sfsi_plus_gutenberg_show_text_before_share":"","sfsi_plus_gutenberg_icon_type":"","sfsi_plus_gutenberg_icon_alignemt":"","sfsi_plus_gutenburg_max_per_row":"","footnotes":"","_links_to":"","_links_to_target":""},"class_list":["post-764","page","type-page","status-publish","hentry"],"_links":{"self":[{"href":"https:\/\/icoi.ca\/fr\/wp-json\/wp\/v2\/pages\/764","targetHints":{"allow":["GET"]}}],"collection":[{"href":"https:\/\/icoi.ca\/fr\/wp-json\/wp\/v2\/pages"}],"about":[{"href":"https:\/\/icoi.ca\/fr\/wp-json\/wp\/v2\/types\/page"}],"author":[{"embeddable":true,"href":"https:\/\/icoi.ca\/fr\/wp-json\/wp\/v2\/users\/1"}],"replies":[{"embeddable":true,"href":"https:\/\/icoi.ca\/fr\/wp-json\/wp\/v2\/comments?post=764"}],"version-history":[{"count":9,"href":"https:\/\/icoi.ca\/fr\/wp-json\/wp\/v2\/pages\/764\/revisions"}],"predecessor-version":[{"id":4360,"href":"https:\/\/icoi.ca\/fr\/wp-json\/wp\/v2\/pages\/764\/revisions\/4360"}],"wp:attachment":[{"href":"https:\/\/icoi.ca\/fr\/wp-json\/wp\/v2\/media?parent=764"}],"curies":[{"name":"wp","href":"https:\/\/api.w.org\/{rel}","templated":true}]}}